{"id":6666,"date":"2025-05-13T20:50:28","date_gmt":"2025-05-13T18:50:28","guid":{"rendered":"https:\/\/deeva.website\/?post_type=product&#038;p=6666"},"modified":"2025-05-13T20:50:28","modified_gmt":"2025-05-13T18:50:28","slug":"calvin-klein-euphoria","status":"publish","type":"product","link":"https:\/\/deeva.website\/fr-tn\/produit\/calvin-klein-euphoria\/","title":{"rendered":"Calvin Klein Euphoria"},"content":{"rendered":"<p><strong>Euphoria 100ml <\/strong>de <em>Calvin Klein<\/em> est un\u00a0<strong>parfum identique \u00e0 l\u2019original<\/strong>, m\u00eame senteurs, packaging et flacon.<\/p>\n<p>C&#8217;est un eau de parfum Chypr\u00e9 Fruit\u00e9 pour femme.<\/p>\n<p>La note de t\u00eate est Cassis; la note de c\u0153ur est Orchid\u00e9e; la note de fond est Patchouli.<\/p>\n<p><img fetchpriority=\"high\" decoding=\"async\" class=\"alignnone size-medium wp-image-6671\" src=\"http:\/\/deeva.website\/wp-content\/uploads\/2025\/05\/Cklein3-292x300.png\" alt=\"\" width=\"292\" height=\"300\" srcset=\"https:\/\/deeva.website\/wp-content\/uploads\/2025\/05\/Cklein3-292x300.png 292w, https:\/\/deeva.website\/wp-content\/uploads\/2025\/05\/Cklein3-24x24.png 24w, https:\/\/deeva.website\/wp-content\/uploads\/2025\/05\/Cklein3-48x48.png 48w, https:\/\/deeva.website\/wp-content\/uploads\/2025\/05\/Cklein3.png 339w\" sizes=\"(max-width: 292px) 100vw, 292px\" \/> <img decoding=\"async\" class=\"alignnone size-medium wp-image-6667\" src=\"http:\/\/deeva.website\/wp-content\/uploads\/2025\/05\/Cklein1-300x267.png\" alt=\"\" width=\"300\" height=\"267\" srcset=\"https:\/\/deeva.website\/wp-content\/uploads\/2025\/05\/Cklein1-300x267.png 300w, https:\/\/deeva.website\/wp-content\/uploads\/2025\/05\/Cklein1.png 472w\" sizes=\"(max-width: 300px) 100vw, 300px\" \/><\/p>\n","protected":false},"excerpt":{"rendered":"<p><strong>Euphoria 100ml <\/strong>de <em>Calvin Klein<\/em> est un\u00a0<strong>parfum identique \u00e0 l\u2019original<\/strong>, m\u00eame senteurs, packaging et flacon.<\/p>\n<p>C&#8217;est un eau de parfum Chypr\u00e9 Fruit\u00e9 pour femme.<\/p>\n<p>La note de t\u00eate est Cassis; la note de c\u0153ur est Orchid\u00e9e; la note de fond est Patchouli.<\/p>\n<p><img fetchpriority=\"high\" decoding=\"async\" class=\"alignnone size-medium wp-image-6671\" src=\"http:\/\/deeva.website\/wp-content\/uploads\/2025\/05\/Cklein3-292x300.png\" alt=\"\" width=\"292\" height=\"300\" srcset=\"https:\/\/deeva.website\/wp-content\/uploads\/2025\/05\/Cklein3-292x300.png 292w, https:\/\/deeva.website\/wp-content\/uploads\/2025\/05\/Cklein3-24x24.png 24w, https:\/\/deeva.website\/wp-content\/uploads\/2025\/05\/Cklein3-48x48.png 48w, https:\/\/deeva.website\/wp-content\/uploads\/2025\/05\/Cklein3.png 339w\" sizes=\"(max-width: 292px) 100vw, 292px\" \/> <img decoding=\"async\" class=\"alignnone size-medium wp-image-6667\" src=\"http:\/\/deeva.website\/wp-content\/uploads\/2025\/05\/Cklein1-300x267.png\" alt=\"\" width=\"300\" height=\"267\" srcset=\"https:\/\/deeva.website\/wp-content\/uploads\/2025\/05\/Cklein1-300x267.png 300w, https:\/\/deeva.website\/wp-content\/uploads\/2025\/05\/Cklein1.png 472w\" sizes=\"(max-width: 300px) 100vw, 300px\" \/><\/p>\n","protected":false},"featured_media":6669,"comment_status":"open","ping_status":"closed","template":"","meta":[],"product_cat":[81],"product_tag":[],"_links":{"self":[{"href":"https:\/\/deeva.website\/fr-tn\/wp-json\/wp\/v2\/product\/6666"}],"collection":[{"href":"https:\/\/deeva.website\/fr-tn\/wp-json\/wp\/v2\/product"}],"about":[{"href":"https:\/\/deeva.website\/fr-tn\/wp-json\/wp\/v2\/types\/product"}],"replies":[{"embeddable":true,"href":"https:\/\/deeva.website\/fr-tn\/wp-json\/wp\/v2\/comments?post=6666"}],"version-history":[{"count":1,"href":"https:\/\/deeva.website\/fr-tn\/wp-json\/wp\/v2\/product\/6666\/revisions"}],"predecessor-version":[{"id":6673,"href":"https:\/\/deeva.website\/fr-tn\/wp-json\/wp\/v2\/product\/6666\/revisions\/6673"}],"wp:featuredmedia":[{"embeddable":true,"href":"https:\/\/deeva.website\/fr-tn\/wp-json\/wp\/v2\/media\/6669"}],"wp:attachment":[{"href":"https:\/\/deeva.website\/fr-tn\/wp-json\/wp\/v2\/media?parent=6666"}],"wp:term":[{"taxonomy":"product_cat","embeddable":true,"href":"https:\/\/deeva.website\/fr-tn\/wp-json\/wp\/v2\/product_cat?post=6666"},{"taxonomy":"product_tag","embeddable":true,"href":"https:\/\/deeva.website\/fr-tn\/wp-json\/wp\/v2\/product_tag?post=6666"}],"curies":[{"name":"wp","href":"https:\/\/api.w.org\/{rel}","templated":true}]}}