{"id":6658,"date":"2025-05-13T20:43:37","date_gmt":"2025-05-13T18:43:37","guid":{"rendered":"https:\/\/deeva.website\/?post_type=product&#038;p=6658"},"modified":"2025-05-13T20:43:37","modified_gmt":"2025-05-13T18:43:37","slug":"q-by-dolce-gabbana","status":"publish","type":"product","link":"https:\/\/deeva.website\/fr-tn\/produit\/q-by-dolce-gabbana\/","title":{"rendered":"Q by Dolce &#038; Gabbana"},"content":{"rendered":"<p><strong>Q by Dolce &amp; Gabbana Eau de Parfum Intense 100ml<\/strong> de <em>Dolce&amp;Gabbana<\/em> est un\u00a0<strong>parfum identique \u00e0 l\u2019original<\/strong>, m\u00eame senteurs, packaging et flacon.<\/p>\n<p>C&#8217;est un eau de parfum pour femme.<\/p>\n<p>Les notes de t\u00eate sont Citron de Sicile, Orange et Jasmin; les notes de c\u0153ur sont Cerise noire et H\u00e9liotrope; les notes de fond sont Ambre et Notes bois\u00e9es.<\/p>\n<p><img decoding=\"async\" class=\"alignnone size-medium wp-image-6661\" src=\"http:\/\/deeva.website\/wp-content\/uploads\/2025\/05\/g2-149x300.png\" alt=\"\" width=\"149\" height=\"300\" srcset=\"https:\/\/deeva.website\/wp-content\/uploads\/2025\/05\/g2-149x300.png 149w, https:\/\/deeva.website\/wp-content\/uploads\/2025\/05\/g2.png 242w\" sizes=\"(max-width: 149px) 100vw, 149px\" \/> <img fetchpriority=\"high\" decoding=\"async\" class=\"alignnone size-medium wp-image-6659\" src=\"http:\/\/deeva.website\/wp-content\/uploads\/2025\/05\/g1-285x300.png\" alt=\"\" width=\"285\" height=\"300\" srcset=\"https:\/\/deeva.website\/wp-content\/uploads\/2025\/05\/g1-285x300.png 285w, https:\/\/deeva.website\/wp-content\/uploads\/2025\/05\/g1-24x24.png 24w, https:\/\/deeva.website\/wp-content\/uploads\/2025\/05\/g1.png 353w\" sizes=\"(max-width: 285px) 100vw, 285px\" \/><\/p>\n","protected":false},"excerpt":{"rendered":"<p><strong>Q by Dolce &amp; Gabbana Eau de Parfum Intense 100ml<\/strong> de <em>Dolce&amp;Gabbana<\/em> est un\u00a0<strong>parfum identique \u00e0 l\u2019original<\/strong>, m\u00eame senteurs, packaging et flacon.<\/p>\n<p>C&#8217;est un eau de parfum pour femme.<\/p>\n<p>Les notes de t\u00eate sont Citron de Sicile, Orange et Jasmin; les notes de c\u0153ur sont Cerise noire et H\u00e9liotrope; les notes de fond sont Ambre et Notes bois\u00e9es.<\/p>\n<p><img decoding=\"async\" class=\"alignnone size-medium wp-image-6661\" src=\"http:\/\/deeva.website\/wp-content\/uploads\/2025\/05\/g2-149x300.png\" alt=\"\" width=\"149\" height=\"300\" srcset=\"https:\/\/deeva.website\/wp-content\/uploads\/2025\/05\/g2-149x300.png 149w, https:\/\/deeva.website\/wp-content\/uploads\/2025\/05\/g2.png 242w\" sizes=\"(max-width: 149px) 100vw, 149px\" \/> <img fetchpriority=\"high\" decoding=\"async\" class=\"alignnone size-medium wp-image-6659\" src=\"http:\/\/deeva.website\/wp-content\/uploads\/2025\/05\/g1-285x300.png\" alt=\"\" width=\"285\" height=\"300\" srcset=\"https:\/\/deeva.website\/wp-content\/uploads\/2025\/05\/g1-285x300.png 285w, https:\/\/deeva.website\/wp-content\/uploads\/2025\/05\/g1-24x24.png 24w, https:\/\/deeva.website\/wp-content\/uploads\/2025\/05\/g1.png 353w\" sizes=\"(max-width: 285px) 100vw, 285px\" \/><\/p>\n","protected":false},"featured_media":6663,"comment_status":"open","ping_status":"closed","template":"","meta":[],"product_cat":[81],"product_tag":[],"_links":{"self":[{"href":"https:\/\/deeva.website\/fr-tn\/wp-json\/wp\/v2\/product\/6658"}],"collection":[{"href":"https:\/\/deeva.website\/fr-tn\/wp-json\/wp\/v2\/product"}],"about":[{"href":"https:\/\/deeva.website\/fr-tn\/wp-json\/wp\/v2\/types\/product"}],"replies":[{"embeddable":true,"href":"https:\/\/deeva.website\/fr-tn\/wp-json\/wp\/v2\/comments?post=6658"}],"version-history":[{"count":1,"href":"https:\/\/deeva.website\/fr-tn\/wp-json\/wp\/v2\/product\/6658\/revisions"}],"predecessor-version":[{"id":6665,"href":"https:\/\/deeva.website\/fr-tn\/wp-json\/wp\/v2\/product\/6658\/revisions\/6665"}],"wp:featuredmedia":[{"embeddable":true,"href":"https:\/\/deeva.website\/fr-tn\/wp-json\/wp\/v2\/media\/6663"}],"wp:attachment":[{"href":"https:\/\/deeva.website\/fr-tn\/wp-json\/wp\/v2\/media?parent=6658"}],"wp:term":[{"taxonomy":"product_cat","embeddable":true,"href":"https:\/\/deeva.website\/fr-tn\/wp-json\/wp\/v2\/product_cat?post=6658"},{"taxonomy":"product_tag","embeddable":true,"href":"https:\/\/deeva.website\/fr-tn\/wp-json\/wp\/v2\/product_tag?post=6658"}],"curies":[{"name":"wp","href":"https:\/\/api.w.org\/{rel}","templated":true}]}}