{"id":6644,"date":"2025-05-13T20:30:32","date_gmt":"2025-05-13T18:30:32","guid":{"rendered":"https:\/\/deeva.website\/?post_type=product&#038;p=6644"},"modified":"2025-05-13T20:30:32","modified_gmt":"2025-05-13T18:30:32","slug":"dolcegabbana-light-blue-eau-intense-pour-homme","status":"publish","type":"product","link":"https:\/\/deeva.website\/fr-tn\/produit\/dolcegabbana-light-blue-eau-intense-pour-homme\/","title":{"rendered":"Dolce&#038;Gabbana Light Blue Eau Intense Pour Homme"},"content":{"rendered":"<p><strong>Light Blue Eau Intense Pour Homme 125ml<\/strong> de <em>Dolce&amp;Gabbana<\/em> est un\u00a0<strong>parfum identique \u00e0 l\u2019original<\/strong>, m\u00eame senteurs, packaging et flacon.<\/p>\n<p>C&#8217;est un eau de parfum Bois\u00e9 Aquatique pour homme.<\/p>\n<p>Les notes de t\u00eate sont Pamplemousse et Mandarine; les notes de c\u0153ur sont Eau de mer et Gen\u00e9vrier; les notes de fond sont Musc et Amberwood.<\/p>\n<p><img fetchpriority=\"high\" decoding=\"async\" class=\"alignnone size-medium wp-image-6645\" src=\"http:\/\/deeva.website\/wp-content\/uploads\/2025\/05\/light1-288x300.png\" alt=\"\" width=\"288\" height=\"300\" srcset=\"https:\/\/deeva.website\/wp-content\/uploads\/2025\/05\/light1-288x300.png 288w, https:\/\/deeva.website\/wp-content\/uploads\/2025\/05\/light1-24x24.png 24w, https:\/\/deeva.website\/wp-content\/uploads\/2025\/05\/light1.png 348w\" sizes=\"(max-width: 288px) 100vw, 288px\" \/> <img decoding=\"async\" class=\"alignnone size-medium wp-image-6649\" src=\"http:\/\/deeva.website\/wp-content\/uploads\/2025\/05\/light3-300x300.jpg\" alt=\"\" width=\"300\" height=\"300\" srcset=\"https:\/\/deeva.website\/wp-content\/uploads\/2025\/05\/light3-300x300.jpg 300w, https:\/\/deeva.website\/wp-content\/uploads\/2025\/05\/light3-150x150.jpg 150w, https:\/\/deeva.website\/wp-content\/uploads\/2025\/05\/light3-768x768.jpg 768w, https:\/\/deeva.website\/wp-content\/uploads\/2025\/05\/light3-400x400.jpg 400w, https:\/\/deeva.website\/wp-content\/uploads\/2025\/05\/light3-600x600.jpg 600w, https:\/\/deeva.website\/wp-content\/uploads\/2025\/05\/light3-100x100.jpg 100w, https:\/\/deeva.website\/wp-content\/uploads\/2025\/05\/light3-24x24.jpg 24w, https:\/\/deeva.website\/wp-content\/uploads\/2025\/05\/light3-48x48.jpg 48w, https:\/\/deeva.website\/wp-content\/uploads\/2025\/05\/light3-96x96.jpg 96w, https:\/\/deeva.website\/wp-content\/uploads\/2025\/05\/light3.jpg 900w\" sizes=\"(max-width: 300px) 100vw, 300px\" \/><\/p>\n","protected":false},"excerpt":{"rendered":"<p><strong>Light Blue Eau Intense Pour Homme 125ml<\/strong> de <em>Dolce&amp;Gabbana<\/em> est un\u00a0<strong>parfum identique \u00e0 l\u2019original<\/strong>, m\u00eame senteurs, packaging et flacon.<\/p>\n<p>C&#8217;est un eau de parfum Bois\u00e9 Aquatique pour homme.<\/p>\n<p>Les notes de t\u00eate sont Pamplemousse et Mandarine; les notes de c\u0153ur sont Eau de mer et Gen\u00e9vrier; les notes de fond sont Musc et Amberwood.<\/p>\n<p><img fetchpriority=\"high\" decoding=\"async\" class=\"alignnone size-medium wp-image-6645\" src=\"http:\/\/deeva.website\/wp-content\/uploads\/2025\/05\/light1-288x300.png\" alt=\"\" width=\"288\" height=\"300\" srcset=\"https:\/\/deeva.website\/wp-content\/uploads\/2025\/05\/light1-288x300.png 288w, https:\/\/deeva.website\/wp-content\/uploads\/2025\/05\/light1-24x24.png 24w, https:\/\/deeva.website\/wp-content\/uploads\/2025\/05\/light1.png 348w\" sizes=\"(max-width: 288px) 100vw, 288px\" \/> <img decoding=\"async\" class=\"alignnone size-medium wp-image-6649\" src=\"http:\/\/deeva.website\/wp-content\/uploads\/2025\/05\/light3-300x300.jpg\" alt=\"\" width=\"300\" height=\"300\" srcset=\"https:\/\/deeva.website\/wp-content\/uploads\/2025\/05\/light3-300x300.jpg 300w, https:\/\/deeva.website\/wp-content\/uploads\/2025\/05\/light3-150x150.jpg 150w, https:\/\/deeva.website\/wp-content\/uploads\/2025\/05\/light3-768x768.jpg 768w, https:\/\/deeva.website\/wp-content\/uploads\/2025\/05\/light3-400x400.jpg 400w, https:\/\/deeva.website\/wp-content\/uploads\/2025\/05\/light3-600x600.jpg 600w, https:\/\/deeva.website\/wp-content\/uploads\/2025\/05\/light3-100x100.jpg 100w, https:\/\/deeva.website\/wp-content\/uploads\/2025\/05\/light3-24x24.jpg 24w, https:\/\/deeva.website\/wp-content\/uploads\/2025\/05\/light3-48x48.jpg 48w, https:\/\/deeva.website\/wp-content\/uploads\/2025\/05\/light3-96x96.jpg 96w, https:\/\/deeva.website\/wp-content\/uploads\/2025\/05\/light3.jpg 900w\" sizes=\"(max-width: 300px) 100vw, 300px\" \/><\/p>\n","protected":false},"featured_media":6651,"comment_status":"open","ping_status":"closed","template":"","meta":[],"product_cat":[71],"product_tag":[],"_links":{"self":[{"href":"https:\/\/deeva.website\/fr-tn\/wp-json\/wp\/v2\/product\/6644"}],"collection":[{"href":"https:\/\/deeva.website\/fr-tn\/wp-json\/wp\/v2\/product"}],"about":[{"href":"https:\/\/deeva.website\/fr-tn\/wp-json\/wp\/v2\/types\/product"}],"replies":[{"embeddable":true,"href":"https:\/\/deeva.website\/fr-tn\/wp-json\/wp\/v2\/comments?post=6644"}],"version-history":[{"count":1,"href":"https:\/\/deeva.website\/fr-tn\/wp-json\/wp\/v2\/product\/6644\/revisions"}],"predecessor-version":[{"id":6653,"href":"https:\/\/deeva.website\/fr-tn\/wp-json\/wp\/v2\/product\/6644\/revisions\/6653"}],"wp:featuredmedia":[{"embeddable":true,"href":"https:\/\/deeva.website\/fr-tn\/wp-json\/wp\/v2\/media\/6651"}],"wp:attachment":[{"href":"https:\/\/deeva.website\/fr-tn\/wp-json\/wp\/v2\/media?parent=6644"}],"wp:term":[{"taxonomy":"product_cat","embeddable":true,"href":"https:\/\/deeva.website\/fr-tn\/wp-json\/wp\/v2\/product_cat?post=6644"},{"taxonomy":"product_tag","embeddable":true,"href":"https:\/\/deeva.website\/fr-tn\/wp-json\/wp\/v2\/product_tag?post=6644"}],"curies":[{"name":"wp","href":"https:\/\/api.w.org\/{rel}","templated":true}]}}