{"id":6623,"date":"2025-05-12T22:15:39","date_gmt":"2025-05-12T20:15:39","guid":{"rendered":"https:\/\/deeva.website\/?post_type=product&#038;p=6623"},"modified":"2025-05-12T22:15:40","modified_gmt":"2025-05-12T20:15:40","slug":"chanel-coco-eau-de-parfum","status":"publish","type":"product","link":"https:\/\/deeva.website\/fr-tn\/produit\/chanel-coco-eau-de-parfum\/","title":{"rendered":"Chanel Coco Eau de Parfum"},"content":{"rendered":"<p><strong>Coco Eau de Parfum 100ml<\/strong> de <em>Chanel<\/em> est un\u00a0<strong>parfum identique \u00e0 l\u2019original<\/strong>, m\u00eame senteurs, packaging et flacon.<\/p>\n<p>C&#8217;est un eau de parfum Orientale \u00c9pic\u00e9 pour femme.<\/p>\n<p>Les notes de t\u00eate sont Rose de Bulgarie, Coriandre, P\u00eache, Jasmin et Mandarine; les notes de c\u0153ur sont Clou de girofle, Rose, Fleur d&#8217;oranger, Mimosa et Tr\u00e8fle; les notes de fond sont Ambre, Bois de santal, F\u00e8ve de tonka, Opoponax, Civette, Vanille et Ciste.<\/p>\n<p><img fetchpriority=\"high\" decoding=\"async\" class=\"alignnone size-medium wp-image-6626\" src=\"http:\/\/deeva.website\/wp-content\/uploads\/2025\/05\/cocoChanel2-236x300.png\" alt=\"\" width=\"236\" height=\"300\" srcset=\"https:\/\/deeva.website\/wp-content\/uploads\/2025\/05\/cocoChanel2-236x300.png 236w, https:\/\/deeva.website\/wp-content\/uploads\/2025\/05\/cocoChanel2.png 321w\" sizes=\"(max-width: 236px) 100vw, 236px\" \/> <img decoding=\"async\" class=\"alignnone size-medium wp-image-6624\" src=\"http:\/\/deeva.website\/wp-content\/uploads\/2025\/05\/cocoChanel1-194x300.png\" alt=\"\" width=\"194\" height=\"300\" srcset=\"https:\/\/deeva.website\/wp-content\/uploads\/2025\/05\/cocoChanel1-194x300.png 194w, https:\/\/deeva.website\/wp-content\/uploads\/2025\/05\/cocoChanel1.png 280w\" sizes=\"(max-width: 194px) 100vw, 194px\" \/><\/p>\n","protected":false},"excerpt":{"rendered":"<p><strong>Coco Eau de Parfum 100ml<\/strong> de <em>Chanel<\/em> est un\u00a0<strong>parfum identique \u00e0 l\u2019original<\/strong>, m\u00eame senteurs, packaging et flacon.<\/p>\n<p>C&#8217;est un eau de parfum Orientale \u00c9pic\u00e9 pour femme.<\/p>\n<p>Les notes de t\u00eate sont Rose de Bulgarie, Coriandre, P\u00eache, Jasmin et Mandarine; les notes de c\u0153ur sont Clou de girofle, Rose, Fleur d&#8217;oranger, Mimosa et Tr\u00e8fle; les notes de fond sont Ambre, Bois de santal, F\u00e8ve de tonka, Opoponax, Civette, Vanille et Ciste.<\/p>\n<p><img fetchpriority=\"high\" decoding=\"async\" class=\"alignnone size-medium wp-image-6626\" src=\"http:\/\/deeva.website\/wp-content\/uploads\/2025\/05\/cocoChanel2-236x300.png\" alt=\"\" width=\"236\" height=\"300\" srcset=\"https:\/\/deeva.website\/wp-content\/uploads\/2025\/05\/cocoChanel2-236x300.png 236w, https:\/\/deeva.website\/wp-content\/uploads\/2025\/05\/cocoChanel2.png 321w\" sizes=\"(max-width: 236px) 100vw, 236px\" \/> <img decoding=\"async\" class=\"alignnone size-medium wp-image-6624\" src=\"http:\/\/deeva.website\/wp-content\/uploads\/2025\/05\/cocoChanel1-194x300.png\" alt=\"\" width=\"194\" height=\"300\" srcset=\"https:\/\/deeva.website\/wp-content\/uploads\/2025\/05\/cocoChanel1-194x300.png 194w, https:\/\/deeva.website\/wp-content\/uploads\/2025\/05\/cocoChanel1.png 280w\" sizes=\"(max-width: 194px) 100vw, 194px\" \/><\/p>\n","protected":false},"featured_media":6624,"comment_status":"open","ping_status":"closed","template":"","meta":[],"product_cat":[81],"product_tag":[],"_links":{"self":[{"href":"https:\/\/deeva.website\/fr-tn\/wp-json\/wp\/v2\/product\/6623"}],"collection":[{"href":"https:\/\/deeva.website\/fr-tn\/wp-json\/wp\/v2\/product"}],"about":[{"href":"https:\/\/deeva.website\/fr-tn\/wp-json\/wp\/v2\/types\/product"}],"replies":[{"embeddable":true,"href":"https:\/\/deeva.website\/fr-tn\/wp-json\/wp\/v2\/comments?post=6623"}],"version-history":[{"count":1,"href":"https:\/\/deeva.website\/fr-tn\/wp-json\/wp\/v2\/product\/6623\/revisions"}],"predecessor-version":[{"id":6628,"href":"https:\/\/deeva.website\/fr-tn\/wp-json\/wp\/v2\/product\/6623\/revisions\/6628"}],"wp:featuredmedia":[{"embeddable":true,"href":"https:\/\/deeva.website\/fr-tn\/wp-json\/wp\/v2\/media\/6624"}],"wp:attachment":[{"href":"https:\/\/deeva.website\/fr-tn\/wp-json\/wp\/v2\/media?parent=6623"}],"wp:term":[{"taxonomy":"product_cat","embeddable":true,"href":"https:\/\/deeva.website\/fr-tn\/wp-json\/wp\/v2\/product_cat?post=6623"},{"taxonomy":"product_tag","embeddable":true,"href":"https:\/\/deeva.website\/fr-tn\/wp-json\/wp\/v2\/product_tag?post=6623"}],"curies":[{"name":"wp","href":"https:\/\/api.w.org\/{rel}","templated":true}]}}