{"id":6560,"date":"2025-05-11T20:24:01","date_gmt":"2025-05-11T18:24:01","guid":{"rendered":"https:\/\/deeva.website\/?post_type=product&#038;p=6560"},"modified":"2025-05-11T20:24:02","modified_gmt":"2025-05-11T18:24:02","slug":"kaloo-lilirose","status":"publish","type":"product","link":"https:\/\/deeva.website\/fr-tn\/produit\/kaloo-lilirose\/","title":{"rendered":"KALOO LILIROSE"},"content":{"rendered":"<p><em>KALOO<\/em><strong> LILIROSE 100ml<\/strong> est un eau de senteur sans alcool et test\u00e9e cliniquement, elle respecte la s\u00e9curit\u00e9 de b\u00e9b\u00e9. Elle sert \u00e0 parfumer b\u00e9b\u00e9, sa chambre et ses v\u00eatements, mais aussi d\u00e9corer la chambre.<\/p>\n<p>Chaque parfum <em>Kaloo<\/em> est \u00e0 la fois un cadeau original, un jouet et une eau de senteur. Une fragrance fra\u00eeche et fleurie avec des d\u00e9licates notes de p\u00e9tales de rose pour les b\u00e9b\u00e9s et les petites filles de 3 mois \u00e0 6 ans.<\/p>\n<p><img fetchpriority=\"high\" decoding=\"async\" class=\"alignnone size-full wp-image-6563\" src=\"http:\/\/deeva.website\/wp-content\/uploads\/2025\/05\/kaloo.jpg\" alt=\"\" width=\"183\" height=\"275\" \/><\/p>\n","protected":false},"excerpt":{"rendered":"<p><em>KALOO<\/em><strong> LILIROSE 100ml<\/strong> est un eau de senteur sans alcool et test\u00e9e cliniquement, elle respecte la s\u00e9curit\u00e9 de b\u00e9b\u00e9. Elle sert \u00e0 parfumer b\u00e9b\u00e9, sa chambre et ses v\u00eatements, mais aussi d\u00e9corer la chambre.<\/p>\n<p>Chaque parfum <em>Kaloo<\/em> est \u00e0 la fois un cadeau original, un jouet et une eau de senteur. Une fragrance fra\u00eeche et fleurie avec des d\u00e9licates notes de p\u00e9tales de rose pour les b\u00e9b\u00e9s et les petites filles de 3 mois \u00e0 6 ans.<\/p>\n<p><img fetchpriority=\"high\" decoding=\"async\" class=\"alignnone size-full wp-image-6563\" src=\"http:\/\/deeva.website\/wp-content\/uploads\/2025\/05\/kaloo.jpg\" alt=\"\" width=\"183\" height=\"275\" \/><\/p>\n","protected":false},"featured_media":6561,"comment_status":"open","ping_status":"closed","template":"","meta":[],"product_cat":[121],"product_tag":[],"_links":{"self":[{"href":"https:\/\/deeva.website\/fr-tn\/wp-json\/wp\/v2\/product\/6560"}],"collection":[{"href":"https:\/\/deeva.website\/fr-tn\/wp-json\/wp\/v2\/product"}],"about":[{"href":"https:\/\/deeva.website\/fr-tn\/wp-json\/wp\/v2\/types\/product"}],"replies":[{"embeddable":true,"href":"https:\/\/deeva.website\/fr-tn\/wp-json\/wp\/v2\/comments?post=6560"}],"version-history":[{"count":1,"href":"https:\/\/deeva.website\/fr-tn\/wp-json\/wp\/v2\/product\/6560\/revisions"}],"predecessor-version":[{"id":6565,"href":"https:\/\/deeva.website\/fr-tn\/wp-json\/wp\/v2\/product\/6560\/revisions\/6565"}],"wp:featuredmedia":[{"embeddable":true,"href":"https:\/\/deeva.website\/fr-tn\/wp-json\/wp\/v2\/media\/6561"}],"wp:attachment":[{"href":"https:\/\/deeva.website\/fr-tn\/wp-json\/wp\/v2\/media?parent=6560"}],"wp:term":[{"taxonomy":"product_cat","embeddable":true,"href":"https:\/\/deeva.website\/fr-tn\/wp-json\/wp\/v2\/product_cat?post=6560"},{"taxonomy":"product_tag","embeddable":true,"href":"https:\/\/deeva.website\/fr-tn\/wp-json\/wp\/v2\/product_tag?post=6560"}],"curies":[{"name":"wp","href":"https:\/\/api.w.org\/{rel}","templated":true}]}}