{"id":6531,"date":"2025-05-04T22:41:53","date_gmt":"2025-05-04T20:41:53","guid":{"rendered":"https:\/\/deeva.website\/?post_type=product&#038;p=6531"},"modified":"2025-05-04T22:41:54","modified_gmt":"2025-05-04T20:41:54","slug":"gissah-one-and-only","status":"publish","type":"product","link":"https:\/\/deeva.website\/fr-tn\/produit\/gissah-one-and-only\/","title":{"rendered":"Gissah One and Only"},"content":{"rendered":"<p><strong>One and Only 100ml<\/strong> de <em>Gissah<\/em> est un eau de parfum Floral et Fruit\u00e9 pour femme.<\/p>\n<p>Notes de t\u00eate: Bergamote, fruit de la passion, p\u00eache. Notes de c\u0153ur: Caramel, g\u00e9ranium, jasmin. Notes de fond: Ambr\u00e9 gris, patchouli de Madagascar, musc blanc.<\/p>\n<p><img decoding=\"async\" class=\"alignnone size-medium wp-image-6538\" src=\"http:\/\/deeva.website\/wp-content\/uploads\/2025\/05\/gissah4-164x300.png\" alt=\"\" width=\"164\" height=\"300\" srcset=\"https:\/\/deeva.website\/wp-content\/uploads\/2025\/05\/gissah4-164x300.png 164w, https:\/\/deeva.website\/wp-content\/uploads\/2025\/05\/gissah4.png 245w\" sizes=\"(max-width: 164px) 100vw, 164px\" \/> <img fetchpriority=\"high\" decoding=\"async\" class=\"alignnone size-medium wp-image-6540\" src=\"http:\/\/deeva.website\/wp-content\/uploads\/2025\/05\/gissah6-297x300.png\" alt=\"\" width=\"297\" height=\"300\" srcset=\"https:\/\/deeva.website\/wp-content\/uploads\/2025\/05\/gissah6-297x300.png 297w, https:\/\/deeva.website\/wp-content\/uploads\/2025\/05\/gissah6-100x100.png 100w, https:\/\/deeva.website\/wp-content\/uploads\/2025\/05\/gissah6-24x24.png 24w, https:\/\/deeva.website\/wp-content\/uploads\/2025\/05\/gissah6-48x48.png 48w, https:\/\/deeva.website\/wp-content\/uploads\/2025\/05\/gissah6-96x96.png 96w, https:\/\/deeva.website\/wp-content\/uploads\/2025\/05\/gissah6.png 424w\" sizes=\"(max-width: 297px) 100vw, 297px\" \/><\/p>\n","protected":false},"excerpt":{"rendered":"<p><strong>One and Only 100ml<\/strong> de <em>Gissah<\/em> est un eau de parfum Floral et Fruit\u00e9 pour femme.<\/p>\n<p>Notes de t\u00eate: Bergamote, fruit de la passion, p\u00eache. Notes de c\u0153ur: Caramel, g\u00e9ranium, jasmin. Notes de fond: Ambr\u00e9 gris, patchouli de Madagascar, musc blanc.<\/p>\n<p><img decoding=\"async\" class=\"alignnone size-medium wp-image-6538\" src=\"http:\/\/deeva.website\/wp-content\/uploads\/2025\/05\/gissah4-164x300.png\" alt=\"\" width=\"164\" height=\"300\" srcset=\"https:\/\/deeva.website\/wp-content\/uploads\/2025\/05\/gissah4-164x300.png 164w, https:\/\/deeva.website\/wp-content\/uploads\/2025\/05\/gissah4.png 245w\" sizes=\"(max-width: 164px) 100vw, 164px\" \/> <img fetchpriority=\"high\" decoding=\"async\" class=\"alignnone size-medium wp-image-6540\" src=\"http:\/\/deeva.website\/wp-content\/uploads\/2025\/05\/gissah6-297x300.png\" alt=\"\" width=\"297\" height=\"300\" srcset=\"https:\/\/deeva.website\/wp-content\/uploads\/2025\/05\/gissah6-297x300.png 297w, https:\/\/deeva.website\/wp-content\/uploads\/2025\/05\/gissah6-100x100.png 100w, https:\/\/deeva.website\/wp-content\/uploads\/2025\/05\/gissah6-24x24.png 24w, https:\/\/deeva.website\/wp-content\/uploads\/2025\/05\/gissah6-48x48.png 48w, https:\/\/deeva.website\/wp-content\/uploads\/2025\/05\/gissah6-96x96.png 96w, https:\/\/deeva.website\/wp-content\/uploads\/2025\/05\/gissah6.png 424w\" sizes=\"(max-width: 297px) 100vw, 297px\" \/><\/p>\n","protected":false},"featured_media":6532,"comment_status":"open","ping_status":"closed","template":"","meta":[],"product_cat":[81],"product_tag":[],"_links":{"self":[{"href":"https:\/\/deeva.website\/fr-tn\/wp-json\/wp\/v2\/product\/6531"}],"collection":[{"href":"https:\/\/deeva.website\/fr-tn\/wp-json\/wp\/v2\/product"}],"about":[{"href":"https:\/\/deeva.website\/fr-tn\/wp-json\/wp\/v2\/types\/product"}],"replies":[{"embeddable":true,"href":"https:\/\/deeva.website\/fr-tn\/wp-json\/wp\/v2\/comments?post=6531"}],"version-history":[{"count":1,"href":"https:\/\/deeva.website\/fr-tn\/wp-json\/wp\/v2\/product\/6531\/revisions"}],"predecessor-version":[{"id":6542,"href":"https:\/\/deeva.website\/fr-tn\/wp-json\/wp\/v2\/product\/6531\/revisions\/6542"}],"wp:featuredmedia":[{"embeddable":true,"href":"https:\/\/deeva.website\/fr-tn\/wp-json\/wp\/v2\/media\/6532"}],"wp:attachment":[{"href":"https:\/\/deeva.website\/fr-tn\/wp-json\/wp\/v2\/media?parent=6531"}],"wp:term":[{"taxonomy":"product_cat","embeddable":true,"href":"https:\/\/deeva.website\/fr-tn\/wp-json\/wp\/v2\/product_cat?post=6531"},{"taxonomy":"product_tag","embeddable":true,"href":"https:\/\/deeva.website\/fr-tn\/wp-json\/wp\/v2\/product_tag?post=6531"}],"curies":[{"name":"wp","href":"https:\/\/api.w.org\/{rel}","templated":true}]}}