{"id":6513,"date":"2025-05-04T21:53:59","date_gmt":"2025-05-04T19:53:59","guid":{"rendered":"https:\/\/deeva.website\/?post_type=product&#038;p=6513"},"modified":"2025-05-04T21:53:59","modified_gmt":"2025-05-04T19:53:59","slug":"jean-paul-gaultier-so-scandal","status":"publish","type":"product","link":"https:\/\/deeva.website\/fr-tn\/produit\/jean-paul-gaultier-so-scandal\/","title":{"rendered":"Jean Paul Gaultier So Scandal"},"content":{"rendered":"<p><strong>So Scandal 80ml<\/strong>\u00a0de\u00a0<em>Jean Paul Gaultier<\/em>\u00a0est un\u00a0<strong>parfum identique \u00e0 l\u2019original<\/strong>, m\u00eame senteurs, packaging et flacon.<\/p>\n<p>C\u2019est un eau de \u00a0parfum Floral fruit\u00e9 pour femme.<\/p>\n<p>Les notes de t\u00eate tr\u00e8s lumineuse sont Framboise, Tub\u00e9reuse. La note de c\u0153ur tr\u00e8s odorant est Fleur d&#8217;Oranger. Les notes de fond tr\u00e8s charmant sont Lait chaud, Jasmin.<\/p>\n<p><img fetchpriority=\"high\" decoding=\"async\" class=\"alignnone size-medium wp-image-6518\" src=\"http:\/\/deeva.website\/wp-content\/uploads\/2025\/05\/SoScandal3-300x247.png\" alt=\"\" width=\"300\" height=\"247\" srcset=\"https:\/\/deeva.website\/wp-content\/uploads\/2025\/05\/SoScandal3-300x247.png 300w, https:\/\/deeva.website\/wp-content\/uploads\/2025\/05\/SoScandal3.png 388w\" sizes=\"(max-width: 300px) 100vw, 300px\" \/> <img decoding=\"async\" class=\"alignnone size-medium wp-image-6520\" src=\"http:\/\/deeva.website\/wp-content\/uploads\/2025\/05\/SoScandal4-155x300.png\" alt=\"\" width=\"155\" height=\"300\" srcset=\"https:\/\/deeva.website\/wp-content\/uploads\/2025\/05\/SoScandal4-155x300.png 155w, https:\/\/deeva.website\/wp-content\/uploads\/2025\/05\/SoScandal4.png 251w\" sizes=\"(max-width: 155px) 100vw, 155px\" \/><\/p>\n<p>&nbsp;<\/p>\n","protected":false},"excerpt":{"rendered":"<p><strong>So Scandal 80ml<\/strong>\u00a0de\u00a0<em>Jean Paul Gaultier<\/em>\u00a0est un\u00a0<strong>parfum identique \u00e0 l\u2019original<\/strong>, m\u00eame senteurs, packaging et flacon.<\/p>\n<p>C\u2019est un eau de \u00a0parfum Floral fruit\u00e9 pour femme.<\/p>\n<p>Les notes de t\u00eate tr\u00e8s lumineuse sont Framboise, Tub\u00e9reuse. La note de c\u0153ur tr\u00e8s odorant est Fleur d&#8217;Oranger. Les notes de fond tr\u00e8s charmant sont Lait chaud, Jasmin.<\/p>\n<p><img fetchpriority=\"high\" decoding=\"async\" class=\"alignnone size-medium wp-image-6518\" src=\"http:\/\/deeva.website\/wp-content\/uploads\/2025\/05\/SoScandal3-300x247.png\" alt=\"\" width=\"300\" height=\"247\" srcset=\"https:\/\/deeva.website\/wp-content\/uploads\/2025\/05\/SoScandal3-300x247.png 300w, https:\/\/deeva.website\/wp-content\/uploads\/2025\/05\/SoScandal3.png 388w\" sizes=\"(max-width: 300px) 100vw, 300px\" \/> <img decoding=\"async\" class=\"alignnone size-medium wp-image-6520\" src=\"http:\/\/deeva.website\/wp-content\/uploads\/2025\/05\/SoScandal4-155x300.png\" alt=\"\" width=\"155\" height=\"300\" srcset=\"https:\/\/deeva.website\/wp-content\/uploads\/2025\/05\/SoScandal4-155x300.png 155w, https:\/\/deeva.website\/wp-content\/uploads\/2025\/05\/SoScandal4.png 251w\" sizes=\"(max-width: 155px) 100vw, 155px\" \/><\/p>\n<p>&nbsp;<\/p>\n","protected":false},"featured_media":6514,"comment_status":"open","ping_status":"closed","template":"","meta":[],"product_cat":[81],"product_tag":[],"_links":{"self":[{"href":"https:\/\/deeva.website\/fr-tn\/wp-json\/wp\/v2\/product\/6513"}],"collection":[{"href":"https:\/\/deeva.website\/fr-tn\/wp-json\/wp\/v2\/product"}],"about":[{"href":"https:\/\/deeva.website\/fr-tn\/wp-json\/wp\/v2\/types\/product"}],"replies":[{"embeddable":true,"href":"https:\/\/deeva.website\/fr-tn\/wp-json\/wp\/v2\/comments?post=6513"}],"version-history":[{"count":1,"href":"https:\/\/deeva.website\/fr-tn\/wp-json\/wp\/v2\/product\/6513\/revisions"}],"predecessor-version":[{"id":6522,"href":"https:\/\/deeva.website\/fr-tn\/wp-json\/wp\/v2\/product\/6513\/revisions\/6522"}],"wp:featuredmedia":[{"embeddable":true,"href":"https:\/\/deeva.website\/fr-tn\/wp-json\/wp\/v2\/media\/6514"}],"wp:attachment":[{"href":"https:\/\/deeva.website\/fr-tn\/wp-json\/wp\/v2\/media?parent=6513"}],"wp:term":[{"taxonomy":"product_cat","embeddable":true,"href":"https:\/\/deeva.website\/fr-tn\/wp-json\/wp\/v2\/product_cat?post=6513"},{"taxonomy":"product_tag","embeddable":true,"href":"https:\/\/deeva.website\/fr-tn\/wp-json\/wp\/v2\/product_tag?post=6513"}],"curies":[{"name":"wp","href":"https:\/\/api.w.org\/{rel}","templated":true}]}}