{"id":6330,"date":"2025-05-02T22:28:15","date_gmt":"2025-05-02T20:28:15","guid":{"rendered":"https:\/\/deeva.website\/?post_type=product&#038;p=6330"},"modified":"2025-05-02T22:28:15","modified_gmt":"2025-05-02T20:28:15","slug":"prada-paradoxe","status":"publish","type":"product","link":"https:\/\/deeva.website\/fr-tn\/produit\/prada-paradoxe\/","title":{"rendered":"Prada Paradoxe"},"content":{"rendered":"<p><strong>Prada Paradoxe 90ml<\/strong> de<em> Prada<\/em> est <em>un\u00a0<strong>parfum identique \u00e0 l\u2019original<\/strong>, m\u00eame senteurs, packaging et flacon.<\/em><\/p>\n<p>C&#8217;est un eau de parfum Orientale Floral pour femme.<\/p>\n<p>Les notes de t\u00eate sont Poire, Tangerine et Bergamote; les notes de c\u0153ur sont Fleur d&#8217;oranger, Essence de n\u00e9roli, N\u00e9roli et Jasmin Sambac; les notes de fond sont Vanille bourbon, Ambre, Musc blanc et Benjoin.<\/p>\n<p><img fetchpriority=\"high\" decoding=\"async\" class=\"alignnone size-medium wp-image-6335\" src=\"http:\/\/deeva.website\/wp-content\/uploads\/2025\/05\/Paradoxe3-275x300.png\" alt=\"\" width=\"275\" height=\"300\" srcset=\"https:\/\/deeva.website\/wp-content\/uploads\/2025\/05\/Paradoxe3-275x300.png 275w, https:\/\/deeva.website\/wp-content\/uploads\/2025\/05\/Paradoxe3.png 370w\" sizes=\"(max-width: 275px) 100vw, 275px\" \/> <img decoding=\"async\" class=\"alignnone size-medium wp-image-6337\" src=\"http:\/\/deeva.website\/wp-content\/uploads\/2025\/05\/Paradoxe4-273x300.png\" alt=\"\" width=\"273\" height=\"300\" srcset=\"https:\/\/deeva.website\/wp-content\/uploads\/2025\/05\/Paradoxe4-273x300.png 273w, https:\/\/deeva.website\/wp-content\/uploads\/2025\/05\/Paradoxe4.png 349w\" sizes=\"(max-width: 273px) 100vw, 273px\" \/><\/p>\n<p>&nbsp;<\/p>\n","protected":false},"excerpt":{"rendered":"<p><strong>Prada Paradoxe 90ml<\/strong> de<em> Prada<\/em> est <em>un\u00a0<strong>parfum identique \u00e0 l\u2019original<\/strong>, m\u00eame senteurs, packaging et flacon.<\/em><\/p>\n<p>C&#8217;est un eau de parfum Orientale Floral pour femme.<\/p>\n<p>Les notes de t\u00eate sont Poire, Tangerine et Bergamote; les notes de c\u0153ur sont Fleur d&#8217;oranger, Essence de n\u00e9roli, N\u00e9roli et Jasmin Sambac; les notes de fond sont Vanille bourbon, Ambre, Musc blanc et Benjoin.<\/p>\n<p><img fetchpriority=\"high\" decoding=\"async\" class=\"alignnone size-medium wp-image-6335\" src=\"http:\/\/deeva.website\/wp-content\/uploads\/2025\/05\/Paradoxe3-275x300.png\" alt=\"\" width=\"275\" height=\"300\" srcset=\"https:\/\/deeva.website\/wp-content\/uploads\/2025\/05\/Paradoxe3-275x300.png 275w, https:\/\/deeva.website\/wp-content\/uploads\/2025\/05\/Paradoxe3.png 370w\" sizes=\"(max-width: 275px) 100vw, 275px\" \/> <img decoding=\"async\" class=\"alignnone size-medium wp-image-6337\" src=\"http:\/\/deeva.website\/wp-content\/uploads\/2025\/05\/Paradoxe4-273x300.png\" alt=\"\" width=\"273\" height=\"300\" srcset=\"https:\/\/deeva.website\/wp-content\/uploads\/2025\/05\/Paradoxe4-273x300.png 273w, https:\/\/deeva.website\/wp-content\/uploads\/2025\/05\/Paradoxe4.png 349w\" sizes=\"(max-width: 273px) 100vw, 273px\" \/><\/p>\n","protected":false},"featured_media":6333,"comment_status":"open","ping_status":"closed","template":"","meta":[],"product_cat":[81],"product_tag":[],"_links":{"self":[{"href":"https:\/\/deeva.website\/fr-tn\/wp-json\/wp\/v2\/product\/6330"}],"collection":[{"href":"https:\/\/deeva.website\/fr-tn\/wp-json\/wp\/v2\/product"}],"about":[{"href":"https:\/\/deeva.website\/fr-tn\/wp-json\/wp\/v2\/types\/product"}],"replies":[{"embeddable":true,"href":"https:\/\/deeva.website\/fr-tn\/wp-json\/wp\/v2\/comments?post=6330"}],"version-history":[{"count":1,"href":"https:\/\/deeva.website\/fr-tn\/wp-json\/wp\/v2\/product\/6330\/revisions"}],"predecessor-version":[{"id":6339,"href":"https:\/\/deeva.website\/fr-tn\/wp-json\/wp\/v2\/product\/6330\/revisions\/6339"}],"wp:featuredmedia":[{"embeddable":true,"href":"https:\/\/deeva.website\/fr-tn\/wp-json\/wp\/v2\/media\/6333"}],"wp:attachment":[{"href":"https:\/\/deeva.website\/fr-tn\/wp-json\/wp\/v2\/media?parent=6330"}],"wp:term":[{"taxonomy":"product_cat","embeddable":true,"href":"https:\/\/deeva.website\/fr-tn\/wp-json\/wp\/v2\/product_cat?post=6330"},{"taxonomy":"product_tag","embeddable":true,"href":"https:\/\/deeva.website\/fr-tn\/wp-json\/wp\/v2\/product_tag?post=6330"}],"curies":[{"name":"wp","href":"https:\/\/api.w.org\/{rel}","templated":true}]}}