{"id":6320,"date":"2025-05-02T22:17:27","date_gmt":"2025-05-02T20:17:27","guid":{"rendered":"https:\/\/deeva.website\/?post_type=product&#038;p=6320"},"modified":"2025-05-02T22:17:28","modified_gmt":"2025-05-02T20:17:28","slug":"chloe-nomade","status":"publish","type":"product","link":"https:\/\/deeva.website\/fr-tn\/produit\/chloe-nomade\/","title":{"rendered":"Chlo\u00e9 Nomade"},"content":{"rendered":"<p><strong>Nomade 75ml<\/strong> de <em>Chlo\u00e9<\/em> est <em>un\u00a0<strong>parfum identique \u00e0 l\u2019original<\/strong>, m\u00eame senteurs, packaging et flacon.<\/em><\/p>\n<p>C&#8217;est un eau de parfum Chypr\u00e9 Floral pour femme.<\/p>\n<p>Les notes de t\u00eate sont Mirabelle, Bergamote, Citron et Orange; les notes de c\u0153ur sont Freesia, P\u00eache, Jasmin et Rose; les notes de fond sont Mousse de ch\u00eane, Patchouli, Amberwood, Musc blanc et Bois de santal.<\/p>\n<p><img fetchpriority=\"high\" decoding=\"async\" class=\"alignnone wp-image-6325 size-medium\" src=\"http:\/\/deeva.website\/wp-content\/uploads\/2025\/05\/Nomade3-300x300.png\" alt=\"\" width=\"300\" height=\"300\" srcset=\"https:\/\/deeva.website\/wp-content\/uploads\/2025\/05\/Nomade3-300x300.png 300w, https:\/\/deeva.website\/wp-content\/uploads\/2025\/05\/Nomade3-150x150.png 150w, https:\/\/deeva.website\/wp-content\/uploads\/2025\/05\/Nomade3-400x400.png 400w, https:\/\/deeva.website\/wp-content\/uploads\/2025\/05\/Nomade3-100x100.png 100w, https:\/\/deeva.website\/wp-content\/uploads\/2025\/05\/Nomade3-24x24.png 24w, https:\/\/deeva.website\/wp-content\/uploads\/2025\/05\/Nomade3-48x48.png 48w, https:\/\/deeva.website\/wp-content\/uploads\/2025\/05\/Nomade3-96x96.png 96w, https:\/\/deeva.website\/wp-content\/uploads\/2025\/05\/Nomade3.png 596w\" sizes=\"(max-width: 300px) 100vw, 300px\" \/> <img decoding=\"async\" class=\"alignnone size-medium wp-image-6327\" src=\"http:\/\/deeva.website\/wp-content\/uploads\/2025\/05\/Nomade4-284x300.png\" alt=\"\" width=\"284\" height=\"300\" srcset=\"https:\/\/deeva.website\/wp-content\/uploads\/2025\/05\/Nomade4-284x300.png 284w, https:\/\/deeva.website\/wp-content\/uploads\/2025\/05\/Nomade4.png 380w, https:\/\/deeva.website\/wp-content\/uploads\/2025\/05\/Nomade4-24x24.png 24w\" sizes=\"(max-width: 284px) 100vw, 284px\" \/><\/p>\n","protected":false},"excerpt":{"rendered":"<p><strong>Nomade 75ml<\/strong> de <em>Chlo\u00e9<\/em> est <em>un\u00a0<strong>parfum identique \u00e0 l\u2019original<\/strong>, m\u00eame senteurs, packaging et flacon.<\/em><\/p>\n<p>C&#8217;est un eau de parfum Chypr\u00e9 Floral pour femme.<\/p>\n<p>Les notes de t\u00eate sont Mirabelle, Bergamote, Citron et Orange; les notes de c\u0153ur sont Freesia, P\u00eache, Jasmin et Rose; les notes de fond sont Mousse de ch\u00eane, Patchouli, Amberwood, Musc blanc et Bois de santal.<\/p>\n<p><img fetchpriority=\"high\" decoding=\"async\" class=\"alignnone wp-image-6325 size-medium\" src=\"http:\/\/deeva.website\/wp-content\/uploads\/2025\/05\/Nomade3-300x300.png\" alt=\"\" width=\"300\" height=\"300\" srcset=\"https:\/\/deeva.website\/wp-content\/uploads\/2025\/05\/Nomade3-300x300.png 300w, https:\/\/deeva.website\/wp-content\/uploads\/2025\/05\/Nomade3-150x150.png 150w, https:\/\/deeva.website\/wp-content\/uploads\/2025\/05\/Nomade3-400x400.png 400w, https:\/\/deeva.website\/wp-content\/uploads\/2025\/05\/Nomade3-100x100.png 100w, https:\/\/deeva.website\/wp-content\/uploads\/2025\/05\/Nomade3-24x24.png 24w, https:\/\/deeva.website\/wp-content\/uploads\/2025\/05\/Nomade3-48x48.png 48w, https:\/\/deeva.website\/wp-content\/uploads\/2025\/05\/Nomade3-96x96.png 96w, https:\/\/deeva.website\/wp-content\/uploads\/2025\/05\/Nomade3.png 596w\" sizes=\"(max-width: 300px) 100vw, 300px\" \/> <img decoding=\"async\" class=\"alignnone size-medium wp-image-6327\" src=\"http:\/\/deeva.website\/wp-content\/uploads\/2025\/05\/Nomade4-284x300.png\" alt=\"\" width=\"284\" height=\"300\" srcset=\"https:\/\/deeva.website\/wp-content\/uploads\/2025\/05\/Nomade4-284x300.png 284w, https:\/\/deeva.website\/wp-content\/uploads\/2025\/05\/Nomade4.png 380w, https:\/\/deeva.website\/wp-content\/uploads\/2025\/05\/Nomade4-24x24.png 24w\" sizes=\"(max-width: 284px) 100vw, 284px\" \/><\/p>\n","protected":false},"featured_media":6323,"comment_status":"open","ping_status":"closed","template":"","meta":[],"product_cat":[81],"product_tag":[],"_links":{"self":[{"href":"https:\/\/deeva.website\/fr-tn\/wp-json\/wp\/v2\/product\/6320"}],"collection":[{"href":"https:\/\/deeva.website\/fr-tn\/wp-json\/wp\/v2\/product"}],"about":[{"href":"https:\/\/deeva.website\/fr-tn\/wp-json\/wp\/v2\/types\/product"}],"replies":[{"embeddable":true,"href":"https:\/\/deeva.website\/fr-tn\/wp-json\/wp\/v2\/comments?post=6320"}],"version-history":[{"count":1,"href":"https:\/\/deeva.website\/fr-tn\/wp-json\/wp\/v2\/product\/6320\/revisions"}],"predecessor-version":[{"id":6329,"href":"https:\/\/deeva.website\/fr-tn\/wp-json\/wp\/v2\/product\/6320\/revisions\/6329"}],"wp:featuredmedia":[{"embeddable":true,"href":"https:\/\/deeva.website\/fr-tn\/wp-json\/wp\/v2\/media\/6323"}],"wp:attachment":[{"href":"https:\/\/deeva.website\/fr-tn\/wp-json\/wp\/v2\/media?parent=6320"}],"wp:term":[{"taxonomy":"product_cat","embeddable":true,"href":"https:\/\/deeva.website\/fr-tn\/wp-json\/wp\/v2\/product_cat?post=6320"},{"taxonomy":"product_tag","embeddable":true,"href":"https:\/\/deeva.website\/fr-tn\/wp-json\/wp\/v2\/product_tag?post=6320"}],"curies":[{"name":"wp","href":"https:\/\/api.w.org\/{rel}","templated":true}]}}