{"id":6310,"date":"2025-05-02T22:11:08","date_gmt":"2025-05-02T20:11:08","guid":{"rendered":"https:\/\/deeva.website\/?post_type=product&#038;p=6310"},"modified":"2025-05-02T22:11:08","modified_gmt":"2025-05-02T20:11:08","slug":"chloe-eau-de-parfum","status":"publish","type":"product","link":"https:\/\/deeva.website\/fr-tn\/produit\/chloe-eau-de-parfum\/","title":{"rendered":"Chlo\u00e9 Eau de Parfum"},"content":{"rendered":"<p><strong>Chlo\u00e9 Eau de Parfum 75ml<\/strong> de <em>Chlo\u00e9<\/em> est <em>un\u00a0<strong>parfum identique \u00e0 l\u2019original<\/strong>, m\u00eame senteurs, packaging et flacon.<\/em><\/p>\n<p>C&#8217;est un eau de parfum Floral pour femme.<\/p>\n<p>Les notes de t\u00eate sont Pivoine, Litchi et Freesia; les notes de c\u0153ur sont Rose, Muguet et Magnolia; les notes de fond sont C\u00e8dre de Virginie et Ambre.<\/p>\n<p><img fetchpriority=\"high\" decoding=\"async\" class=\"alignnone size-medium wp-image-6313\" src=\"http:\/\/deeva.website\/wp-content\/uploads\/2025\/05\/Cloe2-279x300.png\" alt=\"\" width=\"279\" height=\"300\" srcset=\"https:\/\/deeva.website\/wp-content\/uploads\/2025\/05\/Cloe2-279x300.png 279w, https:\/\/deeva.website\/wp-content\/uploads\/2025\/05\/Cloe2.png 355w\" sizes=\"(max-width: 279px) 100vw, 279px\" \/> <img decoding=\"async\" class=\"alignnone size-medium wp-image-6311\" src=\"http:\/\/deeva.website\/wp-content\/uploads\/2025\/05\/Cloe1-300x248.png\" alt=\"\" width=\"300\" height=\"248\" srcset=\"https:\/\/deeva.website\/wp-content\/uploads\/2025\/05\/Cloe1-300x248.png 300w, https:\/\/deeva.website\/wp-content\/uploads\/2025\/05\/Cloe1.png 361w\" sizes=\"(max-width: 300px) 100vw, 300px\" \/><\/p>\n","protected":false},"excerpt":{"rendered":"<p><strong>Chlo\u00e9 Eau de Parfum 75ml<\/strong> de <em>Chlo\u00e9<\/em> est <em>un\u00a0<strong>parfum identique \u00e0 l\u2019original<\/strong>, m\u00eame senteurs, packaging et flacon.<\/em><\/p>\n<p>C&#8217;est un eau de parfum Floral pour femme.<\/p>\n<p>Les notes de t\u00eate sont Pivoine, Litchi et Freesia; les notes de c\u0153ur sont Rose, Muguet et Magnolia; les notes de fond sont C\u00e8dre de Virginie et Ambre.<\/p>\n<p><img fetchpriority=\"high\" decoding=\"async\" class=\"alignnone size-medium wp-image-6313\" src=\"http:\/\/deeva.website\/wp-content\/uploads\/2025\/05\/Cloe2-279x300.png\" alt=\"\" width=\"279\" height=\"300\" srcset=\"https:\/\/deeva.website\/wp-content\/uploads\/2025\/05\/Cloe2-279x300.png 279w, https:\/\/deeva.website\/wp-content\/uploads\/2025\/05\/Cloe2.png 355w\" sizes=\"(max-width: 279px) 100vw, 279px\" \/> <img decoding=\"async\" class=\"alignnone size-medium wp-image-6311\" src=\"http:\/\/deeva.website\/wp-content\/uploads\/2025\/05\/Cloe1-300x248.png\" alt=\"\" width=\"300\" height=\"248\" srcset=\"https:\/\/deeva.website\/wp-content\/uploads\/2025\/05\/Cloe1-300x248.png 300w, https:\/\/deeva.website\/wp-content\/uploads\/2025\/05\/Cloe1.png 361w\" sizes=\"(max-width: 300px) 100vw, 300px\" \/><\/p>\n","protected":false},"featured_media":6315,"comment_status":"open","ping_status":"closed","template":"","meta":[],"product_cat":[81],"product_tag":[],"_links":{"self":[{"href":"https:\/\/deeva.website\/fr-tn\/wp-json\/wp\/v2\/product\/6310"}],"collection":[{"href":"https:\/\/deeva.website\/fr-tn\/wp-json\/wp\/v2\/product"}],"about":[{"href":"https:\/\/deeva.website\/fr-tn\/wp-json\/wp\/v2\/types\/product"}],"replies":[{"embeddable":true,"href":"https:\/\/deeva.website\/fr-tn\/wp-json\/wp\/v2\/comments?post=6310"}],"version-history":[{"count":1,"href":"https:\/\/deeva.website\/fr-tn\/wp-json\/wp\/v2\/product\/6310\/revisions"}],"predecessor-version":[{"id":6319,"href":"https:\/\/deeva.website\/fr-tn\/wp-json\/wp\/v2\/product\/6310\/revisions\/6319"}],"wp:featuredmedia":[{"embeddable":true,"href":"https:\/\/deeva.website\/fr-tn\/wp-json\/wp\/v2\/media\/6315"}],"wp:attachment":[{"href":"https:\/\/deeva.website\/fr-tn\/wp-json\/wp\/v2\/media?parent=6310"}],"wp:term":[{"taxonomy":"product_cat","embeddable":true,"href":"https:\/\/deeva.website\/fr-tn\/wp-json\/wp\/v2\/product_cat?post=6310"},{"taxonomy":"product_tag","embeddable":true,"href":"https:\/\/deeva.website\/fr-tn\/wp-json\/wp\/v2\/product_tag?post=6310"}],"curies":[{"name":"wp","href":"https:\/\/api.w.org\/{rel}","templated":true}]}}