{"id":6296,"date":"2025-05-02T21:55:44","date_gmt":"2025-05-02T19:55:44","guid":{"rendered":"https:\/\/deeva.website\/?post_type=product&#038;p=6296"},"modified":"2025-05-02T21:55:44","modified_gmt":"2025-05-02T19:55:44","slug":"baccarat-rouge-540-extrait","status":"publish","type":"product","link":"https:\/\/deeva.website\/fr-tn\/produit\/baccarat-rouge-540-extrait\/","title":{"rendered":"Baccarat Rouge 540 Extrait"},"content":{"rendered":"<p><strong>Baccarat Rouge 540 Extrait 70ml<\/strong>\u00a0de Parfum de <em>Maison Francis Kurkdjian<\/em> est <em>un\u00a0<strong>parfum identique \u00e0 l\u2019original<\/strong>, m\u00eame senteurs, packaging et flacon.<\/em><\/p>\n<p>C&#8217;est un eau de parfum Orientale Floral pour homme et femme.<\/p>\n<p>Les notes de t\u00eate sont Amande am\u00e8re et Safran; les notes de c\u0153ur sont Jasmin d&#8217;Egypte et C\u00e8dre de Virginie; les notes de fond sont Ambre gris, Notes bois\u00e9es, Musc, Ambroxan et Bois de cachemire.<\/p>\n<p><img fetchpriority=\"high\" decoding=\"async\" class=\"alignnone size-medium wp-image-6305\" src=\"http:\/\/deeva.website\/wp-content\/uploads\/2025\/05\/BaccaratExtrait4-206x300.png\" alt=\"\" width=\"206\" height=\"300\" srcset=\"https:\/\/deeva.website\/wp-content\/uploads\/2025\/05\/BaccaratExtrait4-206x300.png 206w, https:\/\/deeva.website\/wp-content\/uploads\/2025\/05\/BaccaratExtrait4.png 344w\" sizes=\"(max-width: 206px) 100vw, 206px\" \/> <img decoding=\"async\" class=\"alignnone size-medium wp-image-6303\" src=\"http:\/\/deeva.website\/wp-content\/uploads\/2025\/05\/BaccaratExtrait3-247x300.png\" alt=\"\" width=\"247\" height=\"300\" srcset=\"https:\/\/deeva.website\/wp-content\/uploads\/2025\/05\/BaccaratExtrait3-247x300.png 247w, https:\/\/deeva.website\/wp-content\/uploads\/2025\/05\/BaccaratExtrait3.png 344w\" sizes=\"(max-width: 247px) 100vw, 247px\" \/><\/p>\n","protected":false},"excerpt":{"rendered":"<p><strong>Baccarat Rouge 540 Extrait 70ml<\/strong>\u00a0de Parfum de <em>Maison Francis Kurkdjian<\/em> est <em>un\u00a0<strong>parfum identique \u00e0 l\u2019original<\/strong>, m\u00eame senteurs, packaging et flacon.<\/em><\/p>\n<p>C&#8217;est un eau de parfum Orientale Floral pour homme et femme.<\/p>\n<p>Les notes de t\u00eate sont Amande am\u00e8re et Safran; les notes de c\u0153ur sont Jasmin d&#8217;Egypte et C\u00e8dre de Virginie; les notes de fond sont Ambre gris, Notes bois\u00e9es, Musc, Ambroxan et Bois de cachemire.<\/p>\n<p><img fetchpriority=\"high\" decoding=\"async\" class=\"alignnone size-medium wp-image-6305\" src=\"http:\/\/deeva.website\/wp-content\/uploads\/2025\/05\/BaccaratExtrait4-206x300.png\" alt=\"\" width=\"206\" height=\"300\" srcset=\"https:\/\/deeva.website\/wp-content\/uploads\/2025\/05\/BaccaratExtrait4-206x300.png 206w, https:\/\/deeva.website\/wp-content\/uploads\/2025\/05\/BaccaratExtrait4.png 344w\" sizes=\"(max-width: 206px) 100vw, 206px\" \/> <img decoding=\"async\" class=\"alignnone size-medium wp-image-6303\" src=\"http:\/\/deeva.website\/wp-content\/uploads\/2025\/05\/BaccaratExtrait3-247x300.png\" alt=\"\" width=\"247\" height=\"300\" srcset=\"https:\/\/deeva.website\/wp-content\/uploads\/2025\/05\/BaccaratExtrait3-247x300.png 247w, https:\/\/deeva.website\/wp-content\/uploads\/2025\/05\/BaccaratExtrait3.png 344w\" sizes=\"(max-width: 247px) 100vw, 247px\" \/><\/p>\n","protected":false},"featured_media":6299,"comment_status":"open","ping_status":"closed","template":"","meta":[],"product_cat":[81,71],"product_tag":[],"_links":{"self":[{"href":"https:\/\/deeva.website\/fr-tn\/wp-json\/wp\/v2\/product\/6296"}],"collection":[{"href":"https:\/\/deeva.website\/fr-tn\/wp-json\/wp\/v2\/product"}],"about":[{"href":"https:\/\/deeva.website\/fr-tn\/wp-json\/wp\/v2\/types\/product"}],"replies":[{"embeddable":true,"href":"https:\/\/deeva.website\/fr-tn\/wp-json\/wp\/v2\/comments?post=6296"}],"version-history":[{"count":1,"href":"https:\/\/deeva.website\/fr-tn\/wp-json\/wp\/v2\/product\/6296\/revisions"}],"predecessor-version":[{"id":6309,"href":"https:\/\/deeva.website\/fr-tn\/wp-json\/wp\/v2\/product\/6296\/revisions\/6309"}],"wp:featuredmedia":[{"embeddable":true,"href":"https:\/\/deeva.website\/fr-tn\/wp-json\/wp\/v2\/media\/6299"}],"wp:attachment":[{"href":"https:\/\/deeva.website\/fr-tn\/wp-json\/wp\/v2\/media?parent=6296"}],"wp:term":[{"taxonomy":"product_cat","embeddable":true,"href":"https:\/\/deeva.website\/fr-tn\/wp-json\/wp\/v2\/product_cat?post=6296"},{"taxonomy":"product_tag","embeddable":true,"href":"https:\/\/deeva.website\/fr-tn\/wp-json\/wp\/v2\/product_tag?post=6296"}],"curies":[{"name":"wp","href":"https:\/\/api.w.org\/{rel}","templated":true}]}}