{"id":6282,"date":"2025-05-02T21:45:51","date_gmt":"2025-05-02T19:45:51","guid":{"rendered":"https:\/\/deeva.website\/?post_type=product&#038;p=6282"},"modified":"2025-05-02T21:45:52","modified_gmt":"2025-05-02T19:45:52","slug":"baccarat-rouge-540","status":"publish","type":"product","link":"https:\/\/deeva.website\/fr-tn\/produit\/baccarat-rouge-540\/","title":{"rendered":"Baccarat Rouge 540"},"content":{"rendered":"<p><strong>Baccarat Rouge 540<\/strong>\u00a0de <em>Maison Francis Kurkdjian<\/em> est <em>un\u00a0<strong>parfum identique \u00e0 l\u2019original<\/strong>, m\u00eame senteurs, packaging et flacon.<\/em><\/p>\n<p>C&#8217;est un eau de parfum Orientale Floral pour homme et femme.<\/p>\n<p>Les notes de t\u00eate sont Safran et Jasmin; les notes de c\u0153ur sont Amberwood, Ambre gris et Hedione; les notes de fond sont R\u00e9sine de sapin, C\u00e8dre, Sucre, Ambroxan et Mousse de ch\u00eane.<\/p>\n<p><img fetchpriority=\"high\" decoding=\"async\" class=\"alignnone wp-image-6287 size-medium\" src=\"http:\/\/deeva.website\/wp-content\/uploads\/2025\/05\/Baccarat3-238x300.png\" alt=\"\" width=\"238\" height=\"300\" srcset=\"https:\/\/deeva.website\/wp-content\/uploads\/2025\/05\/Baccarat3-238x300.png 238w, https:\/\/deeva.website\/wp-content\/uploads\/2025\/05\/Baccarat3.png 302w\" sizes=\"(max-width: 238px) 100vw, 238px\" \/> <img decoding=\"async\" class=\"alignnone size-medium wp-image-6289\" src=\"http:\/\/deeva.website\/wp-content\/uploads\/2025\/05\/Baccarat5-300x298.png\" alt=\"\" width=\"300\" height=\"298\" srcset=\"https:\/\/deeva.website\/wp-content\/uploads\/2025\/05\/Baccarat5-300x298.png 300w, https:\/\/deeva.website\/wp-content\/uploads\/2025\/05\/Baccarat5-150x150.png 150w, https:\/\/deeva.website\/wp-content\/uploads\/2025\/05\/Baccarat5-100x100.png 100w, https:\/\/deeva.website\/wp-content\/uploads\/2025\/05\/Baccarat5-24x24.png 24w, https:\/\/deeva.website\/wp-content\/uploads\/2025\/05\/Baccarat5-48x48.png 48w, https:\/\/deeva.website\/wp-content\/uploads\/2025\/05\/Baccarat5-96x96.png 96w, https:\/\/deeva.website\/wp-content\/uploads\/2025\/05\/Baccarat5.png 384w\" sizes=\"(max-width: 300px) 100vw, 300px\" \/><\/p>\n","protected":false},"excerpt":{"rendered":"<p><strong>Baccarat Rouge 540<\/strong>\u00a0de <em>Maison Francis Kurkdjian<\/em> est <em>un\u00a0<strong>parfum identique \u00e0 l\u2019original<\/strong>, m\u00eame senteurs, packaging et flacon.<\/em><\/p>\n<p>C&#8217;est un eau de parfum Orientale Floral pour homme et femme.<\/p>\n<p>Les notes de t\u00eate sont Safran et Jasmin; les notes de c\u0153ur sont Amberwood, Ambre gris et Hedione; les notes de fond sont R\u00e9sine de sapin, C\u00e8dre, Sucre, Ambroxan et Mousse de ch\u00eane.<\/p>\n<p><img fetchpriority=\"high\" decoding=\"async\" class=\"alignnone wp-image-6287 size-medium\" src=\"http:\/\/deeva.website\/wp-content\/uploads\/2025\/05\/Baccarat3-238x300.png\" alt=\"\" width=\"238\" height=\"300\" srcset=\"https:\/\/deeva.website\/wp-content\/uploads\/2025\/05\/Baccarat3-238x300.png 238w, https:\/\/deeva.website\/wp-content\/uploads\/2025\/05\/Baccarat3.png 302w\" sizes=\"(max-width: 238px) 100vw, 238px\" \/> <img decoding=\"async\" class=\"alignnone size-medium wp-image-6289\" src=\"http:\/\/deeva.website\/wp-content\/uploads\/2025\/05\/Baccarat5-300x298.png\" alt=\"\" width=\"300\" height=\"298\" srcset=\"https:\/\/deeva.website\/wp-content\/uploads\/2025\/05\/Baccarat5-300x298.png 300w, https:\/\/deeva.website\/wp-content\/uploads\/2025\/05\/Baccarat5-150x150.png 150w, https:\/\/deeva.website\/wp-content\/uploads\/2025\/05\/Baccarat5-100x100.png 100w, https:\/\/deeva.website\/wp-content\/uploads\/2025\/05\/Baccarat5-24x24.png 24w, https:\/\/deeva.website\/wp-content\/uploads\/2025\/05\/Baccarat5-48x48.png 48w, https:\/\/deeva.website\/wp-content\/uploads\/2025\/05\/Baccarat5-96x96.png 96w, https:\/\/deeva.website\/wp-content\/uploads\/2025\/05\/Baccarat5.png 384w\" sizes=\"(max-width: 300px) 100vw, 300px\" \/><\/p>\n","protected":false},"featured_media":6285,"comment_status":"open","ping_status":"closed","template":"","meta":[],"product_cat":[81],"product_tag":[],"_links":{"self":[{"href":"https:\/\/deeva.website\/fr-tn\/wp-json\/wp\/v2\/product\/6282"}],"collection":[{"href":"https:\/\/deeva.website\/fr-tn\/wp-json\/wp\/v2\/product"}],"about":[{"href":"https:\/\/deeva.website\/fr-tn\/wp-json\/wp\/v2\/types\/product"}],"replies":[{"embeddable":true,"href":"https:\/\/deeva.website\/fr-tn\/wp-json\/wp\/v2\/comments?post=6282"}],"version-history":[{"count":1,"href":"https:\/\/deeva.website\/fr-tn\/wp-json\/wp\/v2\/product\/6282\/revisions"}],"predecessor-version":[{"id":6295,"href":"https:\/\/deeva.website\/fr-tn\/wp-json\/wp\/v2\/product\/6282\/revisions\/6295"}],"wp:featuredmedia":[{"embeddable":true,"href":"https:\/\/deeva.website\/fr-tn\/wp-json\/wp\/v2\/media\/6285"}],"wp:attachment":[{"href":"https:\/\/deeva.website\/fr-tn\/wp-json\/wp\/v2\/media?parent=6282"}],"wp:term":[{"taxonomy":"product_cat","embeddable":true,"href":"https:\/\/deeva.website\/fr-tn\/wp-json\/wp\/v2\/product_cat?post=6282"},{"taxonomy":"product_tag","embeddable":true,"href":"https:\/\/deeva.website\/fr-tn\/wp-json\/wp\/v2\/product_tag?post=6282"}],"curies":[{"name":"wp","href":"https:\/\/api.w.org\/{rel}","templated":true}]}}