{"id":6259,"date":"2025-05-02T21:19:30","date_gmt":"2025-05-02T19:19:30","guid":{"rendered":"https:\/\/deeva.website\/?post_type=product&#038;p=6259"},"modified":"2025-05-02T21:19:30","modified_gmt":"2025-05-02T19:19:30","slug":"dolcegabbana-the-only-one","status":"publish","type":"product","link":"https:\/\/deeva.website\/fr-tn\/produit\/dolcegabbana-the-only-one\/","title":{"rendered":"Dolce&#038;Gabbana The Only One"},"content":{"rendered":"<p><strong>The Only One 100ml<\/strong> de <em>Dolce&amp;Gabbana<\/em> est <em>un\u00a0<strong>parfum identique \u00e0 l\u2019original<\/strong>, m\u00eame senteurs, packaging et flacon.<\/em><\/p>\n<p>C&#8217;est un eau de parfum Orientale Vanill\u00e9 pour femme.<\/p>\n<p>Les notes de t\u00eate sont Violette, Orange et Bergamote; les notes de c\u0153ur sont Caf\u00e9, Poire, Iris, Fleur d&#8217;oranger et Rose; les notes de fond sont Caramel, Vanille et Patchouli.<\/p>\n<p><img decoding=\"async\" class=\"alignnone size-medium wp-image-6264\" src=\"http:\/\/deeva.website\/wp-content\/uploads\/2025\/05\/the-only-one3-155x300.jpg\" alt=\"\" width=\"155\" height=\"300\" srcset=\"https:\/\/deeva.website\/wp-content\/uploads\/2025\/05\/the-only-one3-155x300.jpg 155w, https:\/\/deeva.website\/wp-content\/uploads\/2025\/05\/the-only-one3.jpg 515w\" sizes=\"(max-width: 155px) 100vw, 155px\" \/> <img fetchpriority=\"high\" decoding=\"async\" class=\"alignnone size-medium wp-image-6268\" src=\"http:\/\/deeva.website\/wp-content\/uploads\/2025\/05\/the-only-one5-277x300.png\" alt=\"\" width=\"277\" height=\"300\" srcset=\"https:\/\/deeva.website\/wp-content\/uploads\/2025\/05\/the-only-one5-277x300.png 277w, https:\/\/deeva.website\/wp-content\/uploads\/2025\/05\/the-only-one5.png 373w\" sizes=\"(max-width: 277px) 100vw, 277px\" \/><\/p>\n","protected":false},"excerpt":{"rendered":"<p><strong>The Only One 100ml<\/strong> de <em>Dolce&amp;Gabbana<\/em> est <em>un\u00a0<strong>parfum identique \u00e0 l\u2019original<\/strong>, m\u00eame senteurs, packaging et flacon.<\/em><\/p>\n<p>C&#8217;est un eau de parfum Orientale Vanill\u00e9 pour femme.<\/p>\n<p>Les notes de t\u00eate sont Violette, Orange et Bergamote; les notes de c\u0153ur sont Caf\u00e9, Poire, Iris, Fleur d&#8217;oranger et Rose; les notes de fond sont Caramel, Vanille et Patchouli.<\/p>\n<p><img decoding=\"async\" class=\"alignnone size-medium wp-image-6264\" src=\"http:\/\/deeva.website\/wp-content\/uploads\/2025\/05\/the-only-one3-155x300.jpg\" alt=\"\" width=\"155\" height=\"300\" srcset=\"https:\/\/deeva.website\/wp-content\/uploads\/2025\/05\/the-only-one3-155x300.jpg 155w, https:\/\/deeva.website\/wp-content\/uploads\/2025\/05\/the-only-one3.jpg 515w\" sizes=\"(max-width: 155px) 100vw, 155px\" \/> <img fetchpriority=\"high\" decoding=\"async\" class=\"alignnone size-medium wp-image-6268\" src=\"http:\/\/deeva.website\/wp-content\/uploads\/2025\/05\/the-only-one5-277x300.png\" alt=\"\" width=\"277\" height=\"300\" srcset=\"https:\/\/deeva.website\/wp-content\/uploads\/2025\/05\/the-only-one5-277x300.png 277w, https:\/\/deeva.website\/wp-content\/uploads\/2025\/05\/the-only-one5.png 373w\" sizes=\"(max-width: 277px) 100vw, 277px\" \/><\/p>\n","protected":false},"featured_media":6266,"comment_status":"open","ping_status":"closed","template":"","meta":[],"product_cat":[81],"product_tag":[],"_links":{"self":[{"href":"https:\/\/deeva.website\/fr-tn\/wp-json\/wp\/v2\/product\/6259"}],"collection":[{"href":"https:\/\/deeva.website\/fr-tn\/wp-json\/wp\/v2\/product"}],"about":[{"href":"https:\/\/deeva.website\/fr-tn\/wp-json\/wp\/v2\/types\/product"}],"replies":[{"embeddable":true,"href":"https:\/\/deeva.website\/fr-tn\/wp-json\/wp\/v2\/comments?post=6259"}],"version-history":[{"count":2,"href":"https:\/\/deeva.website\/fr-tn\/wp-json\/wp\/v2\/product\/6259\/revisions"}],"predecessor-version":[{"id":6271,"href":"https:\/\/deeva.website\/fr-tn\/wp-json\/wp\/v2\/product\/6259\/revisions\/6271"}],"wp:featuredmedia":[{"embeddable":true,"href":"https:\/\/deeva.website\/fr-tn\/wp-json\/wp\/v2\/media\/6266"}],"wp:attachment":[{"href":"https:\/\/deeva.website\/fr-tn\/wp-json\/wp\/v2\/media?parent=6259"}],"wp:term":[{"taxonomy":"product_cat","embeddable":true,"href":"https:\/\/deeva.website\/fr-tn\/wp-json\/wp\/v2\/product_cat?post=6259"},{"taxonomy":"product_tag","embeddable":true,"href":"https:\/\/deeva.website\/fr-tn\/wp-json\/wp\/v2\/product_tag?post=6259"}],"curies":[{"name":"wp","href":"https:\/\/api.w.org\/{rel}","templated":true}]}}