{"id":6243,"date":"2025-05-01T21:36:53","date_gmt":"2025-05-01T19:36:53","guid":{"rendered":"https:\/\/deeva.website\/?post_type=product&#038;p=6243"},"modified":"2025-05-01T21:36:53","modified_gmt":"2025-05-01T19:36:53","slug":"dolcegabbana-intense-pour-femme","status":"publish","type":"product","link":"https:\/\/deeva.website\/fr-tn\/produit\/dolcegabbana-intense-pour-femme\/","title":{"rendered":"Dolce&#038;Gabbana Intense Pour Femme"},"content":{"rendered":"<p><strong>Dolce&amp;Gabbana Pour Femme Intense 100ml<\/strong> de <em>Dolce&amp;Gabbana<\/em> est <em>un\u00a0<strong>parfum identique \u00e0 l\u2019original<\/strong>, m\u00eame senteurs, packaging et flacon.<\/em><\/p>\n<p>C&#8217;est un eau de parfum Orientale Floral pour femme.<\/p>\n<p>Les notes de t\u00eate sont N\u00e9roli et Mandarine verte; les notes de c\u0153ur sont Fleur d&#8217;oranger et Tub\u00e9reuse; les notes de fond sont Guimauve et Bois de santal.<\/p>\n<p><img fetchpriority=\"high\" decoding=\"async\" class=\"alignnone size-medium wp-image-6254\" src=\"http:\/\/deeva.website\/wp-content\/uploads\/2025\/05\/D-Gintense5-177x300.png\" alt=\"\" width=\"177\" height=\"300\" srcset=\"https:\/\/deeva.website\/wp-content\/uploads\/2025\/05\/D-Gintense5-177x300.png 177w, https:\/\/deeva.website\/wp-content\/uploads\/2025\/05\/D-Gintense5.png 294w\" sizes=\"(max-width: 177px) 100vw, 177px\" \/> <img decoding=\"async\" class=\"alignnone size-medium wp-image-6252\" src=\"http:\/\/deeva.website\/wp-content\/uploads\/2025\/05\/D-Gintense4-278x300.png\" alt=\"\" width=\"278\" height=\"300\" srcset=\"https:\/\/deeva.website\/wp-content\/uploads\/2025\/05\/D-Gintense4-278x300.png 278w, https:\/\/deeva.website\/wp-content\/uploads\/2025\/05\/D-Gintense4.png 363w\" sizes=\"(max-width: 278px) 100vw, 278px\" \/><\/p>\n","protected":false},"excerpt":{"rendered":"<p><strong>Dolce&amp;Gabbana Pour Femme Intense 100ml<\/strong> de <em>Dolce&amp;Gabbana<\/em> est <em>un\u00a0<strong>parfum identique \u00e0 l\u2019original<\/strong>, m\u00eame senteurs, packaging et flacon.<\/em><\/p>\n<p>C&#8217;est un eau de parfum Orientale Floral pour femme.<\/p>\n<p>Les notes de t\u00eate sont N\u00e9roli et Mandarine verte; les notes de c\u0153ur sont Fleur d&#8217;oranger et Tub\u00e9reuse; les notes de fond sont Guimauve et Bois de santal.<\/p>\n<p><img fetchpriority=\"high\" decoding=\"async\" class=\"alignnone size-medium wp-image-6254\" src=\"http:\/\/deeva.website\/wp-content\/uploads\/2025\/05\/D-Gintense5-177x300.png\" alt=\"\" width=\"177\" height=\"300\" srcset=\"https:\/\/deeva.website\/wp-content\/uploads\/2025\/05\/D-Gintense5-177x300.png 177w, https:\/\/deeva.website\/wp-content\/uploads\/2025\/05\/D-Gintense5.png 294w\" sizes=\"(max-width: 177px) 100vw, 177px\" \/> <img decoding=\"async\" class=\"alignnone size-medium wp-image-6252\" src=\"http:\/\/deeva.website\/wp-content\/uploads\/2025\/05\/D-Gintense4-278x300.png\" alt=\"\" width=\"278\" height=\"300\" srcset=\"https:\/\/deeva.website\/wp-content\/uploads\/2025\/05\/D-Gintense4-278x300.png 278w, https:\/\/deeva.website\/wp-content\/uploads\/2025\/05\/D-Gintense4.png 363w\" sizes=\"(max-width: 278px) 100vw, 278px\" \/><\/p>\n","protected":false},"featured_media":6250,"comment_status":"open","ping_status":"closed","template":"","meta":[],"product_cat":[81],"product_tag":[],"_links":{"self":[{"href":"https:\/\/deeva.website\/fr-tn\/wp-json\/wp\/v2\/product\/6243"}],"collection":[{"href":"https:\/\/deeva.website\/fr-tn\/wp-json\/wp\/v2\/product"}],"about":[{"href":"https:\/\/deeva.website\/fr-tn\/wp-json\/wp\/v2\/types\/product"}],"replies":[{"embeddable":true,"href":"https:\/\/deeva.website\/fr-tn\/wp-json\/wp\/v2\/comments?post=6243"}],"version-history":[{"count":1,"href":"https:\/\/deeva.website\/fr-tn\/wp-json\/wp\/v2\/product\/6243\/revisions"}],"predecessor-version":[{"id":6256,"href":"https:\/\/deeva.website\/fr-tn\/wp-json\/wp\/v2\/product\/6243\/revisions\/6256"}],"wp:featuredmedia":[{"embeddable":true,"href":"https:\/\/deeva.website\/fr-tn\/wp-json\/wp\/v2\/media\/6250"}],"wp:attachment":[{"href":"https:\/\/deeva.website\/fr-tn\/wp-json\/wp\/v2\/media?parent=6243"}],"wp:term":[{"taxonomy":"product_cat","embeddable":true,"href":"https:\/\/deeva.website\/fr-tn\/wp-json\/wp\/v2\/product_cat?post=6243"},{"taxonomy":"product_tag","embeddable":true,"href":"https:\/\/deeva.website\/fr-tn\/wp-json\/wp\/v2\/product_tag?post=6243"}],"curies":[{"name":"wp","href":"https:\/\/api.w.org\/{rel}","templated":true}]}}