{"id":6233,"date":"2025-05-01T21:28:55","date_gmt":"2025-05-01T19:28:55","guid":{"rendered":"https:\/\/deeva.website\/?post_type=product&#038;p=6233"},"modified":"2025-05-01T21:28:55","modified_gmt":"2025-05-01T19:28:55","slug":"dolcegabbana-the-one","status":"publish","type":"product","link":"https:\/\/deeva.website\/fr-tn\/produit\/dolcegabbana-the-one\/","title":{"rendered":"Dolce&#038;Gabbana The One"},"content":{"rendered":"<p><strong>The One 75ml<\/strong> de <em>Dolce&amp;Gabbana<\/em> est <em>un\u00a0<strong>parfum identique \u00e0 l\u2019original<\/strong>, m\u00eame senteurs, packaging et flacon.<\/em><\/p>\n<p>C&#8217;est un eau de parfum Orientale Floral pour femme.<\/p>\n<p>Les notes de t\u00eate sont P\u00eache, Litchi, Mandarine et Bergamote; les notes de c\u0153ur sont Lys, Prune, Jasmin et Muguet; les notes de fond sont Vanille, Ambre, Musc et V\u00e9tiver.<\/p>\n<p><img fetchpriority=\"high\" decoding=\"async\" class=\"alignnone size-medium wp-image-6234\" src=\"http:\/\/deeva.website\/wp-content\/uploads\/2025\/05\/theOneFemme1-300x300.jpg\" alt=\"\" width=\"300\" height=\"300\" srcset=\"https:\/\/deeva.website\/wp-content\/uploads\/2025\/05\/theOneFemme1-300x300.jpg 300w, https:\/\/deeva.website\/wp-content\/uploads\/2025\/05\/theOneFemme1-150x150.jpg 150w, https:\/\/deeva.website\/wp-content\/uploads\/2025\/05\/theOneFemme1-768x768.jpg 768w, https:\/\/deeva.website\/wp-content\/uploads\/2025\/05\/theOneFemme1-400x400.jpg 400w, https:\/\/deeva.website\/wp-content\/uploads\/2025\/05\/theOneFemme1-600x600.jpg 600w, https:\/\/deeva.website\/wp-content\/uploads\/2025\/05\/theOneFemme1-100x100.jpg 100w, https:\/\/deeva.website\/wp-content\/uploads\/2025\/05\/theOneFemme1-24x24.jpg 24w, https:\/\/deeva.website\/wp-content\/uploads\/2025\/05\/theOneFemme1-48x48.jpg 48w, https:\/\/deeva.website\/wp-content\/uploads\/2025\/05\/theOneFemme1-96x96.jpg 96w, https:\/\/deeva.website\/wp-content\/uploads\/2025\/05\/theOneFemme1.jpg 800w\" sizes=\"(max-width: 300px) 100vw, 300px\" \/> <img decoding=\"async\" class=\"alignnone size-medium wp-image-6240\" src=\"http:\/\/deeva.website\/wp-content\/uploads\/2025\/05\/theOneFemme4-286x300.png\" alt=\"\" width=\"286\" height=\"300\" srcset=\"https:\/\/deeva.website\/wp-content\/uploads\/2025\/05\/theOneFemme4-286x300.png 286w, https:\/\/deeva.website\/wp-content\/uploads\/2025\/05\/theOneFemme4-24x24.png 24w, https:\/\/deeva.website\/wp-content\/uploads\/2025\/05\/theOneFemme4.png 366w\" sizes=\"(max-width: 286px) 100vw, 286px\" \/><\/p>\n","protected":false},"excerpt":{"rendered":"<p><strong>The One 75ml<\/strong> de <em>Dolce&amp;Gabbana<\/em> est <em>un\u00a0<strong>parfum identique \u00e0 l\u2019original<\/strong>, m\u00eame senteurs, packaging et flacon.<\/em><\/p>\n<p>C&#8217;est un eau de parfum Orientale Floral pour femme.<\/p>\n<p>Les notes de t\u00eate sont P\u00eache, Litchi, Mandarine et Bergamote; les notes de c\u0153ur sont Lys, Prune, Jasmin et Muguet; les notes de fond sont Vanille, Ambre, Musc et V\u00e9tiver.<\/p>\n<p><img fetchpriority=\"high\" decoding=\"async\" class=\"alignnone size-medium wp-image-6234\" src=\"http:\/\/deeva.website\/wp-content\/uploads\/2025\/05\/theOneFemme1-300x300.jpg\" alt=\"\" width=\"300\" height=\"300\" srcset=\"https:\/\/deeva.website\/wp-content\/uploads\/2025\/05\/theOneFemme1-300x300.jpg 300w, https:\/\/deeva.website\/wp-content\/uploads\/2025\/05\/theOneFemme1-150x150.jpg 150w, https:\/\/deeva.website\/wp-content\/uploads\/2025\/05\/theOneFemme1-768x768.jpg 768w, https:\/\/deeva.website\/wp-content\/uploads\/2025\/05\/theOneFemme1-400x400.jpg 400w, https:\/\/deeva.website\/wp-content\/uploads\/2025\/05\/theOneFemme1-600x600.jpg 600w, https:\/\/deeva.website\/wp-content\/uploads\/2025\/05\/theOneFemme1-100x100.jpg 100w, https:\/\/deeva.website\/wp-content\/uploads\/2025\/05\/theOneFemme1-24x24.jpg 24w, https:\/\/deeva.website\/wp-content\/uploads\/2025\/05\/theOneFemme1-48x48.jpg 48w, https:\/\/deeva.website\/wp-content\/uploads\/2025\/05\/theOneFemme1-96x96.jpg 96w, https:\/\/deeva.website\/wp-content\/uploads\/2025\/05\/theOneFemme1.jpg 800w\" sizes=\"(max-width: 300px) 100vw, 300px\" \/> <img decoding=\"async\" class=\"alignnone size-medium wp-image-6240\" src=\"http:\/\/deeva.website\/wp-content\/uploads\/2025\/05\/theOneFemme4-286x300.png\" alt=\"\" width=\"286\" height=\"300\" srcset=\"https:\/\/deeva.website\/wp-content\/uploads\/2025\/05\/theOneFemme4-286x300.png 286w, https:\/\/deeva.website\/wp-content\/uploads\/2025\/05\/theOneFemme4-24x24.png 24w, https:\/\/deeva.website\/wp-content\/uploads\/2025\/05\/theOneFemme4.png 366w\" sizes=\"(max-width: 286px) 100vw, 286px\" \/><\/p>\n","protected":false},"featured_media":6238,"comment_status":"open","ping_status":"closed","template":"","meta":[],"product_cat":[81],"product_tag":[],"_links":{"self":[{"href":"https:\/\/deeva.website\/fr-tn\/wp-json\/wp\/v2\/product\/6233"}],"collection":[{"href":"https:\/\/deeva.website\/fr-tn\/wp-json\/wp\/v2\/product"}],"about":[{"href":"https:\/\/deeva.website\/fr-tn\/wp-json\/wp\/v2\/types\/product"}],"replies":[{"embeddable":true,"href":"https:\/\/deeva.website\/fr-tn\/wp-json\/wp\/v2\/comments?post=6233"}],"version-history":[{"count":1,"href":"https:\/\/deeva.website\/fr-tn\/wp-json\/wp\/v2\/product\/6233\/revisions"}],"predecessor-version":[{"id":6242,"href":"https:\/\/deeva.website\/fr-tn\/wp-json\/wp\/v2\/product\/6233\/revisions\/6242"}],"wp:featuredmedia":[{"embeddable":true,"href":"https:\/\/deeva.website\/fr-tn\/wp-json\/wp\/v2\/media\/6238"}],"wp:attachment":[{"href":"https:\/\/deeva.website\/fr-tn\/wp-json\/wp\/v2\/media?parent=6233"}],"wp:term":[{"taxonomy":"product_cat","embeddable":true,"href":"https:\/\/deeva.website\/fr-tn\/wp-json\/wp\/v2\/product_cat?post=6233"},{"taxonomy":"product_tag","embeddable":true,"href":"https:\/\/deeva.website\/fr-tn\/wp-json\/wp\/v2\/product_tag?post=6233"}],"curies":[{"name":"wp","href":"https:\/\/api.w.org\/{rel}","templated":true}]}}