{"id":6221,"date":"2025-05-01T21:19:43","date_gmt":"2025-05-01T19:19:43","guid":{"rendered":"https:\/\/deeva.website\/?post_type=product&#038;p=6221"},"modified":"2025-05-01T21:19:43","modified_gmt":"2025-05-01T19:19:43","slug":"elie-saab-le-parfum","status":"publish","type":"product","link":"https:\/\/deeva.website\/fr-tn\/produit\/elie-saab-le-parfum\/","title":{"rendered":"Elie Saab Le Parfum"},"content":{"rendered":"<p><strong>Le Parfum 100ml<\/strong> de <em>Elie Saab<\/em> est <em>un\u00a0<strong>parfum identique \u00e0 l\u2019original<\/strong>, m\u00eame senteurs, packaging et flacon.<\/em><\/p>\n<p>C&#8217;est un eau de parfum Orientale Floral pour femme.<\/p>\n<p>La note de t\u00eate est Fleur d&#8217;oranger d&#8217;Afrique; la note de c\u0153ur est Jasmin; les notes de fond sont Miel blanc, Patchouli, Rose et C\u00e8dre de Virginie.<\/p>\n<p><img fetchpriority=\"high\" decoding=\"async\" class=\"alignnone size-full wp-image-6230\" src=\"http:\/\/deeva.website\/wp-content\/uploads\/2025\/05\/elieSaab5.jpg\" alt=\"\" width=\"225\" height=\"225\" srcset=\"https:\/\/deeva.website\/wp-content\/uploads\/2025\/05\/elieSaab5.jpg 225w, https:\/\/deeva.website\/wp-content\/uploads\/2025\/05\/elieSaab5-150x150.jpg 150w, https:\/\/deeva.website\/wp-content\/uploads\/2025\/05\/elieSaab5-100x100.jpg 100w, https:\/\/deeva.website\/wp-content\/uploads\/2025\/05\/elieSaab5-24x24.jpg 24w, https:\/\/deeva.website\/wp-content\/uploads\/2025\/05\/elieSaab5-48x48.jpg 48w, https:\/\/deeva.website\/wp-content\/uploads\/2025\/05\/elieSaab5-96x96.jpg 96w\" sizes=\"(max-width: 225px) 100vw, 225px\" \/> <img decoding=\"async\" class=\"alignnone size-medium wp-image-6226\" src=\"http:\/\/deeva.website\/wp-content\/uploads\/2025\/05\/elieSaab3-291x300.png\" alt=\"\" width=\"291\" height=\"300\" srcset=\"https:\/\/deeva.website\/wp-content\/uploads\/2025\/05\/elieSaab3-291x300.png 291w, https:\/\/deeva.website\/wp-content\/uploads\/2025\/05\/elieSaab3-24x24.png 24w, https:\/\/deeva.website\/wp-content\/uploads\/2025\/05\/elieSaab3-48x48.png 48w, https:\/\/deeva.website\/wp-content\/uploads\/2025\/05\/elieSaab3.png 355w\" sizes=\"(max-width: 291px) 100vw, 291px\" \/><\/p>\n","protected":false},"excerpt":{"rendered":"<p><strong>Le Parfum 100ml<\/strong> de <em>Elie Saab<\/em> est <em>un\u00a0<strong>parfum identique \u00e0 l\u2019original<\/strong>, m\u00eame senteurs, packaging et flacon.<\/em><\/p>\n<p>C&#8217;est un eau de parfum Orientale Floral pour femme.<\/p>\n<p>La note de t\u00eate est Fleur d&#8217;oranger d&#8217;Afrique; la note de c\u0153ur est Jasmin; les notes de fond sont Miel blanc, Patchouli, Rose et C\u00e8dre de Virginie.<\/p>\n<p><img fetchpriority=\"high\" decoding=\"async\" class=\"alignnone size-full wp-image-6230\" src=\"http:\/\/deeva.website\/wp-content\/uploads\/2025\/05\/elieSaab5.jpg\" alt=\"\" width=\"225\" height=\"225\" srcset=\"https:\/\/deeva.website\/wp-content\/uploads\/2025\/05\/elieSaab5.jpg 225w, https:\/\/deeva.website\/wp-content\/uploads\/2025\/05\/elieSaab5-150x150.jpg 150w, https:\/\/deeva.website\/wp-content\/uploads\/2025\/05\/elieSaab5-100x100.jpg 100w, https:\/\/deeva.website\/wp-content\/uploads\/2025\/05\/elieSaab5-24x24.jpg 24w, https:\/\/deeva.website\/wp-content\/uploads\/2025\/05\/elieSaab5-48x48.jpg 48w, https:\/\/deeva.website\/wp-content\/uploads\/2025\/05\/elieSaab5-96x96.jpg 96w\" sizes=\"(max-width: 225px) 100vw, 225px\" \/> <img decoding=\"async\" class=\"alignnone size-medium wp-image-6226\" src=\"http:\/\/deeva.website\/wp-content\/uploads\/2025\/05\/elieSaab3-291x300.png\" alt=\"\" width=\"291\" height=\"300\" srcset=\"https:\/\/deeva.website\/wp-content\/uploads\/2025\/05\/elieSaab3-291x300.png 291w, https:\/\/deeva.website\/wp-content\/uploads\/2025\/05\/elieSaab3-24x24.png 24w, https:\/\/deeva.website\/wp-content\/uploads\/2025\/05\/elieSaab3-48x48.png 48w, https:\/\/deeva.website\/wp-content\/uploads\/2025\/05\/elieSaab3.png 355w\" sizes=\"(max-width: 291px) 100vw, 291px\" \/><\/p>\n","protected":false},"featured_media":6228,"comment_status":"open","ping_status":"closed","template":"","meta":[],"product_cat":[81],"product_tag":[],"_links":{"self":[{"href":"https:\/\/deeva.website\/fr-tn\/wp-json\/wp\/v2\/product\/6221"}],"collection":[{"href":"https:\/\/deeva.website\/fr-tn\/wp-json\/wp\/v2\/product"}],"about":[{"href":"https:\/\/deeva.website\/fr-tn\/wp-json\/wp\/v2\/types\/product"}],"replies":[{"embeddable":true,"href":"https:\/\/deeva.website\/fr-tn\/wp-json\/wp\/v2\/comments?post=6221"}],"version-history":[{"count":1,"href":"https:\/\/deeva.website\/fr-tn\/wp-json\/wp\/v2\/product\/6221\/revisions"}],"predecessor-version":[{"id":6232,"href":"https:\/\/deeva.website\/fr-tn\/wp-json\/wp\/v2\/product\/6221\/revisions\/6232"}],"wp:featuredmedia":[{"embeddable":true,"href":"https:\/\/deeva.website\/fr-tn\/wp-json\/wp\/v2\/media\/6228"}],"wp:attachment":[{"href":"https:\/\/deeva.website\/fr-tn\/wp-json\/wp\/v2\/media?parent=6221"}],"wp:term":[{"taxonomy":"product_cat","embeddable":true,"href":"https:\/\/deeva.website\/fr-tn\/wp-json\/wp\/v2\/product_cat?post=6221"},{"taxonomy":"product_tag","embeddable":true,"href":"https:\/\/deeva.website\/fr-tn\/wp-json\/wp\/v2\/product_tag?post=6221"}],"curies":[{"name":"wp","href":"https:\/\/api.w.org\/{rel}","templated":true}]}}