{"id":6207,"date":"2025-05-01T18:31:34","date_gmt":"2025-05-01T16:31:34","guid":{"rendered":"https:\/\/deeva.website\/?post_type=product&#038;p=6207"},"modified":"2025-05-01T18:31:35","modified_gmt":"2025-05-01T16:31:35","slug":"narciso-rodriguez-for-her-forever","status":"publish","type":"product","link":"https:\/\/deeva.website\/fr-tn\/produit\/narciso-rodriguez-for-her-forever\/","title":{"rendered":"Narciso Rodriguez For Her Forever"},"content":{"rendered":"<p><strong>Narciso Rodriguez For Her Forever 100ml<\/strong> de <em>Narciso Rodriguez<\/em> est est un\u00a0<strong>parfum identique \u00e0 l\u2019original<\/strong>, m\u00eame senteurs, packaging et flacon.<\/p>\n<p>C&#8217;est un eau de parfum Floral Bois\u00e9 Musqu\u00e9 pour femme.<\/p>\n<p>Les notes de t\u00eate sont Jasmin, Frangipanier et Gard\u00e9nia; les notes de c\u0153ur sont Osmanthus, Fleur d&#8217;oranger d&#8217;Afrique et Tub\u00e9reuse; les notes de fond sont Musc et Patchouli.<\/p>\n<p><img fetchpriority=\"high\" decoding=\"async\" class=\"alignnone size-full wp-image-6212\" src=\"http:\/\/deeva.website\/wp-content\/uploads\/2025\/05\/forever3.jpg\" alt=\"\" width=\"225\" height=\"225\" srcset=\"https:\/\/deeva.website\/wp-content\/uploads\/2025\/05\/forever3.jpg 225w, https:\/\/deeva.website\/wp-content\/uploads\/2025\/05\/forever3-150x150.jpg 150w, https:\/\/deeva.website\/wp-content\/uploads\/2025\/05\/forever3-100x100.jpg 100w, https:\/\/deeva.website\/wp-content\/uploads\/2025\/05\/forever3-24x24.jpg 24w, https:\/\/deeva.website\/wp-content\/uploads\/2025\/05\/forever3-48x48.jpg 48w, https:\/\/deeva.website\/wp-content\/uploads\/2025\/05\/forever3-96x96.jpg 96w\" sizes=\"(max-width: 225px) 100vw, 225px\" \/> <img decoding=\"async\" class=\"alignnone size-medium wp-image-6216\" src=\"http:\/\/deeva.website\/wp-content\/uploads\/2025\/05\/forever5-262x300.png\" alt=\"\" width=\"262\" height=\"300\" srcset=\"https:\/\/deeva.website\/wp-content\/uploads\/2025\/05\/forever5-262x300.png 262w, https:\/\/deeva.website\/wp-content\/uploads\/2025\/05\/forever5.png 361w\" sizes=\"(max-width: 262px) 100vw, 262px\" \/><\/p>\n","protected":false},"excerpt":{"rendered":"<p><strong>Narciso Rodriguez For Her Forever 100ml<\/strong> de <em>Narciso Rodriguez<\/em> est est un\u00a0<strong>parfum identique \u00e0 l\u2019original<\/strong>, m\u00eame senteurs, packaging et flacon.<\/p>\n<p>C&#8217;est un eau de parfum Floral Bois\u00e9 Musqu\u00e9 pour femme.<\/p>\n<p>Les notes de t\u00eate sont Jasmin, Frangipanier et Gard\u00e9nia; les notes de c\u0153ur sont Osmanthus, Fleur d&#8217;oranger d&#8217;Afrique et Tub\u00e9reuse; les notes de fond sont Musc et Patchouli.<\/p>\n<p><img fetchpriority=\"high\" decoding=\"async\" class=\"alignnone size-full wp-image-6212\" src=\"http:\/\/deeva.website\/wp-content\/uploads\/2025\/05\/forever3.jpg\" alt=\"\" width=\"225\" height=\"225\" srcset=\"https:\/\/deeva.website\/wp-content\/uploads\/2025\/05\/forever3.jpg 225w, https:\/\/deeva.website\/wp-content\/uploads\/2025\/05\/forever3-150x150.jpg 150w, https:\/\/deeva.website\/wp-content\/uploads\/2025\/05\/forever3-100x100.jpg 100w, https:\/\/deeva.website\/wp-content\/uploads\/2025\/05\/forever3-24x24.jpg 24w, https:\/\/deeva.website\/wp-content\/uploads\/2025\/05\/forever3-48x48.jpg 48w, https:\/\/deeva.website\/wp-content\/uploads\/2025\/05\/forever3-96x96.jpg 96w\" sizes=\"(max-width: 225px) 100vw, 225px\" \/> <img decoding=\"async\" class=\"alignnone size-medium wp-image-6216\" src=\"http:\/\/deeva.website\/wp-content\/uploads\/2025\/05\/forever5-262x300.png\" alt=\"\" width=\"262\" height=\"300\" srcset=\"https:\/\/deeva.website\/wp-content\/uploads\/2025\/05\/forever5-262x300.png 262w, https:\/\/deeva.website\/wp-content\/uploads\/2025\/05\/forever5.png 361w\" sizes=\"(max-width: 262px) 100vw, 262px\" \/><\/p>\n","protected":false},"featured_media":6208,"comment_status":"open","ping_status":"closed","template":"","meta":[],"product_cat":[81],"product_tag":[],"_links":{"self":[{"href":"https:\/\/deeva.website\/fr-tn\/wp-json\/wp\/v2\/product\/6207"}],"collection":[{"href":"https:\/\/deeva.website\/fr-tn\/wp-json\/wp\/v2\/product"}],"about":[{"href":"https:\/\/deeva.website\/fr-tn\/wp-json\/wp\/v2\/types\/product"}],"replies":[{"embeddable":true,"href":"https:\/\/deeva.website\/fr-tn\/wp-json\/wp\/v2\/comments?post=6207"}],"version-history":[{"count":1,"href":"https:\/\/deeva.website\/fr-tn\/wp-json\/wp\/v2\/product\/6207\/revisions"}],"predecessor-version":[{"id":6218,"href":"https:\/\/deeva.website\/fr-tn\/wp-json\/wp\/v2\/product\/6207\/revisions\/6218"}],"wp:featuredmedia":[{"embeddable":true,"href":"https:\/\/deeva.website\/fr-tn\/wp-json\/wp\/v2\/media\/6208"}],"wp:attachment":[{"href":"https:\/\/deeva.website\/fr-tn\/wp-json\/wp\/v2\/media?parent=6207"}],"wp:term":[{"taxonomy":"product_cat","embeddable":true,"href":"https:\/\/deeva.website\/fr-tn\/wp-json\/wp\/v2\/product_cat?post=6207"},{"taxonomy":"product_tag","embeddable":true,"href":"https:\/\/deeva.website\/fr-tn\/wp-json\/wp\/v2\/product_tag?post=6207"}],"curies":[{"name":"wp","href":"https:\/\/api.w.org\/{rel}","templated":true}]}}