{"id":6197,"date":"2025-05-01T18:24:08","date_gmt":"2025-05-01T16:24:08","guid":{"rendered":"https:\/\/deeva.website\/?post_type=product&#038;p=6197"},"modified":"2025-05-01T18:24:08","modified_gmt":"2025-05-01T16:24:08","slug":"narciso-rodriguez-for-her-eau-de-toilette","status":"publish","type":"product","link":"https:\/\/deeva.website\/fr-tn\/produit\/narciso-rodriguez-for-her-eau-de-toilette\/","title":{"rendered":"Narciso Rodriguez For Her Eau de Toilette"},"content":{"rendered":"<p><strong>Narciso Rodriguez For Her 100ml<\/strong> de <em>Narciso Rodriguez<\/em> est est un\u00a0<strong>parfum identique \u00e0 l\u2019original<\/strong>, m\u00eame senteurs, packaging et flacon.<\/p>\n<p>C&#8217;est un eau de toilette Floral Bois\u00e9 Musqu\u00e9 pour femme.<\/p>\n<p>Les notes de t\u00eate sont Fleur d&#8217;oranger d&#8217;Afrique, Osmanthus et Bergamote; les notes de c\u0153ur sont Musc et Ambre; les notes de fond sont V\u00e9tiver, Patchouli et Vanille.<\/p>\n<p><img fetchpriority=\"high\" decoding=\"async\" class=\"alignnone size-medium wp-image-6202\" src=\"http:\/\/deeva.website\/wp-content\/uploads\/2025\/05\/narcisoEdt3-300x169.jpg\" alt=\"\" width=\"300\" height=\"169\" srcset=\"https:\/\/deeva.website\/wp-content\/uploads\/2025\/05\/narcisoEdt3-300x169.jpg 300w, https:\/\/deeva.website\/wp-content\/uploads\/2025\/05\/narcisoEdt3-1024x576.jpg 1024w, https:\/\/deeva.website\/wp-content\/uploads\/2025\/05\/narcisoEdt3-768x432.jpg 768w, https:\/\/deeva.website\/wp-content\/uploads\/2025\/05\/narcisoEdt3-600x338.jpg 600w, https:\/\/deeva.website\/wp-content\/uploads\/2025\/05\/narcisoEdt3.jpg 1440w\" sizes=\"(max-width: 300px) 100vw, 300px\" \/> <img decoding=\"async\" class=\"alignnone size-medium wp-image-6198\" src=\"http:\/\/deeva.website\/wp-content\/uploads\/2025\/05\/narcisoEdt1-243x300.png\" alt=\"\" width=\"243\" height=\"300\" srcset=\"https:\/\/deeva.website\/wp-content\/uploads\/2025\/05\/narcisoEdt1-243x300.png 243w, https:\/\/deeva.website\/wp-content\/uploads\/2025\/05\/narcisoEdt1.png 364w\" sizes=\"(max-width: 243px) 100vw, 243px\" \/><\/p>\n","protected":false},"excerpt":{"rendered":"<p><strong>Narciso Rodriguez For Her 100ml<\/strong> de <em>Narciso Rodriguez<\/em> est est un\u00a0<strong>parfum identique \u00e0 l\u2019original<\/strong>, m\u00eame senteurs, packaging et flacon.<\/p>\n<p>C&#8217;est un eau de toilette Floral Bois\u00e9 Musqu\u00e9 pour femme.<\/p>\n<p>Les notes de t\u00eate sont Fleur d&#8217;oranger d&#8217;Afrique, Osmanthus et Bergamote; les notes de c\u0153ur sont Musc et Ambre; les notes de fond sont V\u00e9tiver, Patchouli et Vanille.<\/p>\n<p><img fetchpriority=\"high\" decoding=\"async\" class=\"alignnone size-medium wp-image-6202\" src=\"http:\/\/deeva.website\/wp-content\/uploads\/2025\/05\/narcisoEdt3-300x169.jpg\" alt=\"\" width=\"300\" height=\"169\" srcset=\"https:\/\/deeva.website\/wp-content\/uploads\/2025\/05\/narcisoEdt3-300x169.jpg 300w, https:\/\/deeva.website\/wp-content\/uploads\/2025\/05\/narcisoEdt3-1024x576.jpg 1024w, https:\/\/deeva.website\/wp-content\/uploads\/2025\/05\/narcisoEdt3-768x432.jpg 768w, https:\/\/deeva.website\/wp-content\/uploads\/2025\/05\/narcisoEdt3-600x338.jpg 600w, https:\/\/deeva.website\/wp-content\/uploads\/2025\/05\/narcisoEdt3.jpg 1440w\" sizes=\"(max-width: 300px) 100vw, 300px\" \/> <img decoding=\"async\" class=\"alignnone size-medium wp-image-6198\" src=\"http:\/\/deeva.website\/wp-content\/uploads\/2025\/05\/narcisoEdt1-243x300.png\" alt=\"\" width=\"243\" height=\"300\" srcset=\"https:\/\/deeva.website\/wp-content\/uploads\/2025\/05\/narcisoEdt1-243x300.png 243w, https:\/\/deeva.website\/wp-content\/uploads\/2025\/05\/narcisoEdt1.png 364w\" sizes=\"(max-width: 243px) 100vw, 243px\" \/><\/p>\n","protected":false},"featured_media":6204,"comment_status":"open","ping_status":"closed","template":"","meta":[],"product_cat":[86],"product_tag":[],"_links":{"self":[{"href":"https:\/\/deeva.website\/fr-tn\/wp-json\/wp\/v2\/product\/6197"}],"collection":[{"href":"https:\/\/deeva.website\/fr-tn\/wp-json\/wp\/v2\/product"}],"about":[{"href":"https:\/\/deeva.website\/fr-tn\/wp-json\/wp\/v2\/types\/product"}],"replies":[{"embeddable":true,"href":"https:\/\/deeva.website\/fr-tn\/wp-json\/wp\/v2\/comments?post=6197"}],"version-history":[{"count":1,"href":"https:\/\/deeva.website\/fr-tn\/wp-json\/wp\/v2\/product\/6197\/revisions"}],"predecessor-version":[{"id":6206,"href":"https:\/\/deeva.website\/fr-tn\/wp-json\/wp\/v2\/product\/6197\/revisions\/6206"}],"wp:featuredmedia":[{"embeddable":true,"href":"https:\/\/deeva.website\/fr-tn\/wp-json\/wp\/v2\/media\/6204"}],"wp:attachment":[{"href":"https:\/\/deeva.website\/fr-tn\/wp-json\/wp\/v2\/media?parent=6197"}],"wp:term":[{"taxonomy":"product_cat","embeddable":true,"href":"https:\/\/deeva.website\/fr-tn\/wp-json\/wp\/v2\/product_cat?post=6197"},{"taxonomy":"product_tag","embeddable":true,"href":"https:\/\/deeva.website\/fr-tn\/wp-json\/wp\/v2\/product_tag?post=6197"}],"curies":[{"name":"wp","href":"https:\/\/api.w.org\/{rel}","templated":true}]}}