{"id":6187,"date":"2025-05-01T18:17:33","date_gmt":"2025-05-01T16:17:33","guid":{"rendered":"https:\/\/deeva.website\/?post_type=product&#038;p=6187"},"modified":"2025-05-01T18:17:34","modified_gmt":"2025-05-01T16:17:34","slug":"narciso-rodriguez-for-her-eau-de-parfum","status":"publish","type":"product","link":"https:\/\/deeva.website\/fr-tn\/produit\/narciso-rodriguez-for-her-eau-de-parfum\/","title":{"rendered":"Narciso Rodriguez for Her Eau de Parfum"},"content":{"rendered":"<p><strong>Narciso Rodriguez for Her Eau de Parfum 100ml<\/strong> de <em>Narciso Rodriguez est un\u00a0<strong>parfum identique \u00e0 l\u2019original<\/strong>, m\u00eame senteurs, packaging et flacon.<\/em><\/p>\n<p>C&#8217;est un eau de parfum Floral Bois\u00e9 Musqu\u00e9 pour femme.<\/p>\n<p>Les notes de t\u00eate sont Rose et P\u00eache; les notes de c\u0153ur sont Musc et Ambre; les notes de fond sont Patchouli et Bois de santal.<\/p>\n<p><img fetchpriority=\"high\" decoding=\"async\" class=\"alignnone size-full wp-image-6194\" src=\"http:\/\/deeva.website\/wp-content\/uploads\/2025\/05\/narciso4.jpg\" alt=\"\" width=\"300\" height=\"168\" \/> <img decoding=\"async\" class=\"alignnone size-medium wp-image-6192\" src=\"http:\/\/deeva.website\/wp-content\/uploads\/2025\/05\/narciso3-212x300.png\" alt=\"\" width=\"212\" height=\"300\" srcset=\"https:\/\/deeva.website\/wp-content\/uploads\/2025\/05\/narciso3-212x300.png 212w, https:\/\/deeva.website\/wp-content\/uploads\/2025\/05\/narciso3.png 326w\" sizes=\"(max-width: 212px) 100vw, 212px\" \/><\/p>\n","protected":false},"excerpt":{"rendered":"<p><strong>Narciso Rodriguez for Her Eau de Parfum 100ml<\/strong> de <em>Narciso Rodriguez est un\u00a0<strong>parfum identique \u00e0 l\u2019original<\/strong>, m\u00eame senteurs, packaging et flacon.<\/em><\/p>\n<p>C&#8217;est un eau de parfum Floral Bois\u00e9 Musqu\u00e9 pour femme.<\/p>\n<p>Les notes de t\u00eate sont Rose et P\u00eache; les notes de c\u0153ur sont Musc et Ambre; les notes de fond sont Patchouli et Bois de santal.<\/p>\n<p><img fetchpriority=\"high\" decoding=\"async\" class=\"alignnone size-full wp-image-6194\" src=\"http:\/\/deeva.website\/wp-content\/uploads\/2025\/05\/narciso4.jpg\" alt=\"\" width=\"300\" height=\"168\" \/> <img decoding=\"async\" class=\"alignnone size-medium wp-image-6192\" src=\"http:\/\/deeva.website\/wp-content\/uploads\/2025\/05\/narciso3-212x300.png\" alt=\"\" width=\"212\" height=\"300\" srcset=\"https:\/\/deeva.website\/wp-content\/uploads\/2025\/05\/narciso3-212x300.png 212w, https:\/\/deeva.website\/wp-content\/uploads\/2025\/05\/narciso3.png 326w\" sizes=\"(max-width: 212px) 100vw, 212px\" \/><\/p>\n","protected":false},"featured_media":6188,"comment_status":"open","ping_status":"closed","template":"","meta":[],"product_cat":[81],"product_tag":[],"_links":{"self":[{"href":"https:\/\/deeva.website\/fr-tn\/wp-json\/wp\/v2\/product\/6187"}],"collection":[{"href":"https:\/\/deeva.website\/fr-tn\/wp-json\/wp\/v2\/product"}],"about":[{"href":"https:\/\/deeva.website\/fr-tn\/wp-json\/wp\/v2\/types\/product"}],"replies":[{"embeddable":true,"href":"https:\/\/deeva.website\/fr-tn\/wp-json\/wp\/v2\/comments?post=6187"}],"version-history":[{"count":1,"href":"https:\/\/deeva.website\/fr-tn\/wp-json\/wp\/v2\/product\/6187\/revisions"}],"predecessor-version":[{"id":6196,"href":"https:\/\/deeva.website\/fr-tn\/wp-json\/wp\/v2\/product\/6187\/revisions\/6196"}],"wp:featuredmedia":[{"embeddable":true,"href":"https:\/\/deeva.website\/fr-tn\/wp-json\/wp\/v2\/media\/6188"}],"wp:attachment":[{"href":"https:\/\/deeva.website\/fr-tn\/wp-json\/wp\/v2\/media?parent=6187"}],"wp:term":[{"taxonomy":"product_cat","embeddable":true,"href":"https:\/\/deeva.website\/fr-tn\/wp-json\/wp\/v2\/product_cat?post=6187"},{"taxonomy":"product_tag","embeddable":true,"href":"https:\/\/deeva.website\/fr-tn\/wp-json\/wp\/v2\/product_tag?post=6187"}],"curies":[{"name":"wp","href":"https:\/\/api.w.org\/{rel}","templated":true}]}}