{"id":6165,"date":"2025-05-01T18:06:08","date_gmt":"2025-05-01T16:06:08","guid":{"rendered":"https:\/\/deeva.website\/?post_type=product&#038;p=6165"},"modified":"2025-05-01T18:06:08","modified_gmt":"2025-05-01T16:06:08","slug":"lancome-la-nuit-tresor","status":"publish","type":"product","link":"https:\/\/deeva.website\/fr-tn\/produit\/lancome-la-nuit-tresor\/","title":{"rendered":"Lanc\u00f4me La Nuit Tr\u00e9sor"},"content":{"rendered":"<p><strong>La Nuit Tr\u00e9sor 75ml<\/strong> de <em>Lanc\u00f4me<\/em> est un\u00a0<strong>parfum identique \u00e0 l\u2019original<\/strong>, m\u00eame senteurs, packaging et flacon.<\/p>\n<p>C&#8217;est un eau de parfum Orientale Vanill\u00e9 pour femme.<\/p>\n<p>Les notes de t\u00eate sont Poire, Tangerine et Bergamote; les notes de c\u0153ur sont Fraise, Orchid\u00e9e vanilla, Rose noire et Fruit de la passion; les notes de fond sont Pralin\u00e9, Caramel, Litchi, Vanille, Patchouli, Encens, Caf\u00e9, R\u00e9glisse, Coumarine et Papyrus.<\/p>\n<p><img fetchpriority=\"high\" decoding=\"async\" class=\"alignnone size-medium wp-image-6168\" src=\"http:\/\/deeva.website\/wp-content\/uploads\/2025\/05\/la-nuit-tresor2-280x300.png\" alt=\"\" width=\"280\" height=\"300\" srcset=\"https:\/\/deeva.website\/wp-content\/uploads\/2025\/05\/la-nuit-tresor2-280x300.png 280w, https:\/\/deeva.website\/wp-content\/uploads\/2025\/05\/la-nuit-tresor2.png 448w\" sizes=\"(max-width: 280px) 100vw, 280px\" \/> <img decoding=\"async\" class=\"alignnone size-medium wp-image-6172\" src=\"http:\/\/deeva.website\/wp-content\/uploads\/2025\/05\/la-nuit-tresor4-240x300.png\" alt=\"\" width=\"240\" height=\"300\" srcset=\"https:\/\/deeva.website\/wp-content\/uploads\/2025\/05\/la-nuit-tresor4-240x300.png 240w, https:\/\/deeva.website\/wp-content\/uploads\/2025\/05\/la-nuit-tresor4.png 365w\" sizes=\"(max-width: 240px) 100vw, 240px\" \/><\/p>\n","protected":false},"excerpt":{"rendered":"<p><strong>La Nuit Tr\u00e9sor 75ml<\/strong> de <em>Lanc\u00f4me<\/em> est un\u00a0<strong>parfum identique \u00e0 l\u2019original<\/strong>, m\u00eame senteurs, packaging et flacon.<\/p>\n<p>C&#8217;est un eau de parfum Orientale Vanill\u00e9 pour femme.<\/p>\n<p>Les notes de t\u00eate sont Poire, Tangerine et Bergamote; les notes de c\u0153ur sont Fraise, Orchid\u00e9e vanilla, Rose noire et Fruit de la passion; les notes de fond sont Pralin\u00e9, Caramel, Litchi, Vanille, Patchouli, Encens, Caf\u00e9, R\u00e9glisse, Coumarine et Papyrus.<\/p>\n<p><img fetchpriority=\"high\" decoding=\"async\" class=\"alignnone size-medium wp-image-6168\" src=\"http:\/\/deeva.website\/wp-content\/uploads\/2025\/05\/la-nuit-tresor2-280x300.png\" alt=\"\" width=\"280\" height=\"300\" srcset=\"https:\/\/deeva.website\/wp-content\/uploads\/2025\/05\/la-nuit-tresor2-280x300.png 280w, https:\/\/deeva.website\/wp-content\/uploads\/2025\/05\/la-nuit-tresor2.png 448w\" sizes=\"(max-width: 280px) 100vw, 280px\" \/> <img decoding=\"async\" class=\"alignnone size-medium wp-image-6172\" src=\"http:\/\/deeva.website\/wp-content\/uploads\/2025\/05\/la-nuit-tresor4-240x300.png\" alt=\"\" width=\"240\" height=\"300\" srcset=\"https:\/\/deeva.website\/wp-content\/uploads\/2025\/05\/la-nuit-tresor4-240x300.png 240w, https:\/\/deeva.website\/wp-content\/uploads\/2025\/05\/la-nuit-tresor4.png 365w\" sizes=\"(max-width: 240px) 100vw, 240px\" \/><\/p>\n","protected":false},"featured_media":6174,"comment_status":"open","ping_status":"closed","template":"","meta":[],"product_cat":[81],"product_tag":[],"_links":{"self":[{"href":"https:\/\/deeva.website\/fr-tn\/wp-json\/wp\/v2\/product\/6165"}],"collection":[{"href":"https:\/\/deeva.website\/fr-tn\/wp-json\/wp\/v2\/product"}],"about":[{"href":"https:\/\/deeva.website\/fr-tn\/wp-json\/wp\/v2\/types\/product"}],"replies":[{"embeddable":true,"href":"https:\/\/deeva.website\/fr-tn\/wp-json\/wp\/v2\/comments?post=6165"}],"version-history":[{"count":1,"href":"https:\/\/deeva.website\/fr-tn\/wp-json\/wp\/v2\/product\/6165\/revisions"}],"predecessor-version":[{"id":6176,"href":"https:\/\/deeva.website\/fr-tn\/wp-json\/wp\/v2\/product\/6165\/revisions\/6176"}],"wp:featuredmedia":[{"embeddable":true,"href":"https:\/\/deeva.website\/fr-tn\/wp-json\/wp\/v2\/media\/6174"}],"wp:attachment":[{"href":"https:\/\/deeva.website\/fr-tn\/wp-json\/wp\/v2\/media?parent=6165"}],"wp:term":[{"taxonomy":"product_cat","embeddable":true,"href":"https:\/\/deeva.website\/fr-tn\/wp-json\/wp\/v2\/product_cat?post=6165"},{"taxonomy":"product_tag","embeddable":true,"href":"https:\/\/deeva.website\/fr-tn\/wp-json\/wp\/v2\/product_tag?post=6165"}],"curies":[{"name":"wp","href":"https:\/\/api.w.org\/{rel}","templated":true}]}}