{"id":6153,"date":"2025-05-01T17:58:14","date_gmt":"2025-05-01T15:58:14","guid":{"rendered":"https:\/\/deeva.website\/?post_type=product&#038;p=6153"},"modified":"2025-05-01T17:58:14","modified_gmt":"2025-05-01T15:58:14","slug":"lancome-tresor","status":"publish","type":"product","link":"https:\/\/deeva.website\/fr-tn\/produit\/lancome-tresor\/","title":{"rendered":"Lanc\u00f4me Tr\u00e9sor"},"content":{"rendered":"<p><strong>Tr\u00e9sor 100ml<\/strong> de <em>Lanc\u00f4me<\/em> est un\u00a0<strong>parfum identique \u00e0 l\u2019original<\/strong>, m\u00eame senteurs, packaging et flacon.<\/p>\n<p>C&#8217;est un eau de parfum Orientale Floral pour femme.<\/p>\n<p>Tr\u00e9sor a \u00e9t\u00e9 lanc\u00e9 en 1990. Le nez derri\u00e8re ce parfum est Sophia Grojsman. Les notes de t\u00eate sont P\u00eache, Rose, Fleur d&#8217;abricotier, Lila, Ananas, Muguet et Bergamote; les notes de c\u0153ur sont Rose, Iris, H\u00e9liotrope et Jasmin; les notes de fond sont P\u00eache, Abricot, Vanille, Bois de santal, Ambre et Musc.<\/p>\n<p><img fetchpriority=\"high\" decoding=\"async\" class=\"alignnone size-medium wp-image-6156\" src=\"http:\/\/deeva.website\/wp-content\/uploads\/2025\/05\/tresor1-300x300.jpg\" alt=\"\" width=\"300\" height=\"300\" srcset=\"https:\/\/deeva.website\/wp-content\/uploads\/2025\/05\/tresor1-300x300.jpg 300w, https:\/\/deeva.website\/wp-content\/uploads\/2025\/05\/tresor1-1024x1024.jpg 1024w, https:\/\/deeva.website\/wp-content\/uploads\/2025\/05\/tresor1-150x150.jpg 150w, https:\/\/deeva.website\/wp-content\/uploads\/2025\/05\/tresor1-768x768.jpg 768w, https:\/\/deeva.website\/wp-content\/uploads\/2025\/05\/tresor1-400x400.jpg 400w, https:\/\/deeva.website\/wp-content\/uploads\/2025\/05\/tresor1-600x600.jpg 600w, https:\/\/deeva.website\/wp-content\/uploads\/2025\/05\/tresor1-100x100.jpg 100w, https:\/\/deeva.website\/wp-content\/uploads\/2025\/05\/tresor1-24x24.jpg 24w, https:\/\/deeva.website\/wp-content\/uploads\/2025\/05\/tresor1-48x48.jpg 48w, https:\/\/deeva.website\/wp-content\/uploads\/2025\/05\/tresor1-96x96.jpg 96w, https:\/\/deeva.website\/wp-content\/uploads\/2025\/05\/tresor1.jpg 1200w\" sizes=\"(max-width: 300px) 100vw, 300px\" \/> <img decoding=\"async\" class=\"alignnone size-medium wp-image-6162\" src=\"http:\/\/deeva.website\/wp-content\/uploads\/2025\/05\/tresor4-251x300.png\" alt=\"\" width=\"251\" height=\"300\" srcset=\"https:\/\/deeva.website\/wp-content\/uploads\/2025\/05\/tresor4-251x300.png 251w, https:\/\/deeva.website\/wp-content\/uploads\/2025\/05\/tresor4.png 380w\" sizes=\"(max-width: 251px) 100vw, 251px\" \/><\/p>\n","protected":false},"excerpt":{"rendered":"<p><strong>Tr\u00e9sor 100ml<\/strong> de <em>Lanc\u00f4me<\/em> est un\u00a0<strong>parfum identique \u00e0 l\u2019original<\/strong>, m\u00eame senteurs, packaging et flacon.<\/p>\n<p>C&#8217;est un eau de parfum Orientale Floral pour femme.<\/p>\n<p>Tr\u00e9sor a \u00e9t\u00e9 lanc\u00e9 en 1990. Le nez derri\u00e8re ce parfum est Sophia Grojsman. Les notes de t\u00eate sont P\u00eache, Rose, Fleur d&#8217;abricotier, Lila, Ananas, Muguet et Bergamote; les notes de c\u0153ur sont Rose, Iris, H\u00e9liotrope et Jasmin; les notes de fond sont P\u00eache, Abricot, Vanille, Bois de santal, Ambre et Musc.<\/p>\n<p><img fetchpriority=\"high\" decoding=\"async\" class=\"alignnone size-medium wp-image-6156\" src=\"http:\/\/deeva.website\/wp-content\/uploads\/2025\/05\/tresor1-300x300.jpg\" alt=\"\" width=\"300\" height=\"300\" srcset=\"https:\/\/deeva.website\/wp-content\/uploads\/2025\/05\/tresor1-300x300.jpg 300w, https:\/\/deeva.website\/wp-content\/uploads\/2025\/05\/tresor1-1024x1024.jpg 1024w, https:\/\/deeva.website\/wp-content\/uploads\/2025\/05\/tresor1-150x150.jpg 150w, https:\/\/deeva.website\/wp-content\/uploads\/2025\/05\/tresor1-768x768.jpg 768w, https:\/\/deeva.website\/wp-content\/uploads\/2025\/05\/tresor1-400x400.jpg 400w, https:\/\/deeva.website\/wp-content\/uploads\/2025\/05\/tresor1-600x600.jpg 600w, https:\/\/deeva.website\/wp-content\/uploads\/2025\/05\/tresor1-100x100.jpg 100w, https:\/\/deeva.website\/wp-content\/uploads\/2025\/05\/tresor1-24x24.jpg 24w, https:\/\/deeva.website\/wp-content\/uploads\/2025\/05\/tresor1-48x48.jpg 48w, https:\/\/deeva.website\/wp-content\/uploads\/2025\/05\/tresor1-96x96.jpg 96w, https:\/\/deeva.website\/wp-content\/uploads\/2025\/05\/tresor1.jpg 1200w\" sizes=\"(max-width: 300px) 100vw, 300px\" \/> <img decoding=\"async\" class=\"alignnone size-medium wp-image-6162\" src=\"http:\/\/deeva.website\/wp-content\/uploads\/2025\/05\/tresor4-251x300.png\" alt=\"\" width=\"251\" height=\"300\" srcset=\"https:\/\/deeva.website\/wp-content\/uploads\/2025\/05\/tresor4-251x300.png 251w, https:\/\/deeva.website\/wp-content\/uploads\/2025\/05\/tresor4.png 380w\" sizes=\"(max-width: 251px) 100vw, 251px\" \/><\/p>\n","protected":false},"featured_media":6160,"comment_status":"open","ping_status":"closed","template":"","meta":[],"product_cat":[81],"product_tag":[],"_links":{"self":[{"href":"https:\/\/deeva.website\/fr-tn\/wp-json\/wp\/v2\/product\/6153"}],"collection":[{"href":"https:\/\/deeva.website\/fr-tn\/wp-json\/wp\/v2\/product"}],"about":[{"href":"https:\/\/deeva.website\/fr-tn\/wp-json\/wp\/v2\/types\/product"}],"replies":[{"embeddable":true,"href":"https:\/\/deeva.website\/fr-tn\/wp-json\/wp\/v2\/comments?post=6153"}],"version-history":[{"count":1,"href":"https:\/\/deeva.website\/fr-tn\/wp-json\/wp\/v2\/product\/6153\/revisions"}],"predecessor-version":[{"id":6164,"href":"https:\/\/deeva.website\/fr-tn\/wp-json\/wp\/v2\/product\/6153\/revisions\/6164"}],"wp:featuredmedia":[{"embeddable":true,"href":"https:\/\/deeva.website\/fr-tn\/wp-json\/wp\/v2\/media\/6160"}],"wp:attachment":[{"href":"https:\/\/deeva.website\/fr-tn\/wp-json\/wp\/v2\/media?parent=6153"}],"wp:term":[{"taxonomy":"product_cat","embeddable":true,"href":"https:\/\/deeva.website\/fr-tn\/wp-json\/wp\/v2\/product_cat?post=6153"},{"taxonomy":"product_tag","embeddable":true,"href":"https:\/\/deeva.website\/fr-tn\/wp-json\/wp\/v2\/product_tag?post=6153"}],"curies":[{"name":"wp","href":"https:\/\/api.w.org\/{rel}","templated":true}]}}