{"id":6143,"date":"2025-05-01T17:52:55","date_gmt":"2025-05-01T15:52:55","guid":{"rendered":"https:\/\/deeva.website\/?post_type=product&#038;p=6143"},"modified":"2025-05-01T17:52:56","modified_gmt":"2025-05-01T15:52:56","slug":"lancome-idole-now","status":"publish","type":"product","link":"https:\/\/deeva.website\/fr-tn\/produit\/lancome-idole-now\/","title":{"rendered":"Lanc\u00f4me Id\u00f4le Now"},"content":{"rendered":"<p><strong>Id\u00f4le Now 100ml<\/strong> de <em>Lanc\u00f4me<\/em> est un\u00a0<strong>parfum identique \u00e0 l\u2019original<\/strong>, m\u00eame senteurs, packaging et flacon.<\/p>\n<p>C&#8217;est un eau de parfum Orientale Floral pour femme.<\/p>\n<p>La note de t\u00eate est Rose; la note de c\u0153ur est Orchid\u00e9e; la note de fond est Vanille.<\/p>\n<p><img fetchpriority=\"high\" decoding=\"async\" class=\"alignnone size-medium wp-image-6146\" src=\"http:\/\/deeva.website\/wp-content\/uploads\/2025\/05\/idolenow2-300x300.jpg\" alt=\"\" width=\"300\" height=\"300\" srcset=\"https:\/\/deeva.website\/wp-content\/uploads\/2025\/05\/idolenow2-300x300.jpg 300w, https:\/\/deeva.website\/wp-content\/uploads\/2025\/05\/idolenow2-150x150.jpg 150w, https:\/\/deeva.website\/wp-content\/uploads\/2025\/05\/idolenow2-768x768.jpg 768w, https:\/\/deeva.website\/wp-content\/uploads\/2025\/05\/idolenow2-400x400.jpg 400w, https:\/\/deeva.website\/wp-content\/uploads\/2025\/05\/idolenow2-600x600.jpg 600w, https:\/\/deeva.website\/wp-content\/uploads\/2025\/05\/idolenow2-100x100.jpg 100w, https:\/\/deeva.website\/wp-content\/uploads\/2025\/05\/idolenow2-24x24.jpg 24w, https:\/\/deeva.website\/wp-content\/uploads\/2025\/05\/idolenow2-48x48.jpg 48w, https:\/\/deeva.website\/wp-content\/uploads\/2025\/05\/idolenow2-96x96.jpg 96w, https:\/\/deeva.website\/wp-content\/uploads\/2025\/05\/idolenow2.jpg 800w\" sizes=\"(max-width: 300px) 100vw, 300px\" \/> <img decoding=\"async\" class=\"alignnone size-medium wp-image-6150\" src=\"http:\/\/deeva.website\/wp-content\/uploads\/2025\/05\/idolenow4-300x297.png\" alt=\"\" width=\"300\" height=\"297\" srcset=\"https:\/\/deeva.website\/wp-content\/uploads\/2025\/05\/idolenow4-300x297.png 300w, https:\/\/deeva.website\/wp-content\/uploads\/2025\/05\/idolenow4-150x150.png 150w, https:\/\/deeva.website\/wp-content\/uploads\/2025\/05\/idolenow4-100x100.png 100w, https:\/\/deeva.website\/wp-content\/uploads\/2025\/05\/idolenow4-24x24.png 24w, https:\/\/deeva.website\/wp-content\/uploads\/2025\/05\/idolenow4-48x48.png 48w, https:\/\/deeva.website\/wp-content\/uploads\/2025\/05\/idolenow4-96x96.png 96w, https:\/\/deeva.website\/wp-content\/uploads\/2025\/05\/idolenow4.png 374w\" sizes=\"(max-width: 300px) 100vw, 300px\" \/><\/p>\n","protected":false},"excerpt":{"rendered":"<p><strong>Id\u00f4le Now 100ml<\/strong> de <em>Lanc\u00f4me<\/em> est un\u00a0<strong>parfum identique \u00e0 l\u2019original<\/strong>, m\u00eame senteurs, packaging et flacon.<\/p>\n<p>C&#8217;est un eau de parfum Orientale Floral pour femme.<\/p>\n<p>La note de t\u00eate est Rose; la note de c\u0153ur est Orchid\u00e9e; la note de fond est Vanille.<\/p>\n<p><img fetchpriority=\"high\" decoding=\"async\" class=\"alignnone size-medium wp-image-6146\" src=\"http:\/\/deeva.website\/wp-content\/uploads\/2025\/05\/idolenow2-300x300.jpg\" alt=\"\" width=\"300\" height=\"300\" srcset=\"https:\/\/deeva.website\/wp-content\/uploads\/2025\/05\/idolenow2-300x300.jpg 300w, https:\/\/deeva.website\/wp-content\/uploads\/2025\/05\/idolenow2-150x150.jpg 150w, https:\/\/deeva.website\/wp-content\/uploads\/2025\/05\/idolenow2-768x768.jpg 768w, https:\/\/deeva.website\/wp-content\/uploads\/2025\/05\/idolenow2-400x400.jpg 400w, https:\/\/deeva.website\/wp-content\/uploads\/2025\/05\/idolenow2-600x600.jpg 600w, https:\/\/deeva.website\/wp-content\/uploads\/2025\/05\/idolenow2-100x100.jpg 100w, https:\/\/deeva.website\/wp-content\/uploads\/2025\/05\/idolenow2-24x24.jpg 24w, https:\/\/deeva.website\/wp-content\/uploads\/2025\/05\/idolenow2-48x48.jpg 48w, https:\/\/deeva.website\/wp-content\/uploads\/2025\/05\/idolenow2-96x96.jpg 96w, https:\/\/deeva.website\/wp-content\/uploads\/2025\/05\/idolenow2.jpg 800w\" sizes=\"(max-width: 300px) 100vw, 300px\" \/> <img decoding=\"async\" class=\"alignnone size-medium wp-image-6150\" src=\"http:\/\/deeva.website\/wp-content\/uploads\/2025\/05\/idolenow4-300x297.png\" alt=\"\" width=\"300\" height=\"297\" srcset=\"https:\/\/deeva.website\/wp-content\/uploads\/2025\/05\/idolenow4-300x297.png 300w, https:\/\/deeva.website\/wp-content\/uploads\/2025\/05\/idolenow4-150x150.png 150w, https:\/\/deeva.website\/wp-content\/uploads\/2025\/05\/idolenow4-100x100.png 100w, https:\/\/deeva.website\/wp-content\/uploads\/2025\/05\/idolenow4-24x24.png 24w, https:\/\/deeva.website\/wp-content\/uploads\/2025\/05\/idolenow4-48x48.png 48w, https:\/\/deeva.website\/wp-content\/uploads\/2025\/05\/idolenow4-96x96.png 96w, https:\/\/deeva.website\/wp-content\/uploads\/2025\/05\/idolenow4.png 374w\" sizes=\"(max-width: 300px) 100vw, 300px\" \/><\/p>\n","protected":false},"featured_media":6144,"comment_status":"open","ping_status":"closed","template":"","meta":[],"product_cat":[81],"product_tag":[],"_links":{"self":[{"href":"https:\/\/deeva.website\/fr-tn\/wp-json\/wp\/v2\/product\/6143"}],"collection":[{"href":"https:\/\/deeva.website\/fr-tn\/wp-json\/wp\/v2\/product"}],"about":[{"href":"https:\/\/deeva.website\/fr-tn\/wp-json\/wp\/v2\/types\/product"}],"replies":[{"embeddable":true,"href":"https:\/\/deeva.website\/fr-tn\/wp-json\/wp\/v2\/comments?post=6143"}],"version-history":[{"count":1,"href":"https:\/\/deeva.website\/fr-tn\/wp-json\/wp\/v2\/product\/6143\/revisions"}],"predecessor-version":[{"id":6152,"href":"https:\/\/deeva.website\/fr-tn\/wp-json\/wp\/v2\/product\/6143\/revisions\/6152"}],"wp:featuredmedia":[{"embeddable":true,"href":"https:\/\/deeva.website\/fr-tn\/wp-json\/wp\/v2\/media\/6144"}],"wp:attachment":[{"href":"https:\/\/deeva.website\/fr-tn\/wp-json\/wp\/v2\/media?parent=6143"}],"wp:term":[{"taxonomy":"product_cat","embeddable":true,"href":"https:\/\/deeva.website\/fr-tn\/wp-json\/wp\/v2\/product_cat?post=6143"},{"taxonomy":"product_tag","embeddable":true,"href":"https:\/\/deeva.website\/fr-tn\/wp-json\/wp\/v2\/product_tag?post=6143"}],"curies":[{"name":"wp","href":"https:\/\/api.w.org\/{rel}","templated":true}]}}