{"id":6133,"date":"2025-05-01T17:47:09","date_gmt":"2025-05-01T15:47:09","guid":{"rendered":"https:\/\/deeva.website\/?post_type=product&#038;p=6133"},"modified":"2025-05-01T17:47:09","modified_gmt":"2025-05-01T15:47:09","slug":"lancome-idole","status":"publish","type":"product","link":"https:\/\/deeva.website\/fr-tn\/produit\/lancome-idole\/","title":{"rendered":"Lanc\u00f4me Id\u00f4le"},"content":{"rendered":"<p><strong>Id\u00f4le 75ml<\/strong> de <em>Lanc\u00f4me<\/em> est un\u00a0<strong>parfum identique \u00e0 l\u2019original<\/strong>, m\u00eame senteurs, packaging et flacon.<\/p>\n<p>C&#8217;est un eau de parfum Chypr\u00e9 Floral pour femme.<\/p>\n<p>Les notes de t\u00eate sont Poire, Bergamote et Poivre rose; les notes de c\u0153ur sont Rose et Jasmin; les notes de fond sont Musc blanc, Vanille, Patchouli et C\u00e8dre.<\/p>\n<p><img decoding=\"async\" class=\"alignnone size-medium wp-image-6138\" src=\"http:\/\/deeva.website\/wp-content\/uploads\/2025\/05\/idole3-129x300.jpg\" alt=\"\" width=\"129\" height=\"300\" srcset=\"https:\/\/deeva.website\/wp-content\/uploads\/2025\/05\/idole3-129x300.jpg 129w, https:\/\/deeva.website\/wp-content\/uploads\/2025\/05\/idole3.jpg 379w\" sizes=\"(max-width: 129px) 100vw, 129px\" \/> <img fetchpriority=\"high\" decoding=\"async\" class=\"alignnone size-medium wp-image-6134\" src=\"http:\/\/deeva.website\/wp-content\/uploads\/2025\/05\/idole1-223x300.png\" alt=\"\" width=\"223\" height=\"300\" srcset=\"https:\/\/deeva.website\/wp-content\/uploads\/2025\/05\/idole1-223x300.png 223w, https:\/\/deeva.website\/wp-content\/uploads\/2025\/05\/idole1.png 346w\" sizes=\"(max-width: 223px) 100vw, 223px\" \/><\/p>\n","protected":false},"excerpt":{"rendered":"<p><strong>Id\u00f4le 75ml<\/strong> de <em>Lanc\u00f4me<\/em> est un\u00a0<strong>parfum identique \u00e0 l\u2019original<\/strong>, m\u00eame senteurs, packaging et flacon.<\/p>\n<p>C&#8217;est un eau de parfum Chypr\u00e9 Floral pour femme.<\/p>\n<p>Les notes de t\u00eate sont Poire, Bergamote et Poivre rose; les notes de c\u0153ur sont Rose et Jasmin; les notes de fond sont Musc blanc, Vanille, Patchouli et C\u00e8dre.<\/p>\n<p><img decoding=\"async\" class=\"alignnone size-medium wp-image-6138\" src=\"http:\/\/deeva.website\/wp-content\/uploads\/2025\/05\/idole3-129x300.jpg\" alt=\"\" width=\"129\" height=\"300\" srcset=\"https:\/\/deeva.website\/wp-content\/uploads\/2025\/05\/idole3-129x300.jpg 129w, https:\/\/deeva.website\/wp-content\/uploads\/2025\/05\/idole3.jpg 379w\" sizes=\"(max-width: 129px) 100vw, 129px\" \/> <img fetchpriority=\"high\" decoding=\"async\" class=\"alignnone size-medium wp-image-6134\" src=\"http:\/\/deeva.website\/wp-content\/uploads\/2025\/05\/idole1-223x300.png\" alt=\"\" width=\"223\" height=\"300\" srcset=\"https:\/\/deeva.website\/wp-content\/uploads\/2025\/05\/idole1-223x300.png 223w, https:\/\/deeva.website\/wp-content\/uploads\/2025\/05\/idole1.png 346w\" sizes=\"(max-width: 223px) 100vw, 223px\" \/><\/p>\n","protected":false},"featured_media":6136,"comment_status":"open","ping_status":"closed","template":"","meta":[],"product_cat":[81],"product_tag":[],"_links":{"self":[{"href":"https:\/\/deeva.website\/fr-tn\/wp-json\/wp\/v2\/product\/6133"}],"collection":[{"href":"https:\/\/deeva.website\/fr-tn\/wp-json\/wp\/v2\/product"}],"about":[{"href":"https:\/\/deeva.website\/fr-tn\/wp-json\/wp\/v2\/types\/product"}],"replies":[{"embeddable":true,"href":"https:\/\/deeva.website\/fr-tn\/wp-json\/wp\/v2\/comments?post=6133"}],"version-history":[{"count":1,"href":"https:\/\/deeva.website\/fr-tn\/wp-json\/wp\/v2\/product\/6133\/revisions"}],"predecessor-version":[{"id":6142,"href":"https:\/\/deeva.website\/fr-tn\/wp-json\/wp\/v2\/product\/6133\/revisions\/6142"}],"wp:featuredmedia":[{"embeddable":true,"href":"https:\/\/deeva.website\/fr-tn\/wp-json\/wp\/v2\/media\/6136"}],"wp:attachment":[{"href":"https:\/\/deeva.website\/fr-tn\/wp-json\/wp\/v2\/media?parent=6133"}],"wp:term":[{"taxonomy":"product_cat","embeddable":true,"href":"https:\/\/deeva.website\/fr-tn\/wp-json\/wp\/v2\/product_cat?post=6133"},{"taxonomy":"product_tag","embeddable":true,"href":"https:\/\/deeva.website\/fr-tn\/wp-json\/wp\/v2\/product_tag?post=6133"}],"curies":[{"name":"wp","href":"https:\/\/api.w.org\/{rel}","templated":true}]}}