{"id":6121,"date":"2025-05-01T17:39:28","date_gmt":"2025-05-01T15:39:28","guid":{"rendered":"https:\/\/deeva.website\/?post_type=product&#038;p=6121"},"modified":"2025-05-01T17:39:29","modified_gmt":"2025-05-01T15:39:29","slug":"lancome-la-vie-est-belle","status":"publish","type":"product","link":"https:\/\/deeva.website\/fr-tn\/produit\/lancome-la-vie-est-belle\/","title":{"rendered":"Lanc\u00f4me La Vie Est Belle"},"content":{"rendered":"<p><strong>La Vie Est Belle 75ml<\/strong> de <em>Lanc\u00f4me<\/em> est un\u00a0<strong>parfum identique \u00e0 l\u2019original<\/strong>, m\u00eame senteurs, packaging et flacon.<\/p>\n<p>C&#8217;est un eau de parfum Floral Fruit\u00e9 Gourmand pour femme.<\/p>\n<p>Les notes de t\u00eate sont Cassis et Poire; les notes de c\u0153ur sont Iris, Jasmin et Fleur d&#8217;oranger; les notes de fond sont Pralin\u00e9, Vanille, Patchouli et F\u00e8ve de tonka.<\/p>\n<p><img fetchpriority=\"high\" decoding=\"async\" class=\"alignnone size-medium wp-image-6122\" src=\"http:\/\/deeva.website\/wp-content\/uploads\/2025\/05\/la-vie-est-belle1-247x300.jpg\" alt=\"\" width=\"247\" height=\"300\" srcset=\"https:\/\/deeva.website\/wp-content\/uploads\/2025\/05\/la-vie-est-belle1-247x300.jpg 247w, https:\/\/deeva.website\/wp-content\/uploads\/2025\/05\/la-vie-est-belle1-600x729.jpg 600w, https:\/\/deeva.website\/wp-content\/uploads\/2025\/05\/la-vie-est-belle1.jpg 658w\" sizes=\"(max-width: 247px) 100vw, 247px\" \/> <img decoding=\"async\" class=\"alignnone size-medium wp-image-6126\" src=\"http:\/\/deeva.website\/wp-content\/uploads\/2025\/05\/la-vie-est-belle4-227x300.png\" alt=\"\" width=\"227\" height=\"300\" srcset=\"https:\/\/deeva.website\/wp-content\/uploads\/2025\/05\/la-vie-est-belle4-227x300.png 227w, https:\/\/deeva.website\/wp-content\/uploads\/2025\/05\/la-vie-est-belle4.png 364w\" sizes=\"(max-width: 227px) 100vw, 227px\" \/><\/p>\n","protected":false},"excerpt":{"rendered":"<p><strong>La Vie Est Belle 75ml<\/strong> de <em>Lanc\u00f4me<\/em> est un\u00a0<strong>parfum identique \u00e0 l\u2019original<\/strong>, m\u00eame senteurs, packaging et flacon.<\/p>\n<p>C&#8217;est un eau de parfum Floral Fruit\u00e9 Gourmand pour femme.<\/p>\n<p>Les notes de t\u00eate sont Cassis et Poire; les notes de c\u0153ur sont Iris, Jasmin et Fleur d&#8217;oranger; les notes de fond sont Pralin\u00e9, Vanille, Patchouli et F\u00e8ve de tonka.<\/p>\n<p><img fetchpriority=\"high\" decoding=\"async\" class=\"alignnone size-medium wp-image-6122\" src=\"http:\/\/deeva.website\/wp-content\/uploads\/2025\/05\/la-vie-est-belle1-247x300.jpg\" alt=\"\" width=\"247\" height=\"300\" srcset=\"https:\/\/deeva.website\/wp-content\/uploads\/2025\/05\/la-vie-est-belle1-247x300.jpg 247w, https:\/\/deeva.website\/wp-content\/uploads\/2025\/05\/la-vie-est-belle1-600x729.jpg 600w, https:\/\/deeva.website\/wp-content\/uploads\/2025\/05\/la-vie-est-belle1.jpg 658w\" sizes=\"(max-width: 247px) 100vw, 247px\" \/> <img decoding=\"async\" class=\"alignnone size-medium wp-image-6126\" src=\"http:\/\/deeva.website\/wp-content\/uploads\/2025\/05\/la-vie-est-belle4-227x300.png\" alt=\"\" width=\"227\" height=\"300\" srcset=\"https:\/\/deeva.website\/wp-content\/uploads\/2025\/05\/la-vie-est-belle4-227x300.png 227w, https:\/\/deeva.website\/wp-content\/uploads\/2025\/05\/la-vie-est-belle4.png 364w\" sizes=\"(max-width: 227px) 100vw, 227px\" \/><\/p>\n","protected":false},"featured_media":6124,"comment_status":"open","ping_status":"closed","template":"","meta":[],"product_cat":[81],"product_tag":[],"_links":{"self":[{"href":"https:\/\/deeva.website\/fr-tn\/wp-json\/wp\/v2\/product\/6121"}],"collection":[{"href":"https:\/\/deeva.website\/fr-tn\/wp-json\/wp\/v2\/product"}],"about":[{"href":"https:\/\/deeva.website\/fr-tn\/wp-json\/wp\/v2\/types\/product"}],"replies":[{"embeddable":true,"href":"https:\/\/deeva.website\/fr-tn\/wp-json\/wp\/v2\/comments?post=6121"}],"version-history":[{"count":1,"href":"https:\/\/deeva.website\/fr-tn\/wp-json\/wp\/v2\/product\/6121\/revisions"}],"predecessor-version":[{"id":6132,"href":"https:\/\/deeva.website\/fr-tn\/wp-json\/wp\/v2\/product\/6121\/revisions\/6132"}],"wp:featuredmedia":[{"embeddable":true,"href":"https:\/\/deeva.website\/fr-tn\/wp-json\/wp\/v2\/media\/6124"}],"wp:attachment":[{"href":"https:\/\/deeva.website\/fr-tn\/wp-json\/wp\/v2\/media?parent=6121"}],"wp:term":[{"taxonomy":"product_cat","embeddable":true,"href":"https:\/\/deeva.website\/fr-tn\/wp-json\/wp\/v2\/product_cat?post=6121"},{"taxonomy":"product_tag","embeddable":true,"href":"https:\/\/deeva.website\/fr-tn\/wp-json\/wp\/v2\/product_tag?post=6121"}],"curies":[{"name":"wp","href":"https:\/\/api.w.org\/{rel}","templated":true}]}}