{"id":6113,"date":"2025-05-01T17:32:27","date_gmt":"2025-05-01T15:32:27","guid":{"rendered":"https:\/\/deeva.website\/?post_type=product&#038;p=6113"},"modified":"2025-05-01T17:32:29","modified_gmt":"2025-05-01T15:32:29","slug":"yves-saint-laurent-manifesto","status":"publish","type":"product","link":"https:\/\/deeva.website\/fr-tn\/produit\/yves-saint-laurent-manifesto\/","title":{"rendered":"Yves Saint Laurent Manifesto"},"content":{"rendered":"<p><strong>Manifesto 90ml<\/strong> de <em>Yves Saint Laurent<\/em> est un\u00a0<strong>parfum identique \u00e0 l\u2019original<\/strong>, m\u00eame senteurs, packaging et flacon.<\/p>\n<p>C&#8217;est un eau de parfum Orientale Floral pour femme.<\/p>\n<p>Les notes de t\u00eate sont Cassis, Bergamote et Notes vertes; les notes de c\u0153ur sont Jasmin Sambac et Muguet; les notes de fond sont Vanille, F\u00e8ve de tonka, Bois de santal et C\u00e8dre.<\/p>\n<p><img fetchpriority=\"high\" decoding=\"async\" class=\"alignnone size-medium wp-image-6114\" src=\"http:\/\/deeva.website\/wp-content\/uploads\/2025\/05\/manifesto1-300x300.jpg\" alt=\"\" width=\"300\" height=\"300\" srcset=\"https:\/\/deeva.website\/wp-content\/uploads\/2025\/05\/manifesto1-300x300.jpg 300w, https:\/\/deeva.website\/wp-content\/uploads\/2025\/05\/manifesto1-1024x1024.jpg 1024w, https:\/\/deeva.website\/wp-content\/uploads\/2025\/05\/manifesto1-150x150.jpg 150w, https:\/\/deeva.website\/wp-content\/uploads\/2025\/05\/manifesto1-768x768.jpg 768w, https:\/\/deeva.website\/wp-content\/uploads\/2025\/05\/manifesto1-1536x1536.jpg 1536w, https:\/\/deeva.website\/wp-content\/uploads\/2025\/05\/manifesto1-400x400.jpg 400w, https:\/\/deeva.website\/wp-content\/uploads\/2025\/05\/manifesto1-600x600.jpg 600w, https:\/\/deeva.website\/wp-content\/uploads\/2025\/05\/manifesto1-100x100.jpg 100w, https:\/\/deeva.website\/wp-content\/uploads\/2025\/05\/manifesto1-24x24.jpg 24w, https:\/\/deeva.website\/wp-content\/uploads\/2025\/05\/manifesto1-48x48.jpg 48w, https:\/\/deeva.website\/wp-content\/uploads\/2025\/05\/manifesto1-96x96.jpg 96w, https:\/\/deeva.website\/wp-content\/uploads\/2025\/05\/manifesto1.jpg 1600w\" sizes=\"(max-width: 300px) 100vw, 300px\" \/> <img decoding=\"async\" class=\"alignnone size-medium wp-image-6116\" src=\"http:\/\/deeva.website\/wp-content\/uploads\/2025\/05\/manifesto2-231x300.png\" alt=\"\" width=\"231\" height=\"300\" srcset=\"https:\/\/deeva.website\/wp-content\/uploads\/2025\/05\/manifesto2-231x300.png 231w, https:\/\/deeva.website\/wp-content\/uploads\/2025\/05\/manifesto2.png 351w\" sizes=\"(max-width: 231px) 100vw, 231px\" \/><\/p>\n","protected":false},"excerpt":{"rendered":"<p><strong>Manifesto 90ml<\/strong> de <em>Yves Saint Laurent<\/em> est un\u00a0<strong>parfum identique \u00e0 l\u2019original<\/strong>, m\u00eame senteurs, packaging et flacon.<\/p>\n<p>C&#8217;est un eau de parfum Orientale Floral pour femme.<\/p>\n<p>Les notes de t\u00eate sont Cassis, Bergamote et Notes vertes; les notes de c\u0153ur sont Jasmin Sambac et Muguet; les notes de fond sont Vanille, F\u00e8ve de tonka, Bois de santal et C\u00e8dre.<\/p>\n<p><img fetchpriority=\"high\" decoding=\"async\" class=\"alignnone size-medium wp-image-6114\" src=\"http:\/\/deeva.website\/wp-content\/uploads\/2025\/05\/manifesto1-300x300.jpg\" alt=\"\" width=\"300\" height=\"300\" srcset=\"https:\/\/deeva.website\/wp-content\/uploads\/2025\/05\/manifesto1-300x300.jpg 300w, https:\/\/deeva.website\/wp-content\/uploads\/2025\/05\/manifesto1-1024x1024.jpg 1024w, https:\/\/deeva.website\/wp-content\/uploads\/2025\/05\/manifesto1-150x150.jpg 150w, https:\/\/deeva.website\/wp-content\/uploads\/2025\/05\/manifesto1-768x768.jpg 768w, https:\/\/deeva.website\/wp-content\/uploads\/2025\/05\/manifesto1-1536x1536.jpg 1536w, https:\/\/deeva.website\/wp-content\/uploads\/2025\/05\/manifesto1-400x400.jpg 400w, https:\/\/deeva.website\/wp-content\/uploads\/2025\/05\/manifesto1-600x600.jpg 600w, https:\/\/deeva.website\/wp-content\/uploads\/2025\/05\/manifesto1-100x100.jpg 100w, https:\/\/deeva.website\/wp-content\/uploads\/2025\/05\/manifesto1-24x24.jpg 24w, https:\/\/deeva.website\/wp-content\/uploads\/2025\/05\/manifesto1-48x48.jpg 48w, https:\/\/deeva.website\/wp-content\/uploads\/2025\/05\/manifesto1-96x96.jpg 96w, https:\/\/deeva.website\/wp-content\/uploads\/2025\/05\/manifesto1.jpg 1600w\" sizes=\"(max-width: 300px) 100vw, 300px\" \/> <img decoding=\"async\" class=\"alignnone size-medium wp-image-6116\" src=\"http:\/\/deeva.website\/wp-content\/uploads\/2025\/05\/manifesto2-231x300.png\" alt=\"\" width=\"231\" height=\"300\" srcset=\"https:\/\/deeva.website\/wp-content\/uploads\/2025\/05\/manifesto2-231x300.png 231w, https:\/\/deeva.website\/wp-content\/uploads\/2025\/05\/manifesto2.png 351w\" sizes=\"(max-width: 231px) 100vw, 231px\" \/><\/p>\n","protected":false},"featured_media":6118,"comment_status":"open","ping_status":"closed","template":"","meta":[],"product_cat":[81],"product_tag":[],"_links":{"self":[{"href":"https:\/\/deeva.website\/fr-tn\/wp-json\/wp\/v2\/product\/6113"}],"collection":[{"href":"https:\/\/deeva.website\/fr-tn\/wp-json\/wp\/v2\/product"}],"about":[{"href":"https:\/\/deeva.website\/fr-tn\/wp-json\/wp\/v2\/types\/product"}],"replies":[{"embeddable":true,"href":"https:\/\/deeva.website\/fr-tn\/wp-json\/wp\/v2\/comments?post=6113"}],"version-history":[{"count":1,"href":"https:\/\/deeva.website\/fr-tn\/wp-json\/wp\/v2\/product\/6113\/revisions"}],"predecessor-version":[{"id":6120,"href":"https:\/\/deeva.website\/fr-tn\/wp-json\/wp\/v2\/product\/6113\/revisions\/6120"}],"wp:featuredmedia":[{"embeddable":true,"href":"https:\/\/deeva.website\/fr-tn\/wp-json\/wp\/v2\/media\/6118"}],"wp:attachment":[{"href":"https:\/\/deeva.website\/fr-tn\/wp-json\/wp\/v2\/media?parent=6113"}],"wp:term":[{"taxonomy":"product_cat","embeddable":true,"href":"https:\/\/deeva.website\/fr-tn\/wp-json\/wp\/v2\/product_cat?post=6113"},{"taxonomy":"product_tag","embeddable":true,"href":"https:\/\/deeva.website\/fr-tn\/wp-json\/wp\/v2\/product_tag?post=6113"}],"curies":[{"name":"wp","href":"https:\/\/api.w.org\/{rel}","templated":true}]}}