{"id":6101,"date":"2025-05-01T17:26:37","date_gmt":"2025-05-01T15:26:37","guid":{"rendered":"https:\/\/deeva.website\/?post_type=product&#038;p=6101"},"modified":"2025-05-01T17:26:37","modified_gmt":"2025-05-01T15:26:37","slug":"yves-saint-laurent-cinema","status":"publish","type":"product","link":"https:\/\/deeva.website\/fr-tn\/produit\/yves-saint-laurent-cinema\/","title":{"rendered":"Yves Saint Laurent Cin\u00e9ma"},"content":{"rendered":"<p><strong>Cin\u00e9ma 90ml<\/strong> de <em>Yves Saint Laurent<\/em> est un\u00a0<strong>parfum identique \u00e0 l\u2019original<\/strong>, m\u00eame senteurs, packaging et flacon.<\/p>\n<p>C&#8217;est un eau de parfum Orientale Floral pour femme.<\/p>\n<p>Les notes de t\u00eate sont Fleur d&#8217;amandier, Cl\u00e9mentine et Cyclamen; les notes de c\u0153ur sont Jasmin, Pivoine et Amaryllis; les notes de fond sont Vanille, Ambre, Benjoin et Musc blanc.<\/p>\n<p><img fetchpriority=\"high\" decoding=\"async\" class=\"alignnone size-full wp-image-6106\" src=\"http:\/\/deeva.website\/wp-content\/uploads\/2025\/05\/cinema3.jpg\" alt=\"\" width=\"194\" height=\"259\" \/> <img decoding=\"async\" class=\"alignnone size-medium wp-image-6102\" src=\"http:\/\/deeva.website\/wp-content\/uploads\/2025\/05\/cinema1-237x300.png\" alt=\"\" width=\"237\" height=\"300\" srcset=\"https:\/\/deeva.website\/wp-content\/uploads\/2025\/05\/cinema1-237x300.png 237w, https:\/\/deeva.website\/wp-content\/uploads\/2025\/05\/cinema1.png 344w\" sizes=\"(max-width: 237px) 100vw, 237px\" \/><\/p>\n","protected":false},"excerpt":{"rendered":"<p><strong>Cin\u00e9ma 90ml<\/strong> de <em>Yves Saint Laurent<\/em> est un\u00a0<strong>parfum identique \u00e0 l\u2019original<\/strong>, m\u00eame senteurs, packaging et flacon.<\/p>\n<p>C&#8217;est un eau de parfum Orientale Floral pour femme.<\/p>\n<p>Les notes de t\u00eate sont Fleur d&#8217;amandier, Cl\u00e9mentine et Cyclamen; les notes de c\u0153ur sont Jasmin, Pivoine et Amaryllis; les notes de fond sont Vanille, Ambre, Benjoin et Musc blanc.<\/p>\n<p><img fetchpriority=\"high\" decoding=\"async\" class=\"alignnone size-full wp-image-6106\" src=\"http:\/\/deeva.website\/wp-content\/uploads\/2025\/05\/cinema3.jpg\" alt=\"\" width=\"194\" height=\"259\" \/> <img decoding=\"async\" class=\"alignnone size-medium wp-image-6102\" src=\"http:\/\/deeva.website\/wp-content\/uploads\/2025\/05\/cinema1-237x300.png\" alt=\"\" width=\"237\" height=\"300\" srcset=\"https:\/\/deeva.website\/wp-content\/uploads\/2025\/05\/cinema1-237x300.png 237w, https:\/\/deeva.website\/wp-content\/uploads\/2025\/05\/cinema1.png 344w\" sizes=\"(max-width: 237px) 100vw, 237px\" \/><\/p>\n","protected":false},"featured_media":6108,"comment_status":"open","ping_status":"closed","template":"","meta":[],"product_cat":[81],"product_tag":[],"_links":{"self":[{"href":"https:\/\/deeva.website\/fr-tn\/wp-json\/wp\/v2\/product\/6101"}],"collection":[{"href":"https:\/\/deeva.website\/fr-tn\/wp-json\/wp\/v2\/product"}],"about":[{"href":"https:\/\/deeva.website\/fr-tn\/wp-json\/wp\/v2\/types\/product"}],"replies":[{"embeddable":true,"href":"https:\/\/deeva.website\/fr-tn\/wp-json\/wp\/v2\/comments?post=6101"}],"version-history":[{"count":1,"href":"https:\/\/deeva.website\/fr-tn\/wp-json\/wp\/v2\/product\/6101\/revisions"}],"predecessor-version":[{"id":6112,"href":"https:\/\/deeva.website\/fr-tn\/wp-json\/wp\/v2\/product\/6101\/revisions\/6112"}],"wp:featuredmedia":[{"embeddable":true,"href":"https:\/\/deeva.website\/fr-tn\/wp-json\/wp\/v2\/media\/6108"}],"wp:attachment":[{"href":"https:\/\/deeva.website\/fr-tn\/wp-json\/wp\/v2\/media?parent=6101"}],"wp:term":[{"taxonomy":"product_cat","embeddable":true,"href":"https:\/\/deeva.website\/fr-tn\/wp-json\/wp\/v2\/product_cat?post=6101"},{"taxonomy":"product_tag","embeddable":true,"href":"https:\/\/deeva.website\/fr-tn\/wp-json\/wp\/v2\/product_tag?post=6101"}],"curies":[{"name":"wp","href":"https:\/\/api.w.org\/{rel}","templated":true}]}}