{"id":6079,"date":"2025-05-01T17:12:50","date_gmt":"2025-05-01T15:12:50","guid":{"rendered":"https:\/\/deeva.website\/?post_type=product&#038;p=6079"},"modified":"2025-05-01T17:12:51","modified_gmt":"2025-05-01T15:12:51","slug":"yves-saint-laurent-libre-intense","status":"publish","type":"product","link":"https:\/\/deeva.website\/fr-tn\/produit\/yves-saint-laurent-libre-intense\/","title":{"rendered":"Yves Saint Laurent Libre Intense"},"content":{"rendered":"<p><strong>Libre Intense 90ml<\/strong> de <em>Yves Saint Laurent<\/em> est un\u00a0<strong>parfum identique \u00e0 l\u2019original<\/strong>, m\u00eame senteurs, packaging et flacon.<\/p>\n<p>C&#8217;est un eau de parfum Orientale Foug\u00e8re pour femme.<\/p>\n<p>Les notes de t\u00eate sont Lavande, Mandarine et Bergamote; les notes de c\u0153ur sont Lavande, <em>Fleur d&#8217;oranger de Tunisie<\/em>, Jasmin Sambac et Orchid\u00e9e; les notes de fond sont Vanille de Madagascar, F\u00e8ve de tonka, Ambre gris et V\u00e9tiver.<\/p>\n<p><img fetchpriority=\"high\" decoding=\"async\" class=\"alignnone size-medium wp-image-6086\" src=\"http:\/\/deeva.website\/wp-content\/uploads\/2025\/05\/libreintence4-300x300.jpg\" alt=\"\" width=\"300\" height=\"300\" srcset=\"https:\/\/deeva.website\/wp-content\/uploads\/2025\/05\/libreintence4-300x300.jpg 300w, https:\/\/deeva.website\/wp-content\/uploads\/2025\/05\/libreintence4-150x150.jpg 150w, https:\/\/deeva.website\/wp-content\/uploads\/2025\/05\/libreintence4-768x768.jpg 768w, https:\/\/deeva.website\/wp-content\/uploads\/2025\/05\/libreintence4-400x400.jpg 400w, https:\/\/deeva.website\/wp-content\/uploads\/2025\/05\/libreintence4-600x600.jpg 600w, https:\/\/deeva.website\/wp-content\/uploads\/2025\/05\/libreintence4-100x100.jpg 100w, https:\/\/deeva.website\/wp-content\/uploads\/2025\/05\/libreintence4-24x24.jpg 24w, https:\/\/deeva.website\/wp-content\/uploads\/2025\/05\/libreintence4-48x48.jpg 48w, https:\/\/deeva.website\/wp-content\/uploads\/2025\/05\/libreintence4-96x96.jpg 96w, https:\/\/deeva.website\/wp-content\/uploads\/2025\/05\/libreintence4.jpg 800w\" sizes=\"(max-width: 300px) 100vw, 300px\" \/> <img decoding=\"async\" class=\"alignnone size-medium wp-image-6084\" src=\"http:\/\/deeva.website\/wp-content\/uploads\/2025\/05\/libreintence3-213x300.png\" alt=\"\" width=\"213\" height=\"300\" srcset=\"https:\/\/deeva.website\/wp-content\/uploads\/2025\/05\/libreintence3-213x300.png 213w, https:\/\/deeva.website\/wp-content\/uploads\/2025\/05\/libreintence3.png 337w\" sizes=\"(max-width: 213px) 100vw, 213px\" \/><\/p>\n","protected":false},"excerpt":{"rendered":"<p><strong>Libre Intense 90ml<\/strong> de <em>Yves Saint Laurent<\/em> est un\u00a0<strong>parfum identique \u00e0 l\u2019original<\/strong>, m\u00eame senteurs, packaging et flacon.<\/p>\n<p>C&#8217;est un eau de parfum Orientale Foug\u00e8re pour femme.<\/p>\n<p>Les notes de t\u00eate sont Lavande, Mandarine et Bergamote; les notes de c\u0153ur sont Lavande, <em>Fleur d&#8217;oranger de Tunisie<\/em>, Jasmin Sambac et Orchid\u00e9e; les notes de fond sont Vanille de Madagascar, F\u00e8ve de tonka, Ambre gris et V\u00e9tiver.<\/p>\n<p><img fetchpriority=\"high\" decoding=\"async\" class=\"alignnone size-medium wp-image-6086\" src=\"http:\/\/deeva.website\/wp-content\/uploads\/2025\/05\/libreintence4-300x300.jpg\" alt=\"\" width=\"300\" height=\"300\" srcset=\"https:\/\/deeva.website\/wp-content\/uploads\/2025\/05\/libreintence4-300x300.jpg 300w, https:\/\/deeva.website\/wp-content\/uploads\/2025\/05\/libreintence4-150x150.jpg 150w, https:\/\/deeva.website\/wp-content\/uploads\/2025\/05\/libreintence4-768x768.jpg 768w, https:\/\/deeva.website\/wp-content\/uploads\/2025\/05\/libreintence4-400x400.jpg 400w, https:\/\/deeva.website\/wp-content\/uploads\/2025\/05\/libreintence4-600x600.jpg 600w, https:\/\/deeva.website\/wp-content\/uploads\/2025\/05\/libreintence4-100x100.jpg 100w, https:\/\/deeva.website\/wp-content\/uploads\/2025\/05\/libreintence4-24x24.jpg 24w, https:\/\/deeva.website\/wp-content\/uploads\/2025\/05\/libreintence4-48x48.jpg 48w, https:\/\/deeva.website\/wp-content\/uploads\/2025\/05\/libreintence4-96x96.jpg 96w, https:\/\/deeva.website\/wp-content\/uploads\/2025\/05\/libreintence4.jpg 800w\" sizes=\"(max-width: 300px) 100vw, 300px\" \/> <img decoding=\"async\" class=\"alignnone size-medium wp-image-6084\" src=\"http:\/\/deeva.website\/wp-content\/uploads\/2025\/05\/libreintence3-213x300.png\" alt=\"\" width=\"213\" height=\"300\" srcset=\"https:\/\/deeva.website\/wp-content\/uploads\/2025\/05\/libreintence3-213x300.png 213w, https:\/\/deeva.website\/wp-content\/uploads\/2025\/05\/libreintence3.png 337w\" sizes=\"(max-width: 213px) 100vw, 213px\" \/><\/p>\n","protected":false},"featured_media":6082,"comment_status":"open","ping_status":"closed","template":"","meta":[],"product_cat":[81],"product_tag":[],"_links":{"self":[{"href":"https:\/\/deeva.website\/fr-tn\/wp-json\/wp\/v2\/product\/6079"}],"collection":[{"href":"https:\/\/deeva.website\/fr-tn\/wp-json\/wp\/v2\/product"}],"about":[{"href":"https:\/\/deeva.website\/fr-tn\/wp-json\/wp\/v2\/types\/product"}],"replies":[{"embeddable":true,"href":"https:\/\/deeva.website\/fr-tn\/wp-json\/wp\/v2\/comments?post=6079"}],"version-history":[{"count":1,"href":"https:\/\/deeva.website\/fr-tn\/wp-json\/wp\/v2\/product\/6079\/revisions"}],"predecessor-version":[{"id":6090,"href":"https:\/\/deeva.website\/fr-tn\/wp-json\/wp\/v2\/product\/6079\/revisions\/6090"}],"wp:featuredmedia":[{"embeddable":true,"href":"https:\/\/deeva.website\/fr-tn\/wp-json\/wp\/v2\/media\/6082"}],"wp:attachment":[{"href":"https:\/\/deeva.website\/fr-tn\/wp-json\/wp\/v2\/media?parent=6079"}],"wp:term":[{"taxonomy":"product_cat","embeddable":true,"href":"https:\/\/deeva.website\/fr-tn\/wp-json\/wp\/v2\/product_cat?post=6079"},{"taxonomy":"product_tag","embeddable":true,"href":"https:\/\/deeva.website\/fr-tn\/wp-json\/wp\/v2\/product_tag?post=6079"}],"curies":[{"name":"wp","href":"https:\/\/api.w.org\/{rel}","templated":true}]}}