{"id":6069,"date":"2025-05-01T17:05:55","date_gmt":"2025-05-01T15:05:55","guid":{"rendered":"https:\/\/deeva.website\/?post_type=product&#038;p=6069"},"modified":"2025-05-01T17:05:57","modified_gmt":"2025-05-01T15:05:57","slug":"yves-saint-laurent-libre","status":"publish","type":"product","link":"https:\/\/deeva.website\/fr-tn\/produit\/yves-saint-laurent-libre\/","title":{"rendered":"Yves Saint Laurent Libre"},"content":{"rendered":"<p><strong>Libre 90ml<\/strong> de <em>Yves Saint Laurent<\/em> est un\u00a0<strong>parfum identique \u00e0 l\u2019original<\/strong>, m\u00eame senteurs, packaging et flacon.<\/p>\n<p>C&#8217;est un eau de parfum Orientale Foug\u00e8re pour femme.<\/p>\n<p>Les notes de t\u00eate sont Lavande, Mandarine, Cassis et Petit-grain; les notes de c\u0153ur sont Lavande, Fleur d&#8217;oranger et Jasmin; les notes de fond sont Vanille de Madagascar, Musc, C\u00e8dre et Ambre gris.<\/p>\n<p><img fetchpriority=\"high\" decoding=\"async\" class=\"alignnone size-medium wp-image-6074\" src=\"http:\/\/deeva.website\/wp-content\/uploads\/2025\/05\/libre3-167x300.png\" alt=\"\" width=\"167\" height=\"300\" srcset=\"https:\/\/deeva.website\/wp-content\/uploads\/2025\/05\/libre3-167x300.png 167w, https:\/\/deeva.website\/wp-content\/uploads\/2025\/05\/libre3.png 310w\" sizes=\"(max-width: 167px) 100vw, 167px\" \/> <img decoding=\"async\" class=\"alignnone size-medium wp-image-6070\" src=\"http:\/\/deeva.website\/wp-content\/uploads\/2025\/05\/libre1-261x300.png\" alt=\"\" width=\"261\" height=\"300\" srcset=\"https:\/\/deeva.website\/wp-content\/uploads\/2025\/05\/libre1-261x300.png 261w, https:\/\/deeva.website\/wp-content\/uploads\/2025\/05\/libre1.png 408w\" sizes=\"(max-width: 261px) 100vw, 261px\" \/><\/p>\n","protected":false},"excerpt":{"rendered":"<p><strong>Libre 90ml<\/strong> de <em>Yves Saint Laurent<\/em> est un\u00a0<strong>parfum identique \u00e0 l\u2019original<\/strong>, m\u00eame senteurs, packaging et flacon.<\/p>\n<p>C&#8217;est un eau de parfum Orientale Foug\u00e8re pour femme.<\/p>\n<p>Les notes de t\u00eate sont Lavande, Mandarine, Cassis et Petit-grain; les notes de c\u0153ur sont Lavande, Fleur d&#8217;oranger et Jasmin; les notes de fond sont Vanille de Madagascar, Musc, C\u00e8dre et Ambre gris.<\/p>\n<p><img fetchpriority=\"high\" decoding=\"async\" class=\"alignnone size-medium wp-image-6074\" src=\"http:\/\/deeva.website\/wp-content\/uploads\/2025\/05\/libre3-167x300.png\" alt=\"\" width=\"167\" height=\"300\" srcset=\"https:\/\/deeva.website\/wp-content\/uploads\/2025\/05\/libre3-167x300.png 167w, https:\/\/deeva.website\/wp-content\/uploads\/2025\/05\/libre3.png 310w\" sizes=\"(max-width: 167px) 100vw, 167px\" \/> <img decoding=\"async\" class=\"alignnone size-medium wp-image-6070\" src=\"http:\/\/deeva.website\/wp-content\/uploads\/2025\/05\/libre1-261x300.png\" alt=\"\" width=\"261\" height=\"300\" srcset=\"https:\/\/deeva.website\/wp-content\/uploads\/2025\/05\/libre1-261x300.png 261w, https:\/\/deeva.website\/wp-content\/uploads\/2025\/05\/libre1.png 408w\" sizes=\"(max-width: 261px) 100vw, 261px\" \/><\/p>\n","protected":false},"featured_media":6072,"comment_status":"open","ping_status":"closed","template":"","meta":[],"product_cat":[81],"product_tag":[],"_links":{"self":[{"href":"https:\/\/deeva.website\/fr-tn\/wp-json\/wp\/v2\/product\/6069"}],"collection":[{"href":"https:\/\/deeva.website\/fr-tn\/wp-json\/wp\/v2\/product"}],"about":[{"href":"https:\/\/deeva.website\/fr-tn\/wp-json\/wp\/v2\/types\/product"}],"replies":[{"embeddable":true,"href":"https:\/\/deeva.website\/fr-tn\/wp-json\/wp\/v2\/comments?post=6069"}],"version-history":[{"count":1,"href":"https:\/\/deeva.website\/fr-tn\/wp-json\/wp\/v2\/product\/6069\/revisions"}],"predecessor-version":[{"id":6078,"href":"https:\/\/deeva.website\/fr-tn\/wp-json\/wp\/v2\/product\/6069\/revisions\/6078"}],"wp:featuredmedia":[{"embeddable":true,"href":"https:\/\/deeva.website\/fr-tn\/wp-json\/wp\/v2\/media\/6072"}],"wp:attachment":[{"href":"https:\/\/deeva.website\/fr-tn\/wp-json\/wp\/v2\/media?parent=6069"}],"wp:term":[{"taxonomy":"product_cat","embeddable":true,"href":"https:\/\/deeva.website\/fr-tn\/wp-json\/wp\/v2\/product_cat?post=6069"},{"taxonomy":"product_tag","embeddable":true,"href":"https:\/\/deeva.website\/fr-tn\/wp-json\/wp\/v2\/product_tag?post=6069"}],"curies":[{"name":"wp","href":"https:\/\/api.w.org\/{rel}","templated":true}]}}