{"id":6035,"date":"2025-05-01T00:18:02","date_gmt":"2025-04-30T22:18:02","guid":{"rendered":"https:\/\/deeva.website\/?post_type=product&#038;p=6035"},"modified":"2025-05-01T00:18:02","modified_gmt":"2025-04-30T22:18:02","slug":"dior-addict-eau-de-parfum","status":"publish","type":"product","link":"https:\/\/deeva.website\/fr-tn\/produit\/dior-addict-eau-de-parfum\/","title":{"rendered":"Dior Addict Eau de Parfum"},"content":{"rendered":"<p><strong>Dior Addict Eau de Parfum 100ml<\/strong> de <em>Dior<\/em> est \u00a0un\u00a0<strong>parfum identique \u00e0 l\u2019original<\/strong>, m\u00eame senteurs, packaging et flacon.<\/p>\n<p>C&#8217;est un eau de parfum Orientale Floral pour femme.<\/p>\n<p>Les notes de t\u00eate sont Mandarine, Arbre \u00e0 soie et Fleur d&#8217;oranger; les notes de c\u0153ur sont Reine de la nuit et Rose de Bulgarie; les notes de fond sont Vanille, F\u00e8ve de tonka et Bois de santal.<\/p>\n<p><img decoding=\"async\" class=\"alignnone size-medium wp-image-6042\" src=\"http:\/\/deeva.website\/wp-content\/uploads\/2025\/05\/addict4-141x300.png\" alt=\"\" width=\"141\" height=\"300\" srcset=\"https:\/\/deeva.website\/wp-content\/uploads\/2025\/05\/addict4-141x300.png 141w, https:\/\/deeva.website\/wp-content\/uploads\/2025\/05\/addict4.png 252w\" sizes=\"(max-width: 141px) 100vw, 141px\" \/> <img fetchpriority=\"high\" decoding=\"async\" class=\"alignnone size-medium wp-image-6036\" src=\"http:\/\/deeva.website\/wp-content\/uploads\/2025\/05\/addict1-269x300.png\" alt=\"\" width=\"269\" height=\"300\" srcset=\"https:\/\/deeva.website\/wp-content\/uploads\/2025\/05\/addict1-269x300.png 269w, https:\/\/deeva.website\/wp-content\/uploads\/2025\/05\/addict1.png 347w\" sizes=\"(max-width: 269px) 100vw, 269px\" \/><\/p>\n","protected":false},"excerpt":{"rendered":"<p><strong>Dior Addict Eau de Parfum 100ml<\/strong> de <em>Dior<\/em> est \u00a0un\u00a0<strong>parfum identique \u00e0 l\u2019original<\/strong>, m\u00eame senteurs, packaging et flacon.<\/p>\n<p>C&#8217;est un eau de parfum Orientale Floral pour femme.<\/p>\n<p>Les notes de t\u00eate sont Mandarine, Arbre \u00e0 soie et Fleur d&#8217;oranger; les notes de c\u0153ur sont Reine de la nuit et Rose de Bulgarie; les notes de fond sont Vanille, F\u00e8ve de tonka et Bois de santal.<\/p>\n<p><img decoding=\"async\" class=\"alignnone size-medium wp-image-6042\" src=\"http:\/\/deeva.website\/wp-content\/uploads\/2025\/05\/addict4-141x300.png\" alt=\"\" width=\"141\" height=\"300\" srcset=\"https:\/\/deeva.website\/wp-content\/uploads\/2025\/05\/addict4-141x300.png 141w, https:\/\/deeva.website\/wp-content\/uploads\/2025\/05\/addict4.png 252w\" sizes=\"(max-width: 141px) 100vw, 141px\" \/> <img fetchpriority=\"high\" decoding=\"async\" class=\"alignnone size-medium wp-image-6036\" src=\"http:\/\/deeva.website\/wp-content\/uploads\/2025\/05\/addict1-269x300.png\" alt=\"\" width=\"269\" height=\"300\" srcset=\"https:\/\/deeva.website\/wp-content\/uploads\/2025\/05\/addict1-269x300.png 269w, https:\/\/deeva.website\/wp-content\/uploads\/2025\/05\/addict1.png 347w\" sizes=\"(max-width: 269px) 100vw, 269px\" \/><\/p>\n","protected":false},"featured_media":6038,"comment_status":"open","ping_status":"closed","template":"","meta":[],"product_cat":[81],"product_tag":[],"_links":{"self":[{"href":"https:\/\/deeva.website\/fr-tn\/wp-json\/wp\/v2\/product\/6035"}],"collection":[{"href":"https:\/\/deeva.website\/fr-tn\/wp-json\/wp\/v2\/product"}],"about":[{"href":"https:\/\/deeva.website\/fr-tn\/wp-json\/wp\/v2\/types\/product"}],"replies":[{"embeddable":true,"href":"https:\/\/deeva.website\/fr-tn\/wp-json\/wp\/v2\/comments?post=6035"}],"version-history":[{"count":1,"href":"https:\/\/deeva.website\/fr-tn\/wp-json\/wp\/v2\/product\/6035\/revisions"}],"predecessor-version":[{"id":6044,"href":"https:\/\/deeva.website\/fr-tn\/wp-json\/wp\/v2\/product\/6035\/revisions\/6044"}],"wp:featuredmedia":[{"embeddable":true,"href":"https:\/\/deeva.website\/fr-tn\/wp-json\/wp\/v2\/media\/6038"}],"wp:attachment":[{"href":"https:\/\/deeva.website\/fr-tn\/wp-json\/wp\/v2\/media?parent=6035"}],"wp:term":[{"taxonomy":"product_cat","embeddable":true,"href":"https:\/\/deeva.website\/fr-tn\/wp-json\/wp\/v2\/product_cat?post=6035"},{"taxonomy":"product_tag","embeddable":true,"href":"https:\/\/deeva.website\/fr-tn\/wp-json\/wp\/v2\/product_tag?post=6035"}],"curies":[{"name":"wp","href":"https:\/\/api.w.org\/{rel}","templated":true}]}}