{"id":6025,"date":"2025-05-01T00:11:17","date_gmt":"2025-04-30T22:11:17","guid":{"rendered":"https:\/\/deeva.website\/?post_type=product&#038;p=6025"},"modified":"2025-05-01T00:11:17","modified_gmt":"2025-04-30T22:11:17","slug":"miss-dior-blooming-bouquet","status":"publish","type":"product","link":"https:\/\/deeva.website\/fr-tn\/produit\/miss-dior-blooming-bouquet\/","title":{"rendered":"Miss Dior Blooming Bouquet"},"content":{"rendered":"<p><strong>Miss Dior Blooming Bouquet 100ml<\/strong> de <em>Dior<\/em> est \u00a0un\u00a0<strong>parfum identique \u00e0 l\u2019original<\/strong>, m\u00eame senteurs, packaging et flacon.<\/p>\n<p>un eau de toilette Floral pour femme.<\/p>\n<p>La note de t\u00eate est Mandarine de Sicile; les notes de c\u0153ur sont Pivoine rose, Rose de Damas, Abricot et P\u00eache; la note de fond est Musc blanc.<\/p>\n<p><img fetchpriority=\"high\" decoding=\"async\" class=\"alignnone size-full wp-image-6026\" src=\"http:\/\/deeva.website\/wp-content\/uploads\/2025\/05\/blooming1.jpg\" alt=\"\" width=\"225\" height=\"225\" srcset=\"https:\/\/deeva.website\/wp-content\/uploads\/2025\/05\/blooming1.jpg 225w, https:\/\/deeva.website\/wp-content\/uploads\/2025\/05\/blooming1-150x150.jpg 150w, https:\/\/deeva.website\/wp-content\/uploads\/2025\/05\/blooming1-100x100.jpg 100w, https:\/\/deeva.website\/wp-content\/uploads\/2025\/05\/blooming1-24x24.jpg 24w, https:\/\/deeva.website\/wp-content\/uploads\/2025\/05\/blooming1-48x48.jpg 48w, https:\/\/deeva.website\/wp-content\/uploads\/2025\/05\/blooming1-96x96.jpg 96w\" sizes=\"(max-width: 225px) 100vw, 225px\" \/> <img decoding=\"async\" class=\"alignnone size-medium wp-image-6032\" src=\"http:\/\/deeva.website\/wp-content\/uploads\/2025\/05\/blooming4-275x300.png\" alt=\"\" width=\"275\" height=\"300\" srcset=\"https:\/\/deeva.website\/wp-content\/uploads\/2025\/05\/blooming4-275x300.png 275w, https:\/\/deeva.website\/wp-content\/uploads\/2025\/05\/blooming4.png 371w\" sizes=\"(max-width: 275px) 100vw, 275px\" \/><\/p>\n","protected":false},"excerpt":{"rendered":"<p><strong>Miss Dior Blooming Bouquet 100ml<\/strong> de <em>Dior<\/em> est \u00a0un\u00a0<strong>parfum identique \u00e0 l\u2019original<\/strong>, m\u00eame senteurs, packaging et flacon.<\/p>\n<p>un eau de toilette Floral pour femme.<\/p>\n<p>La note de t\u00eate est Mandarine de Sicile; les notes de c\u0153ur sont Pivoine rose, Rose de Damas, Abricot et P\u00eache; la note de fond est Musc blanc.<\/p>\n<p><img fetchpriority=\"high\" decoding=\"async\" class=\"alignnone size-full wp-image-6026\" src=\"http:\/\/deeva.website\/wp-content\/uploads\/2025\/05\/blooming1.jpg\" alt=\"\" width=\"225\" height=\"225\" srcset=\"https:\/\/deeva.website\/wp-content\/uploads\/2025\/05\/blooming1.jpg 225w, https:\/\/deeva.website\/wp-content\/uploads\/2025\/05\/blooming1-150x150.jpg 150w, https:\/\/deeva.website\/wp-content\/uploads\/2025\/05\/blooming1-100x100.jpg 100w, https:\/\/deeva.website\/wp-content\/uploads\/2025\/05\/blooming1-24x24.jpg 24w, https:\/\/deeva.website\/wp-content\/uploads\/2025\/05\/blooming1-48x48.jpg 48w, https:\/\/deeva.website\/wp-content\/uploads\/2025\/05\/blooming1-96x96.jpg 96w\" sizes=\"(max-width: 225px) 100vw, 225px\" \/> <img decoding=\"async\" class=\"alignnone size-medium wp-image-6032\" src=\"http:\/\/deeva.website\/wp-content\/uploads\/2025\/05\/blooming4-275x300.png\" alt=\"\" width=\"275\" height=\"300\" srcset=\"https:\/\/deeva.website\/wp-content\/uploads\/2025\/05\/blooming4-275x300.png 275w, https:\/\/deeva.website\/wp-content\/uploads\/2025\/05\/blooming4.png 371w\" sizes=\"(max-width: 275px) 100vw, 275px\" \/><\/p>\n","protected":false},"featured_media":6030,"comment_status":"open","ping_status":"closed","template":"","meta":[],"product_cat":[86],"product_tag":[],"_links":{"self":[{"href":"https:\/\/deeva.website\/fr-tn\/wp-json\/wp\/v2\/product\/6025"}],"collection":[{"href":"https:\/\/deeva.website\/fr-tn\/wp-json\/wp\/v2\/product"}],"about":[{"href":"https:\/\/deeva.website\/fr-tn\/wp-json\/wp\/v2\/types\/product"}],"replies":[{"embeddable":true,"href":"https:\/\/deeva.website\/fr-tn\/wp-json\/wp\/v2\/comments?post=6025"}],"version-history":[{"count":1,"href":"https:\/\/deeva.website\/fr-tn\/wp-json\/wp\/v2\/product\/6025\/revisions"}],"predecessor-version":[{"id":6034,"href":"https:\/\/deeva.website\/fr-tn\/wp-json\/wp\/v2\/product\/6025\/revisions\/6034"}],"wp:featuredmedia":[{"embeddable":true,"href":"https:\/\/deeva.website\/fr-tn\/wp-json\/wp\/v2\/media\/6030"}],"wp:attachment":[{"href":"https:\/\/deeva.website\/fr-tn\/wp-json\/wp\/v2\/media?parent=6025"}],"wp:term":[{"taxonomy":"product_cat","embeddable":true,"href":"https:\/\/deeva.website\/fr-tn\/wp-json\/wp\/v2\/product_cat?post=6025"},{"taxonomy":"product_tag","embeddable":true,"href":"https:\/\/deeva.website\/fr-tn\/wp-json\/wp\/v2\/product_tag?post=6025"}],"curies":[{"name":"wp","href":"https:\/\/api.w.org\/{rel}","templated":true}]}}