{"id":6013,"date":"2025-05-01T00:02:31","date_gmt":"2025-04-30T22:02:31","guid":{"rendered":"https:\/\/deeva.website\/?post_type=product&#038;p=6013"},"modified":"2025-11-12T10:04:03","modified_gmt":"2025-11-12T09:04:03","slug":"valentino-uomo","status":"publish","type":"product","link":"https:\/\/deeva.website\/fr-tn\/produit\/valentino-uomo\/","title":{"rendered":"Valentino Uomo"},"content":{"rendered":"<p><b>Valentino Uomo 100ml<\/b>\u00a0de\u00a0<em>Valentino<\/em> est \u00a0un\u00a0<strong>parfum identique \u00e0 l\u2019original<\/strong>, m\u00eame senteurs, packaging et flacon.<\/p>\n<p>C&#8217;est un eau de toilette Cuir pour homme.<\/p>\n<p>Les notes de t\u00eate sont Bergamote et Myrte; les notes de c\u0153ur sont Noisette, Chocolat et Grains de caf\u00e9 torr\u00e9fi\u00e9s; les notes de fond sont Cuir et C\u00e8dre.<\/p>\n<p><img fetchpriority=\"high\" decoding=\"async\" class=\"alignnone size-medium wp-image-6020\" src=\"http:\/\/deeva.website\/wp-content\/uploads\/2025\/05\/valentinoHomme4-264x300.png\" alt=\"\" width=\"264\" height=\"300\" srcset=\"https:\/\/deeva.website\/wp-content\/uploads\/2025\/05\/valentinoHomme4-264x300.png 264w, https:\/\/deeva.website\/wp-content\/uploads\/2025\/05\/valentinoHomme4.png 396w\" sizes=\"(max-width: 264px) 100vw, 264px\" \/> <img decoding=\"async\" class=\"alignnone size-medium wp-image-6022\" src=\"http:\/\/deeva.website\/wp-content\/uploads\/2025\/05\/valentinoHomme5-183x300.png\" alt=\"\" width=\"183\" height=\"300\" srcset=\"https:\/\/deeva.website\/wp-content\/uploads\/2025\/05\/valentinoHomme5-183x300.png 183w, https:\/\/deeva.website\/wp-content\/uploads\/2025\/05\/valentinoHomme5.png 308w\" sizes=\"(max-width: 183px) 100vw, 183px\" \/><\/p>\n","protected":false},"excerpt":{"rendered":"<p><b>Valentino Uomo 100ml<\/b>\u00a0de\u00a0<em>Valentino<\/em> est \u00a0un\u00a0<strong>parfum identique \u00e0 l\u2019original<\/strong>, m\u00eame senteurs, packaging et flacon.<\/p>\n<p>C&#8217;est un eau de toilette Cuir pour homme.<\/p>\n<p>Les notes de t\u00eate sont Bergamote et Myrte; les notes de c\u0153ur sont Noisette, Chocolat et Grains de caf\u00e9 torr\u00e9fi\u00e9s; les notes de fond sont Cuir et C\u00e8dre.<\/p>\n<p><img fetchpriority=\"high\" decoding=\"async\" class=\"alignnone size-medium wp-image-6020\" src=\"http:\/\/deeva.website\/wp-content\/uploads\/2025\/05\/valentinoHomme4-264x300.png\" alt=\"\" width=\"264\" height=\"300\" srcset=\"https:\/\/deeva.website\/wp-content\/uploads\/2025\/05\/valentinoHomme4-264x300.png 264w, https:\/\/deeva.website\/wp-content\/uploads\/2025\/05\/valentinoHomme4.png 396w\" sizes=\"(max-width: 264px) 100vw, 264px\" \/> <img decoding=\"async\" class=\"alignnone size-medium wp-image-6022\" src=\"http:\/\/deeva.website\/wp-content\/uploads\/2025\/05\/valentinoHomme5-183x300.png\" alt=\"\" width=\"183\" height=\"300\" srcset=\"https:\/\/deeva.website\/wp-content\/uploads\/2025\/05\/valentinoHomme5-183x300.png 183w, https:\/\/deeva.website\/wp-content\/uploads\/2025\/05\/valentinoHomme5.png 308w\" sizes=\"(max-width: 183px) 100vw, 183px\" \/><\/p>\n","protected":false},"featured_media":6014,"comment_status":"open","ping_status":"closed","template":"","meta":[],"product_cat":[87],"product_tag":[],"_links":{"self":[{"href":"https:\/\/deeva.website\/fr-tn\/wp-json\/wp\/v2\/product\/6013"}],"collection":[{"href":"https:\/\/deeva.website\/fr-tn\/wp-json\/wp\/v2\/product"}],"about":[{"href":"https:\/\/deeva.website\/fr-tn\/wp-json\/wp\/v2\/types\/product"}],"replies":[{"embeddable":true,"href":"https:\/\/deeva.website\/fr-tn\/wp-json\/wp\/v2\/comments?post=6013"}],"version-history":[{"count":1,"href":"https:\/\/deeva.website\/fr-tn\/wp-json\/wp\/v2\/product\/6013\/revisions"}],"predecessor-version":[{"id":6024,"href":"https:\/\/deeva.website\/fr-tn\/wp-json\/wp\/v2\/product\/6013\/revisions\/6024"}],"wp:featuredmedia":[{"embeddable":true,"href":"https:\/\/deeva.website\/fr-tn\/wp-json\/wp\/v2\/media\/6014"}],"wp:attachment":[{"href":"https:\/\/deeva.website\/fr-tn\/wp-json\/wp\/v2\/media?parent=6013"}],"wp:term":[{"taxonomy":"product_cat","embeddable":true,"href":"https:\/\/deeva.website\/fr-tn\/wp-json\/wp\/v2\/product_cat?post=6013"},{"taxonomy":"product_tag","embeddable":true,"href":"https:\/\/deeva.website\/fr-tn\/wp-json\/wp\/v2\/product_tag?post=6013"}],"curies":[{"name":"wp","href":"https:\/\/api.w.org\/{rel}","templated":true}]}}