{"id":6001,"date":"2025-04-30T23:49:21","date_gmt":"2025-04-30T21:49:21","guid":{"rendered":"https:\/\/deeva.website\/?post_type=product&#038;p=6001"},"modified":"2025-04-30T23:49:21","modified_gmt":"2025-04-30T21:49:21","slug":"dolcegabbana-the-one-grey","status":"publish","type":"product","link":"https:\/\/deeva.website\/fr-tn\/produit\/dolcegabbana-the-one-grey\/","title":{"rendered":"Dolce&#038;Gabbana The One Grey"},"content":{"rendered":"<p><b>The One Grey 100ml<\/b>\u00a0de\u00a0<em>Dolce&amp;Gabbana<\/em> est un\u00a0<strong>parfum identique \u00e0 l\u2019original<\/strong>, m\u00eame senteurs, packaging et flacon.<\/p>\n<p>C&#8217;est un eau de toilette Bois\u00e9 Aromatique pour homme.<\/p>\n<p>Les notes de t\u00eate sont Pamplemousse, Cardamome, Coriandre et Basilic; les notes de c\u0153ur sont Lavande, Sauge sclar\u00e9e et G\u00e9ranium; les notes de fond sont V\u00e9tiver, Tabac, Patchouli et Ciste.<\/p>\n<p><img fetchpriority=\"high\" decoding=\"async\" class=\"alignnone size-medium wp-image-6002\" src=\"http:\/\/deeva.website\/wp-content\/uploads\/2025\/04\/grey1-300x243.jpg\" alt=\"\" width=\"300\" height=\"243\" srcset=\"https:\/\/deeva.website\/wp-content\/uploads\/2025\/04\/grey1-300x243.jpg 300w, https:\/\/deeva.website\/wp-content\/uploads\/2025\/04\/grey1-600x486.jpg 600w, https:\/\/deeva.website\/wp-content\/uploads\/2025\/04\/grey1.jpg 640w\" sizes=\"(max-width: 300px) 100vw, 300px\" \/> <img decoding=\"async\" class=\"alignnone size-medium wp-image-6010\" src=\"http:\/\/deeva.website\/wp-content\/uploads\/2025\/04\/grey5-246x300.png\" alt=\"\" width=\"246\" height=\"300\" srcset=\"https:\/\/deeva.website\/wp-content\/uploads\/2025\/04\/grey5-246x300.png 246w, https:\/\/deeva.website\/wp-content\/uploads\/2025\/04\/grey5.png 344w\" sizes=\"(max-width: 246px) 100vw, 246px\" \/><\/p>\n","protected":false},"excerpt":{"rendered":"<p><b>The One Grey 100ml<\/b>\u00a0de\u00a0<em>Dolce&amp;Gabbana<\/em> est un\u00a0<strong>parfum identique \u00e0 l\u2019original<\/strong>, m\u00eame senteurs, packaging et flacon.<\/p>\n<p>C&#8217;est un eau de toilette Bois\u00e9 Aromatique pour homme.<\/p>\n<p>Les notes de t\u00eate sont Pamplemousse, Cardamome, Coriandre et Basilic; les notes de c\u0153ur sont Lavande, Sauge sclar\u00e9e et G\u00e9ranium; les notes de fond sont V\u00e9tiver, Tabac, Patchouli et Ciste.<\/p>\n<p><img fetchpriority=\"high\" decoding=\"async\" class=\"alignnone size-medium wp-image-6002\" src=\"http:\/\/deeva.website\/wp-content\/uploads\/2025\/04\/grey1-300x243.jpg\" alt=\"\" width=\"300\" height=\"243\" srcset=\"https:\/\/deeva.website\/wp-content\/uploads\/2025\/04\/grey1-300x243.jpg 300w, https:\/\/deeva.website\/wp-content\/uploads\/2025\/04\/grey1-600x486.jpg 600w, https:\/\/deeva.website\/wp-content\/uploads\/2025\/04\/grey1.jpg 640w\" sizes=\"(max-width: 300px) 100vw, 300px\" \/> <img decoding=\"async\" class=\"alignnone size-medium wp-image-6010\" src=\"http:\/\/deeva.website\/wp-content\/uploads\/2025\/04\/grey5-246x300.png\" alt=\"\" width=\"246\" height=\"300\" srcset=\"https:\/\/deeva.website\/wp-content\/uploads\/2025\/04\/grey5-246x300.png 246w, https:\/\/deeva.website\/wp-content\/uploads\/2025\/04\/grey5.png 344w\" sizes=\"(max-width: 246px) 100vw, 246px\" \/><\/p>\n","protected":false},"featured_media":6006,"comment_status":"open","ping_status":"closed","template":"","meta":[],"product_cat":[87],"product_tag":[],"_links":{"self":[{"href":"https:\/\/deeva.website\/fr-tn\/wp-json\/wp\/v2\/product\/6001"}],"collection":[{"href":"https:\/\/deeva.website\/fr-tn\/wp-json\/wp\/v2\/product"}],"about":[{"href":"https:\/\/deeva.website\/fr-tn\/wp-json\/wp\/v2\/types\/product"}],"replies":[{"embeddable":true,"href":"https:\/\/deeva.website\/fr-tn\/wp-json\/wp\/v2\/comments?post=6001"}],"version-history":[{"count":1,"href":"https:\/\/deeva.website\/fr-tn\/wp-json\/wp\/v2\/product\/6001\/revisions"}],"predecessor-version":[{"id":6012,"href":"https:\/\/deeva.website\/fr-tn\/wp-json\/wp\/v2\/product\/6001\/revisions\/6012"}],"wp:featuredmedia":[{"embeddable":true,"href":"https:\/\/deeva.website\/fr-tn\/wp-json\/wp\/v2\/media\/6006"}],"wp:attachment":[{"href":"https:\/\/deeva.website\/fr-tn\/wp-json\/wp\/v2\/media?parent=6001"}],"wp:term":[{"taxonomy":"product_cat","embeddable":true,"href":"https:\/\/deeva.website\/fr-tn\/wp-json\/wp\/v2\/product_cat?post=6001"},{"taxonomy":"product_tag","embeddable":true,"href":"https:\/\/deeva.website\/fr-tn\/wp-json\/wp\/v2\/product_tag?post=6001"}],"curies":[{"name":"wp","href":"https:\/\/api.w.org\/{rel}","templated":true}]}}