{"id":5990,"date":"2025-04-30T23:34:46","date_gmt":"2025-04-30T21:34:46","guid":{"rendered":"https:\/\/deeva.website\/?post_type=product&#038;p=5990"},"modified":"2025-04-30T23:34:46","modified_gmt":"2025-04-30T21:34:46","slug":"dolcegabbana-the-one-for-men","status":"publish","type":"product","link":"https:\/\/deeva.website\/fr-tn\/produit\/dolcegabbana-the-one-for-men\/","title":{"rendered":"Dolce&#038;Gabbana The One for Men"},"content":{"rendered":"<p><strong>The One for Men 100ml<\/strong> de <em>Dolce&amp;Gabbana<\/em> est un\u00a0<strong>parfum identique \u00e0 l\u2019original<\/strong>, m\u00eame senteurs, packaging et flacon.<\/p>\n<p>C&#8217;est un eau de toilette Bois\u00e9 \u00c9pic\u00e9 pour homme.<\/p>\n<p>Les notes de t\u00eate sont Pamplemousse, Coriandre et Basilic; les notes de c\u0153ur sont Gingembre, Cardamome et Fleur d&#8217;oranger; les notes de fond sont Ambre, Tabac et C\u00e8dre.<\/p>\n<p><img fetchpriority=\"high\" decoding=\"async\" class=\"alignnone size-medium wp-image-5993\" src=\"http:\/\/deeva.website\/wp-content\/uploads\/2025\/04\/one2-189x300.png\" alt=\"\" width=\"189\" height=\"300\" srcset=\"https:\/\/deeva.website\/wp-content\/uploads\/2025\/04\/one2-189x300.png 189w, https:\/\/deeva.website\/wp-content\/uploads\/2025\/04\/one2.png 310w\" sizes=\"(max-width: 189px) 100vw, 189px\" \/> <img decoding=\"async\" class=\"alignnone size-medium wp-image-5995\" src=\"http:\/\/deeva.website\/wp-content\/uploads\/2025\/04\/one3-229x300.png\" alt=\"\" width=\"229\" height=\"300\" srcset=\"https:\/\/deeva.website\/wp-content\/uploads\/2025\/04\/one3-229x300.png 229w, https:\/\/deeva.website\/wp-content\/uploads\/2025\/04\/one3.png 354w\" sizes=\"(max-width: 229px) 100vw, 229px\" \/><\/p>\n","protected":false},"excerpt":{"rendered":"<p><strong style=\"letter-spacing: 0px;\">The One for Men 100ml<\/strong><span style=\"letter-spacing: 0px;\"> de <\/span><em style=\"letter-spacing: 0px;\">Dolce&amp;Gabbana<\/em><span style=\"letter-spacing: 0px;\"> est un\u00a0<\/span><strong style=\"letter-spacing: 0px;\">parfum identique \u00e0 l\u2019original<\/strong><span style=\"letter-spacing: 0px;\">, m\u00eame senteurs, packaging et flacon.<\/span><\/p>\n<p>C&#8217;est un eau de toilette Bois\u00e9 \u00c9pic\u00e9 pour homme.<\/p>\n<p>Les notes de t\u00eate sont Pamplemousse, Coriandre et Basilic; les notes de c\u0153ur sont Gingembre, Cardamome et Fleur d&#8217;oranger; les notes de fond sont Ambre, Tabac et C\u00e8dre.<\/p>\n<p><img fetchpriority=\"high\" decoding=\"async\" class=\"alignnone size-medium wp-image-5993\" src=\"http:\/\/deeva.website\/wp-content\/uploads\/2025\/04\/one2-189x300.png\" alt=\"\" width=\"189\" height=\"300\" srcset=\"https:\/\/deeva.website\/wp-content\/uploads\/2025\/04\/one2-189x300.png 189w, https:\/\/deeva.website\/wp-content\/uploads\/2025\/04\/one2.png 310w\" sizes=\"(max-width: 189px) 100vw, 189px\" \/> <img decoding=\"async\" class=\"alignnone size-medium wp-image-5995\" src=\"http:\/\/deeva.website\/wp-content\/uploads\/2025\/04\/one3-229x300.png\" alt=\"\" width=\"229\" height=\"300\" srcset=\"https:\/\/deeva.website\/wp-content\/uploads\/2025\/04\/one3-229x300.png 229w, https:\/\/deeva.website\/wp-content\/uploads\/2025\/04\/one3.png 354w\" sizes=\"(max-width: 229px) 100vw, 229px\" \/><\/p>\n","protected":false},"featured_media":5997,"comment_status":"open","ping_status":"closed","template":"","meta":[],"product_cat":[87],"product_tag":[],"_links":{"self":[{"href":"https:\/\/deeva.website\/fr-tn\/wp-json\/wp\/v2\/product\/5990"}],"collection":[{"href":"https:\/\/deeva.website\/fr-tn\/wp-json\/wp\/v2\/product"}],"about":[{"href":"https:\/\/deeva.website\/fr-tn\/wp-json\/wp\/v2\/types\/product"}],"replies":[{"embeddable":true,"href":"https:\/\/deeva.website\/fr-tn\/wp-json\/wp\/v2\/comments?post=5990"}],"version-history":[{"count":1,"href":"https:\/\/deeva.website\/fr-tn\/wp-json\/wp\/v2\/product\/5990\/revisions"}],"predecessor-version":[{"id":5999,"href":"https:\/\/deeva.website\/fr-tn\/wp-json\/wp\/v2\/product\/5990\/revisions\/5999"}],"wp:featuredmedia":[{"embeddable":true,"href":"https:\/\/deeva.website\/fr-tn\/wp-json\/wp\/v2\/media\/5997"}],"wp:attachment":[{"href":"https:\/\/deeva.website\/fr-tn\/wp-json\/wp\/v2\/media?parent=5990"}],"wp:term":[{"taxonomy":"product_cat","embeddable":true,"href":"https:\/\/deeva.website\/fr-tn\/wp-json\/wp\/v2\/product_cat?post=5990"},{"taxonomy":"product_tag","embeddable":true,"href":"https:\/\/deeva.website\/fr-tn\/wp-json\/wp\/v2\/product_tag?post=5990"}],"curies":[{"name":"wp","href":"https:\/\/api.w.org\/{rel}","templated":true}]}}