{"id":5978,"date":"2025-04-30T23:20:56","date_gmt":"2025-04-30T21:20:56","guid":{"rendered":"https:\/\/deeva.website\/?post_type=product&#038;p=5978"},"modified":"2025-04-30T23:20:56","modified_gmt":"2025-04-30T21:20:56","slug":"dolcegabbana-the-one-for-men-eau-de-parfum","status":"publish","type":"product","link":"https:\/\/deeva.website\/fr-tn\/produit\/dolcegabbana-the-one-for-men-eau-de-parfum\/","title":{"rendered":"Dolce&#038;Gabbana The One for Men Eau de Parfum"},"content":{"rendered":"<p><strong>The One for Men Eau de Parfum 100ml<\/strong> de <em>Dolce&amp;Gabbana<\/em> est \u00a0un\u00a0<strong>parfum identique \u00e0 l\u2019original<\/strong>, m\u00eame senteurs, packaging et flacon.<\/p>\n<p>C&#8217;est un eau de parfum Bois\u00e9 \u00c9pic\u00e9 pour homme.<\/p>\n<p>Les notes de t\u00eate sont Pamplemousse, Coriandre et Basilic; les notes de c\u0153ur sont Cardamome, Gingembre et Fleur d&#8217;oranger; les notes de fond sont Ambre, Tabac et C\u00e8dre.<\/p>\n<p><img fetchpriority=\"high\" decoding=\"async\" class=\"alignnone size-medium wp-image-5979\" src=\"http:\/\/deeva.website\/wp-content\/uploads\/2025\/04\/theone1-300x300.jpg\" alt=\"\" width=\"300\" height=\"300\" srcset=\"https:\/\/deeva.website\/wp-content\/uploads\/2025\/04\/theone1-300x300.jpg 300w, https:\/\/deeva.website\/wp-content\/uploads\/2025\/04\/theone1-150x150.jpg 150w, https:\/\/deeva.website\/wp-content\/uploads\/2025\/04\/theone1-400x400.jpg 400w, https:\/\/deeva.website\/wp-content\/uploads\/2025\/04\/theone1-100x100.jpg 100w, https:\/\/deeva.website\/wp-content\/uploads\/2025\/04\/theone1-24x24.jpg 24w, https:\/\/deeva.website\/wp-content\/uploads\/2025\/04\/theone1-48x48.jpg 48w, https:\/\/deeva.website\/wp-content\/uploads\/2025\/04\/theone1-96x96.jpg 96w, https:\/\/deeva.website\/wp-content\/uploads\/2025\/04\/theone1.jpg 458w\" sizes=\"(max-width: 300px) 100vw, 300px\" \/> <img decoding=\"async\" class=\"alignnone size-medium wp-image-5987\" src=\"http:\/\/deeva.website\/wp-content\/uploads\/2025\/04\/theone5-226x300.png\" alt=\"\" width=\"226\" height=\"300\" srcset=\"https:\/\/deeva.website\/wp-content\/uploads\/2025\/04\/theone5-226x300.png 226w, https:\/\/deeva.website\/wp-content\/uploads\/2025\/04\/theone5.png 354w\" sizes=\"(max-width: 226px) 100vw, 226px\" \/><\/p>\n","protected":false},"excerpt":{"rendered":"<p><strong>The One for Men Eau de Parfum 100ml<\/strong> de <em>Dolce&amp;Gabbana<\/em> est \u00a0un\u00a0<strong>parfum identique \u00e0 l\u2019original<\/strong>, m\u00eame senteurs, packaging et flacon.<\/p>\n<p>C&#8217;est un eau de parfum Bois\u00e9 \u00c9pic\u00e9 pour homme.<\/p>\n<p>Les notes de t\u00eate sont Pamplemousse, Coriandre et Basilic; les notes de c\u0153ur sont Cardamome, Gingembre et Fleur d&#8217;oranger; les notes de fond sont Ambre, Tabac et C\u00e8dre.<\/p>\n<p><img fetchpriority=\"high\" decoding=\"async\" class=\"alignnone size-medium wp-image-5979\" src=\"http:\/\/deeva.website\/wp-content\/uploads\/2025\/04\/theone1-300x300.jpg\" alt=\"\" width=\"300\" height=\"300\" srcset=\"https:\/\/deeva.website\/wp-content\/uploads\/2025\/04\/theone1-300x300.jpg 300w, https:\/\/deeva.website\/wp-content\/uploads\/2025\/04\/theone1-150x150.jpg 150w, https:\/\/deeva.website\/wp-content\/uploads\/2025\/04\/theone1-400x400.jpg 400w, https:\/\/deeva.website\/wp-content\/uploads\/2025\/04\/theone1-100x100.jpg 100w, https:\/\/deeva.website\/wp-content\/uploads\/2025\/04\/theone1-24x24.jpg 24w, https:\/\/deeva.website\/wp-content\/uploads\/2025\/04\/theone1-48x48.jpg 48w, https:\/\/deeva.website\/wp-content\/uploads\/2025\/04\/theone1-96x96.jpg 96w, https:\/\/deeva.website\/wp-content\/uploads\/2025\/04\/theone1.jpg 458w\" sizes=\"(max-width: 300px) 100vw, 300px\" \/> <img decoding=\"async\" class=\"alignnone size-medium wp-image-5987\" src=\"http:\/\/deeva.website\/wp-content\/uploads\/2025\/04\/theone5-226x300.png\" alt=\"\" width=\"226\" height=\"300\" srcset=\"https:\/\/deeva.website\/wp-content\/uploads\/2025\/04\/theone5-226x300.png 226w, https:\/\/deeva.website\/wp-content\/uploads\/2025\/04\/theone5.png 354w\" sizes=\"(max-width: 226px) 100vw, 226px\" \/><\/p>\n","protected":false},"featured_media":5981,"comment_status":"open","ping_status":"closed","template":"","meta":[],"product_cat":[71],"product_tag":[],"_links":{"self":[{"href":"https:\/\/deeva.website\/fr-tn\/wp-json\/wp\/v2\/product\/5978"}],"collection":[{"href":"https:\/\/deeva.website\/fr-tn\/wp-json\/wp\/v2\/product"}],"about":[{"href":"https:\/\/deeva.website\/fr-tn\/wp-json\/wp\/v2\/types\/product"}],"replies":[{"embeddable":true,"href":"https:\/\/deeva.website\/fr-tn\/wp-json\/wp\/v2\/comments?post=5978"}],"version-history":[{"count":1,"href":"https:\/\/deeva.website\/fr-tn\/wp-json\/wp\/v2\/product\/5978\/revisions"}],"predecessor-version":[{"id":5989,"href":"https:\/\/deeva.website\/fr-tn\/wp-json\/wp\/v2\/product\/5978\/revisions\/5989"}],"wp:featuredmedia":[{"embeddable":true,"href":"https:\/\/deeva.website\/fr-tn\/wp-json\/wp\/v2\/media\/5981"}],"wp:attachment":[{"href":"https:\/\/deeva.website\/fr-tn\/wp-json\/wp\/v2\/media?parent=5978"}],"wp:term":[{"taxonomy":"product_cat","embeddable":true,"href":"https:\/\/deeva.website\/fr-tn\/wp-json\/wp\/v2\/product_cat?post=5978"},{"taxonomy":"product_tag","embeddable":true,"href":"https:\/\/deeva.website\/fr-tn\/wp-json\/wp\/v2\/product_tag?post=5978"}],"curies":[{"name":"wp","href":"https:\/\/api.w.org\/{rel}","templated":true}]}}