{"id":5965,"date":"2025-04-30T01:18:31","date_gmt":"2025-04-29T23:18:31","guid":{"rendered":"https:\/\/deeva.website\/?post_type=product&#038;p=5965"},"modified":"2025-04-30T01:18:32","modified_gmt":"2025-04-29T23:18:32","slug":"dolcegabbana-pour-homme-intenso","status":"publish","type":"product","link":"https:\/\/deeva.website\/fr-tn\/produit\/dolcegabbana-pour-homme-intenso\/","title":{"rendered":"Dolce&#038;Gabbana Pour Homme Intenso"},"content":{"rendered":"<p><strong>Dolce&amp;Gabbana Pour Homme Intenso 125ml<\/strong> de <em>Dolce&amp;Gabbana<\/em> est\u00a0un\u00a0<strong>parfum identique \u00e0 l\u2019original<\/strong>, m\u00eame senteurs, packaging et flacon.<\/p>\n<p>C&#8217;est un eau de parfum Bois\u00e9 Aromatique pour homme.<\/p>\n<p>Les notes de t\u00eate sont Lavande, Notes aquatiques, Basilic, G\u00e9ranium et Souci; les notes de c\u0153ur sont Tabac, Foin, Sauge sclar\u00e9e, Mimusops zeyheri et Son de bl\u00e9; les notes de fond sont Bois de santal, Cypr\u00e8s, Musc, Ambre et Ciste.<\/p>\n<p><img fetchpriority=\"high\" decoding=\"async\" class=\"alignnone size-full wp-image-5966\" src=\"http:\/\/deeva.website\/wp-content\/uploads\/2025\/04\/intenso1.jpg\" alt=\"\" width=\"254\" height=\"254\" srcset=\"https:\/\/deeva.website\/wp-content\/uploads\/2025\/04\/intenso1.jpg 254w, https:\/\/deeva.website\/wp-content\/uploads\/2025\/04\/intenso1-150x150.jpg 150w, https:\/\/deeva.website\/wp-content\/uploads\/2025\/04\/intenso1-100x100.jpg 100w, https:\/\/deeva.website\/wp-content\/uploads\/2025\/04\/intenso1-24x24.jpg 24w, https:\/\/deeva.website\/wp-content\/uploads\/2025\/04\/intenso1-48x48.jpg 48w, https:\/\/deeva.website\/wp-content\/uploads\/2025\/04\/intenso1-96x96.jpg 96w\" sizes=\"(max-width: 254px) 100vw, 254px\" \/> <img decoding=\"async\" class=\"alignnone size-medium wp-image-5972\" src=\"http:\/\/deeva.website\/wp-content\/uploads\/2025\/04\/intenso4-206x300.png\" alt=\"\" width=\"206\" height=\"300\" srcset=\"https:\/\/deeva.website\/wp-content\/uploads\/2025\/04\/intenso4-206x300.png 206w, https:\/\/deeva.website\/wp-content\/uploads\/2025\/04\/intenso4.png 330w\" sizes=\"(max-width: 206px) 100vw, 206px\" \/><\/p>\n","protected":false},"excerpt":{"rendered":"<p><strong>Dolce&amp;Gabbana Pour Homme Intenso 125ml<\/strong> de <em>Dolce&amp;Gabbana<\/em> est\u00a0un\u00a0<strong>parfum identique \u00e0 l\u2019original<\/strong>, m\u00eame senteurs, packaging et flacon.<\/p>\n<p>C&#8217;est un eau de parfum Bois\u00e9 Aromatique pour homme.<\/p>\n<p>Les notes de t\u00eate sont Lavande, Notes aquatiques, Basilic, G\u00e9ranium et Souci; les notes de c\u0153ur sont Tabac, Foin, Sauge sclar\u00e9e, Mimusops zeyheri et Son de bl\u00e9; les notes de fond sont Bois de santal, Cypr\u00e8s, Musc, Ambre et Ciste.<\/p>\n<p><img fetchpriority=\"high\" decoding=\"async\" class=\"alignnone size-full wp-image-5966\" src=\"http:\/\/deeva.website\/wp-content\/uploads\/2025\/04\/intenso1.jpg\" alt=\"\" width=\"254\" height=\"254\" srcset=\"https:\/\/deeva.website\/wp-content\/uploads\/2025\/04\/intenso1.jpg 254w, https:\/\/deeva.website\/wp-content\/uploads\/2025\/04\/intenso1-150x150.jpg 150w, https:\/\/deeva.website\/wp-content\/uploads\/2025\/04\/intenso1-100x100.jpg 100w, https:\/\/deeva.website\/wp-content\/uploads\/2025\/04\/intenso1-24x24.jpg 24w, https:\/\/deeva.website\/wp-content\/uploads\/2025\/04\/intenso1-48x48.jpg 48w, https:\/\/deeva.website\/wp-content\/uploads\/2025\/04\/intenso1-96x96.jpg 96w\" sizes=\"(max-width: 254px) 100vw, 254px\" \/> <img decoding=\"async\" class=\"alignnone size-medium wp-image-5972\" src=\"http:\/\/deeva.website\/wp-content\/uploads\/2025\/04\/intenso4-206x300.png\" alt=\"\" width=\"206\" height=\"300\" srcset=\"https:\/\/deeva.website\/wp-content\/uploads\/2025\/04\/intenso4-206x300.png 206w, https:\/\/deeva.website\/wp-content\/uploads\/2025\/04\/intenso4.png 330w\" sizes=\"(max-width: 206px) 100vw, 206px\" \/><\/p>\n","protected":false},"featured_media":5968,"comment_status":"open","ping_status":"closed","template":"","meta":[],"product_cat":[71],"product_tag":[],"_links":{"self":[{"href":"https:\/\/deeva.website\/fr-tn\/wp-json\/wp\/v2\/product\/5965"}],"collection":[{"href":"https:\/\/deeva.website\/fr-tn\/wp-json\/wp\/v2\/product"}],"about":[{"href":"https:\/\/deeva.website\/fr-tn\/wp-json\/wp\/v2\/types\/product"}],"replies":[{"embeddable":true,"href":"https:\/\/deeva.website\/fr-tn\/wp-json\/wp\/v2\/comments?post=5965"}],"version-history":[{"count":1,"href":"https:\/\/deeva.website\/fr-tn\/wp-json\/wp\/v2\/product\/5965\/revisions"}],"predecessor-version":[{"id":5974,"href":"https:\/\/deeva.website\/fr-tn\/wp-json\/wp\/v2\/product\/5965\/revisions\/5974"}],"wp:featuredmedia":[{"embeddable":true,"href":"https:\/\/deeva.website\/fr-tn\/wp-json\/wp\/v2\/media\/5968"}],"wp:attachment":[{"href":"https:\/\/deeva.website\/fr-tn\/wp-json\/wp\/v2\/media?parent=5965"}],"wp:term":[{"taxonomy":"product_cat","embeddable":true,"href":"https:\/\/deeva.website\/fr-tn\/wp-json\/wp\/v2\/product_cat?post=5965"},{"taxonomy":"product_tag","embeddable":true,"href":"https:\/\/deeva.website\/fr-tn\/wp-json\/wp\/v2\/product_tag?post=5965"}],"curies":[{"name":"wp","href":"https:\/\/api.w.org\/{rel}","templated":true}]}}