{"id":5953,"date":"2025-04-30T01:12:00","date_gmt":"2025-04-29T23:12:00","guid":{"rendered":"https:\/\/deeva.website\/?post_type=product&#038;p=5953"},"modified":"2025-04-30T01:12:00","modified_gmt":"2025-04-29T23:12:00","slug":"k-by-dolce-gabbana","status":"publish","type":"product","link":"https:\/\/deeva.website\/fr-tn\/produit\/k-by-dolce-gabbana\/","title":{"rendered":"K by Dolce &#038; Gabbana"},"content":{"rendered":"<p><strong>K by Dolce &amp; Gabbana 100ml<\/strong> de <em>Dolce&amp;Gabbana<\/em> est \u00a0un\u00a0<strong>parfum identique \u00e0 l\u2019original<\/strong>, m\u00eame senteurs, packaging et flacon.<\/p>\n<p>C&#8217;est un eau de toilette Bois\u00e9 Aromatique pour homme.<\/p>\n<p>Les notes de t\u00eate sont Baies de gen\u00e9vrier, Agrumes, Orange sanguine et Citron de Sicile; les notes de c\u0153ur sont Piment, Lavande, Sauge sclar\u00e9e et G\u00e9ranium; les notes de fond sont V\u00e9tiver, C\u00e8dre et Patchouli.<\/p>\n<p><img fetchpriority=\"high\" decoding=\"async\" class=\"alignnone wp-image-5954 size-medium\" src=\"http:\/\/deeva.website\/wp-content\/uploads\/2025\/04\/king1-300x300.jpg\" alt=\"\" width=\"300\" height=\"300\" srcset=\"https:\/\/deeva.website\/wp-content\/uploads\/2025\/04\/king1-300x300.jpg 300w, https:\/\/deeva.website\/wp-content\/uploads\/2025\/04\/king1-150x150.jpg 150w, https:\/\/deeva.website\/wp-content\/uploads\/2025\/04\/king1-768x768.jpg 768w, https:\/\/deeva.website\/wp-content\/uploads\/2025\/04\/king1-400x400.jpg 400w, https:\/\/deeva.website\/wp-content\/uploads\/2025\/04\/king1-600x600.jpg 600w, https:\/\/deeva.website\/wp-content\/uploads\/2025\/04\/king1-100x100.jpg 100w, https:\/\/deeva.website\/wp-content\/uploads\/2025\/04\/king1-24x24.jpg 24w, https:\/\/deeva.website\/wp-content\/uploads\/2025\/04\/king1-48x48.jpg 48w, https:\/\/deeva.website\/wp-content\/uploads\/2025\/04\/king1-96x96.jpg 96w, https:\/\/deeva.website\/wp-content\/uploads\/2025\/04\/king1.jpg 800w\" sizes=\"(max-width: 300px) 100vw, 300px\" \/> <img decoding=\"async\" class=\"alignnone size-medium wp-image-5962\" src=\"http:\/\/deeva.website\/wp-content\/uploads\/2025\/04\/king6-260x300.png\" alt=\"\" width=\"260\" height=\"300\" srcset=\"https:\/\/deeva.website\/wp-content\/uploads\/2025\/04\/king6-260x300.png 260w, https:\/\/deeva.website\/wp-content\/uploads\/2025\/04\/king6.png 372w\" sizes=\"(max-width: 260px) 100vw, 260px\" \/><\/p>\n<p>&nbsp;<\/p>\n","protected":false},"excerpt":{"rendered":"<p><strong>K by Dolce &amp; Gabbana 100ml<\/strong> de <em>Dolce&amp;Gabbana<\/em> est \u00a0un\u00a0<strong>parfum identique \u00e0 l\u2019original<\/strong>, m\u00eame senteurs, packaging et flacon.<\/p>\n<p>C&#8217;est un eau de toilette Bois\u00e9 Aromatique pour homme.<\/p>\n<p>Les notes de t\u00eate sont Baies de gen\u00e9vrier, Agrumes, Orange sanguine et Citron de Sicile; les notes de c\u0153ur sont Piment, Lavande, Sauge sclar\u00e9e et G\u00e9ranium; les notes de fond sont V\u00e9tiver, C\u00e8dre et Patchouli.<\/p>\n<p><img fetchpriority=\"high\" decoding=\"async\" class=\"alignnone wp-image-5954 size-medium\" src=\"http:\/\/deeva.website\/wp-content\/uploads\/2025\/04\/king1-300x300.jpg\" alt=\"\" width=\"300\" height=\"300\" srcset=\"https:\/\/deeva.website\/wp-content\/uploads\/2025\/04\/king1-300x300.jpg 300w, https:\/\/deeva.website\/wp-content\/uploads\/2025\/04\/king1-150x150.jpg 150w, https:\/\/deeva.website\/wp-content\/uploads\/2025\/04\/king1-768x768.jpg 768w, https:\/\/deeva.website\/wp-content\/uploads\/2025\/04\/king1-400x400.jpg 400w, https:\/\/deeva.website\/wp-content\/uploads\/2025\/04\/king1-600x600.jpg 600w, https:\/\/deeva.website\/wp-content\/uploads\/2025\/04\/king1-100x100.jpg 100w, https:\/\/deeva.website\/wp-content\/uploads\/2025\/04\/king1-24x24.jpg 24w, https:\/\/deeva.website\/wp-content\/uploads\/2025\/04\/king1-48x48.jpg 48w, https:\/\/deeva.website\/wp-content\/uploads\/2025\/04\/king1-96x96.jpg 96w, https:\/\/deeva.website\/wp-content\/uploads\/2025\/04\/king1.jpg 800w\" sizes=\"(max-width: 300px) 100vw, 300px\" \/> <img decoding=\"async\" class=\"alignnone size-medium wp-image-5962\" src=\"http:\/\/deeva.website\/wp-content\/uploads\/2025\/04\/king6-260x300.png\" alt=\"\" width=\"260\" height=\"300\" srcset=\"https:\/\/deeva.website\/wp-content\/uploads\/2025\/04\/king6-260x300.png 260w, https:\/\/deeva.website\/wp-content\/uploads\/2025\/04\/king6.png 372w\" sizes=\"(max-width: 260px) 100vw, 260px\" \/><\/p>\n<p>&nbsp;<\/p>\n","protected":false},"featured_media":5956,"comment_status":"open","ping_status":"closed","template":"","meta":[],"product_cat":[87],"product_tag":[],"_links":{"self":[{"href":"https:\/\/deeva.website\/fr-tn\/wp-json\/wp\/v2\/product\/5953"}],"collection":[{"href":"https:\/\/deeva.website\/fr-tn\/wp-json\/wp\/v2\/product"}],"about":[{"href":"https:\/\/deeva.website\/fr-tn\/wp-json\/wp\/v2\/types\/product"}],"replies":[{"embeddable":true,"href":"https:\/\/deeva.website\/fr-tn\/wp-json\/wp\/v2\/comments?post=5953"}],"version-history":[{"count":1,"href":"https:\/\/deeva.website\/fr-tn\/wp-json\/wp\/v2\/product\/5953\/revisions"}],"predecessor-version":[{"id":5964,"href":"https:\/\/deeva.website\/fr-tn\/wp-json\/wp\/v2\/product\/5953\/revisions\/5964"}],"wp:featuredmedia":[{"embeddable":true,"href":"https:\/\/deeva.website\/fr-tn\/wp-json\/wp\/v2\/media\/5956"}],"wp:attachment":[{"href":"https:\/\/deeva.website\/fr-tn\/wp-json\/wp\/v2\/media?parent=5953"}],"wp:term":[{"taxonomy":"product_cat","embeddable":true,"href":"https:\/\/deeva.website\/fr-tn\/wp-json\/wp\/v2\/product_cat?post=5953"},{"taxonomy":"product_tag","embeddable":true,"href":"https:\/\/deeva.website\/fr-tn\/wp-json\/wp\/v2\/product_tag?post=5953"}],"curies":[{"name":"wp","href":"https:\/\/api.w.org\/{rel}","templated":true}]}}