{"id":5943,"date":"2025-04-30T01:02:56","date_gmt":"2025-04-29T23:02:56","guid":{"rendered":"https:\/\/deeva.website\/?post_type=product&#038;p=5943"},"modified":"2025-04-30T01:02:56","modified_gmt":"2025-04-29T23:02:56","slug":"joop-homme","status":"publish","type":"product","link":"https:\/\/deeva.website\/fr-tn\/produit\/joop-homme\/","title":{"rendered":"Joop! Homme"},"content":{"rendered":"<p><strong>Joop! Homme 125ml<\/strong> de <em>Joop!<\/em> est \u00a0un\u00a0<strong>parfum identique \u00e0 l\u2019original<\/strong>, m\u00eame senteurs, packaging et flacon.<\/p>\n<p>C&#8217;est un eau de toilette Orientale Foug\u00e8re pour homme.<\/p>\n<p>Les notes de t\u00eate sont Fleur d&#8217;oranger, Mandarine, Bergamote et Limone Costa d&#8217;Amalfi; les notes de c\u0153ur sont Cannelle, H\u00e9liotrope, Jasmin, Cardamome et Muguet; les notes de fond sont Vanille, F\u00e8ve de tonka, Bois de santal, Patchouli, Miel, Tabac et V\u00e9tiver.<\/p>\n<p><img fetchpriority=\"high\" decoding=\"async\" class=\"alignnone size-medium wp-image-5950\" src=\"http:\/\/deeva.website\/wp-content\/uploads\/2025\/04\/joop4-300x300.jpg\" alt=\"\" width=\"300\" height=\"300\" srcset=\"https:\/\/deeva.website\/wp-content\/uploads\/2025\/04\/joop4-300x300.jpg 300w, https:\/\/deeva.website\/wp-content\/uploads\/2025\/04\/joop4-150x150.jpg 150w, https:\/\/deeva.website\/wp-content\/uploads\/2025\/04\/joop4-768x768.jpg 768w, https:\/\/deeva.website\/wp-content\/uploads\/2025\/04\/joop4-400x400.jpg 400w, https:\/\/deeva.website\/wp-content\/uploads\/2025\/04\/joop4-600x600.jpg 600w, https:\/\/deeva.website\/wp-content\/uploads\/2025\/04\/joop4-100x100.jpg 100w, https:\/\/deeva.website\/wp-content\/uploads\/2025\/04\/joop4-24x24.jpg 24w, https:\/\/deeva.website\/wp-content\/uploads\/2025\/04\/joop4-48x48.jpg 48w, https:\/\/deeva.website\/wp-content\/uploads\/2025\/04\/joop4-96x96.jpg 96w, https:\/\/deeva.website\/wp-content\/uploads\/2025\/04\/joop4.jpg 800w\" sizes=\"(max-width: 300px) 100vw, 300px\" \/> <img decoding=\"async\" class=\"alignnone size-medium wp-image-5944\" src=\"http:\/\/deeva.website\/wp-content\/uploads\/2025\/04\/joop1-233x300.png\" alt=\"\" width=\"233\" height=\"300\" srcset=\"https:\/\/deeva.website\/wp-content\/uploads\/2025\/04\/joop1-233x300.png 233w, https:\/\/deeva.website\/wp-content\/uploads\/2025\/04\/joop1.png 349w\" sizes=\"(max-width: 233px) 100vw, 233px\" \/><\/p>\n","protected":false},"excerpt":{"rendered":"<p><strong>Joop! Homme 125ml<\/strong> de <em>Joop!<\/em> est \u00a0un\u00a0<strong>parfum identique \u00e0 l\u2019original<\/strong>, m\u00eame senteurs, packaging et flacon.<\/p>\n<p>C&#8217;est un eau de toilette Orientale Foug\u00e8re pour homme.<\/p>\n<p>Les notes de t\u00eate sont Fleur d&#8217;oranger, Mandarine, Bergamote et Limone Costa d&#8217;Amalfi; les notes de c\u0153ur sont Cannelle, H\u00e9liotrope, Jasmin, Cardamome et Muguet; les notes de fond sont Vanille, F\u00e8ve de tonka, Bois de santal, Patchouli, Miel, Tabac et V\u00e9tiver.<\/p>\n<p><img fetchpriority=\"high\" decoding=\"async\" class=\"alignnone size-medium wp-image-5950\" src=\"http:\/\/deeva.website\/wp-content\/uploads\/2025\/04\/joop4-300x300.jpg\" alt=\"\" width=\"300\" height=\"300\" srcset=\"https:\/\/deeva.website\/wp-content\/uploads\/2025\/04\/joop4-300x300.jpg 300w, https:\/\/deeva.website\/wp-content\/uploads\/2025\/04\/joop4-150x150.jpg 150w, https:\/\/deeva.website\/wp-content\/uploads\/2025\/04\/joop4-768x768.jpg 768w, https:\/\/deeva.website\/wp-content\/uploads\/2025\/04\/joop4-400x400.jpg 400w, https:\/\/deeva.website\/wp-content\/uploads\/2025\/04\/joop4-600x600.jpg 600w, https:\/\/deeva.website\/wp-content\/uploads\/2025\/04\/joop4-100x100.jpg 100w, https:\/\/deeva.website\/wp-content\/uploads\/2025\/04\/joop4-24x24.jpg 24w, https:\/\/deeva.website\/wp-content\/uploads\/2025\/04\/joop4-48x48.jpg 48w, https:\/\/deeva.website\/wp-content\/uploads\/2025\/04\/joop4-96x96.jpg 96w, https:\/\/deeva.website\/wp-content\/uploads\/2025\/04\/joop4.jpg 800w\" sizes=\"(max-width: 300px) 100vw, 300px\" \/> <img decoding=\"async\" class=\"alignnone size-medium wp-image-5944\" src=\"http:\/\/deeva.website\/wp-content\/uploads\/2025\/04\/joop1-233x300.png\" alt=\"\" width=\"233\" height=\"300\" srcset=\"https:\/\/deeva.website\/wp-content\/uploads\/2025\/04\/joop1-233x300.png 233w, https:\/\/deeva.website\/wp-content\/uploads\/2025\/04\/joop1.png 349w\" sizes=\"(max-width: 233px) 100vw, 233px\" \/><\/p>\n","protected":false},"featured_media":5946,"comment_status":"open","ping_status":"closed","template":"","meta":[],"product_cat":[87],"product_tag":[],"_links":{"self":[{"href":"https:\/\/deeva.website\/fr-tn\/wp-json\/wp\/v2\/product\/5943"}],"collection":[{"href":"https:\/\/deeva.website\/fr-tn\/wp-json\/wp\/v2\/product"}],"about":[{"href":"https:\/\/deeva.website\/fr-tn\/wp-json\/wp\/v2\/types\/product"}],"replies":[{"embeddable":true,"href":"https:\/\/deeva.website\/fr-tn\/wp-json\/wp\/v2\/comments?post=5943"}],"version-history":[{"count":1,"href":"https:\/\/deeva.website\/fr-tn\/wp-json\/wp\/v2\/product\/5943\/revisions"}],"predecessor-version":[{"id":5952,"href":"https:\/\/deeva.website\/fr-tn\/wp-json\/wp\/v2\/product\/5943\/revisions\/5952"}],"wp:featuredmedia":[{"embeddable":true,"href":"https:\/\/deeva.website\/fr-tn\/wp-json\/wp\/v2\/media\/5946"}],"wp:attachment":[{"href":"https:\/\/deeva.website\/fr-tn\/wp-json\/wp\/v2\/media?parent=5943"}],"wp:term":[{"taxonomy":"product_cat","embeddable":true,"href":"https:\/\/deeva.website\/fr-tn\/wp-json\/wp\/v2\/product_cat?post=5943"},{"taxonomy":"product_tag","embeddable":true,"href":"https:\/\/deeva.website\/fr-tn\/wp-json\/wp\/v2\/product_tag?post=5943"}],"curies":[{"name":"wp","href":"https:\/\/api.w.org\/{rel}","templated":true}]}}