{"id":5933,"date":"2025-04-30T00:55:19","date_gmt":"2025-04-29T22:55:19","guid":{"rendered":"https:\/\/deeva.website\/?post_type=product&#038;p=5933"},"modified":"2025-04-30T00:55:19","modified_gmt":"2025-04-29T22:55:19","slug":"givenchy-gentleman-eau-de-parfum-reserve-privee","status":"publish","type":"product","link":"https:\/\/deeva.website\/fr-tn\/produit\/givenchy-gentleman-eau-de-parfum-reserve-privee\/","title":{"rendered":"Givenchy Gentleman Eau de Parfum Reserve Priv\u00e9e"},"content":{"rendered":"<p><strong>Gentleman Eau de Parfum Reserve Priv\u00e9e 100ml<\/strong> de <em>Givenchy<\/em> est \u00a0un\u00a0<strong>parfum identique \u00e0 l\u2019original<\/strong>, m\u00eame senteurs, packaging et flacon.<\/p>\n<p>C&#8217;est un eau de parfum Orientale Vanill\u00e9 pour homme.<\/p>\n<p>La note de t\u00eate est Bergamote; les notes de c\u0153ur sont Iris et Ch\u00e2taigne; les notes de fond sont Whisky, Notes bois\u00e9es et Ambre.<\/p>\n<p><img fetchpriority=\"high\" decoding=\"async\" class=\"alignnone size-full wp-image-5938\" src=\"http:\/\/deeva.website\/wp-content\/uploads\/2025\/04\/gentl1.jpg\" alt=\"\" width=\"225\" height=\"225\" srcset=\"https:\/\/deeva.website\/wp-content\/uploads\/2025\/04\/gentl1.jpg 225w, https:\/\/deeva.website\/wp-content\/uploads\/2025\/04\/gentl1-150x150.jpg 150w, https:\/\/deeva.website\/wp-content\/uploads\/2025\/04\/gentl1-100x100.jpg 100w, https:\/\/deeva.website\/wp-content\/uploads\/2025\/04\/gentl1-24x24.jpg 24w, https:\/\/deeva.website\/wp-content\/uploads\/2025\/04\/gentl1-48x48.jpg 48w, https:\/\/deeva.website\/wp-content\/uploads\/2025\/04\/gentl1-96x96.jpg 96w\" sizes=\"(max-width: 225px) 100vw, 225px\" \/> <img decoding=\"async\" class=\"alignnone size-medium wp-image-5936\" src=\"http:\/\/deeva.website\/wp-content\/uploads\/2025\/04\/gent4-233x300.png\" alt=\"\" width=\"233\" height=\"300\" srcset=\"https:\/\/deeva.website\/wp-content\/uploads\/2025\/04\/gent4-233x300.png 233w, https:\/\/deeva.website\/wp-content\/uploads\/2025\/04\/gent4.png 352w\" sizes=\"(max-width: 233px) 100vw, 233px\" \/><\/p>\n","protected":false},"excerpt":{"rendered":"<p><strong>Gentleman Eau de Parfum Reserve Priv\u00e9e 100ml<\/strong> de <em>Givenchy<\/em> est \u00a0un\u00a0<strong>parfum identique \u00e0 l\u2019original<\/strong>, m\u00eame senteurs, packaging et flacon.<\/p>\n<p>C&#8217;est un eau de parfum Orientale Vanill\u00e9 pour homme.<\/p>\n<p>La note de t\u00eate est Bergamote; les notes de c\u0153ur sont Iris et Ch\u00e2taigne; les notes de fond sont Whisky, Notes bois\u00e9es et Ambre.<\/p>\n<p><img fetchpriority=\"high\" decoding=\"async\" class=\"alignnone size-full wp-image-5938\" src=\"http:\/\/deeva.website\/wp-content\/uploads\/2025\/04\/gentl1.jpg\" alt=\"\" width=\"225\" height=\"225\" srcset=\"https:\/\/deeva.website\/wp-content\/uploads\/2025\/04\/gentl1.jpg 225w, https:\/\/deeva.website\/wp-content\/uploads\/2025\/04\/gentl1-150x150.jpg 150w, https:\/\/deeva.website\/wp-content\/uploads\/2025\/04\/gentl1-100x100.jpg 100w, https:\/\/deeva.website\/wp-content\/uploads\/2025\/04\/gentl1-24x24.jpg 24w, https:\/\/deeva.website\/wp-content\/uploads\/2025\/04\/gentl1-48x48.jpg 48w, https:\/\/deeva.website\/wp-content\/uploads\/2025\/04\/gentl1-96x96.jpg 96w\" sizes=\"(max-width: 225px) 100vw, 225px\" \/> <img decoding=\"async\" class=\"alignnone size-medium wp-image-5936\" src=\"http:\/\/deeva.website\/wp-content\/uploads\/2025\/04\/gent4-233x300.png\" alt=\"\" width=\"233\" height=\"300\" srcset=\"https:\/\/deeva.website\/wp-content\/uploads\/2025\/04\/gent4-233x300.png 233w, https:\/\/deeva.website\/wp-content\/uploads\/2025\/04\/gent4.png 352w\" sizes=\"(max-width: 233px) 100vw, 233px\" \/><\/p>\n","protected":false},"featured_media":5934,"comment_status":"open","ping_status":"closed","template":"","meta":[],"product_cat":[71],"product_tag":[],"_links":{"self":[{"href":"https:\/\/deeva.website\/fr-tn\/wp-json\/wp\/v2\/product\/5933"}],"collection":[{"href":"https:\/\/deeva.website\/fr-tn\/wp-json\/wp\/v2\/product"}],"about":[{"href":"https:\/\/deeva.website\/fr-tn\/wp-json\/wp\/v2\/types\/product"}],"replies":[{"embeddable":true,"href":"https:\/\/deeva.website\/fr-tn\/wp-json\/wp\/v2\/comments?post=5933"}],"version-history":[{"count":1,"href":"https:\/\/deeva.website\/fr-tn\/wp-json\/wp\/v2\/product\/5933\/revisions"}],"predecessor-version":[{"id":5942,"href":"https:\/\/deeva.website\/fr-tn\/wp-json\/wp\/v2\/product\/5933\/revisions\/5942"}],"wp:featuredmedia":[{"embeddable":true,"href":"https:\/\/deeva.website\/fr-tn\/wp-json\/wp\/v2\/media\/5934"}],"wp:attachment":[{"href":"https:\/\/deeva.website\/fr-tn\/wp-json\/wp\/v2\/media?parent=5933"}],"wp:term":[{"taxonomy":"product_cat","embeddable":true,"href":"https:\/\/deeva.website\/fr-tn\/wp-json\/wp\/v2\/product_cat?post=5933"},{"taxonomy":"product_tag","embeddable":true,"href":"https:\/\/deeva.website\/fr-tn\/wp-json\/wp\/v2\/product_tag?post=5933"}],"curies":[{"name":"wp","href":"https:\/\/api.w.org\/{rel}","templated":true}]}}