{"id":5925,"date":"2025-04-30T00:48:27","date_gmt":"2025-04-29T22:48:27","guid":{"rendered":"https:\/\/deeva.website\/?post_type=product&#038;p=5925"},"modified":"2025-04-30T00:48:27","modified_gmt":"2025-04-29T22:48:27","slug":"givenchy-gentleman-society","status":"publish","type":"product","link":"https:\/\/deeva.website\/fr-tn\/produit\/givenchy-gentleman-society\/","title":{"rendered":"Givenchy Gentleman Society"},"content":{"rendered":"<p><strong>Gentleman Society 100ml<\/strong> de <em>Givenchy<\/em> est \u00a0un\u00a0<strong>parfum identique \u00e0 l\u2019original<\/strong>, m\u00eame senteurs, packaging et flacon.<\/p>\n<p>C&#8217;est un eau de parfum Bois\u00e9 Aromatique pour homme.<\/p>\n<p>Les notes de t\u00eate sont Cardamome et Sauge; les notes de c\u0153ur sont Narcisse de France, V\u00e9tiver de Ha\u00efti et V\u00e9tiver de Madagascar; les notes de fond sont Vanille, Palo santo et C\u00e8dre.<\/p>\n<p><img fetchpriority=\"high\" decoding=\"async\" class=\"alignnone size-full wp-image-5928\" src=\"http:\/\/deeva.website\/wp-content\/uploads\/2025\/04\/Gentleman2.jpg\" alt=\"\" width=\"201\" height=\"251\" \/> <img decoding=\"async\" class=\"alignnone size-medium wp-image-5930\" src=\"http:\/\/deeva.website\/wp-content\/uploads\/2025\/04\/Gentleman3-241x300.png\" alt=\"\" width=\"241\" height=\"300\" srcset=\"https:\/\/deeva.website\/wp-content\/uploads\/2025\/04\/Gentleman3-241x300.png 241w, https:\/\/deeva.website\/wp-content\/uploads\/2025\/04\/Gentleman3.png 349w\" sizes=\"(max-width: 241px) 100vw, 241px\" \/><\/p>\n","protected":false},"excerpt":{"rendered":"<p><strong>Gentleman Society 100ml<\/strong> de <em>Givenchy<\/em> est \u00a0un\u00a0<strong>parfum identique \u00e0 l\u2019original<\/strong>, m\u00eame senteurs, packaging et flacon.<\/p>\n<p>C&#8217;est un eau de parfum Bois\u00e9 Aromatique pour homme.<\/p>\n<p>Les notes de t\u00eate sont Cardamome et Sauge; les notes de c\u0153ur sont Narcisse de France, V\u00e9tiver de Ha\u00efti et V\u00e9tiver de Madagascar; les notes de fond sont Vanille, Palo santo et C\u00e8dre.<\/p>\n<p><img fetchpriority=\"high\" decoding=\"async\" class=\"alignnone size-full wp-image-5928\" src=\"http:\/\/deeva.website\/wp-content\/uploads\/2025\/04\/Gentleman2.jpg\" alt=\"\" width=\"201\" height=\"251\" \/> <img decoding=\"async\" class=\"alignnone size-medium wp-image-5930\" src=\"http:\/\/deeva.website\/wp-content\/uploads\/2025\/04\/Gentleman3-241x300.png\" alt=\"\" width=\"241\" height=\"300\" srcset=\"https:\/\/deeva.website\/wp-content\/uploads\/2025\/04\/Gentleman3-241x300.png 241w, https:\/\/deeva.website\/wp-content\/uploads\/2025\/04\/Gentleman3.png 349w\" sizes=\"(max-width: 241px) 100vw, 241px\" \/><\/p>\n","protected":false},"featured_media":5926,"comment_status":"open","ping_status":"closed","template":"","meta":[],"product_cat":[71],"product_tag":[],"_links":{"self":[{"href":"https:\/\/deeva.website\/fr-tn\/wp-json\/wp\/v2\/product\/5925"}],"collection":[{"href":"https:\/\/deeva.website\/fr-tn\/wp-json\/wp\/v2\/product"}],"about":[{"href":"https:\/\/deeva.website\/fr-tn\/wp-json\/wp\/v2\/types\/product"}],"replies":[{"embeddable":true,"href":"https:\/\/deeva.website\/fr-tn\/wp-json\/wp\/v2\/comments?post=5925"}],"version-history":[{"count":1,"href":"https:\/\/deeva.website\/fr-tn\/wp-json\/wp\/v2\/product\/5925\/revisions"}],"predecessor-version":[{"id":5932,"href":"https:\/\/deeva.website\/fr-tn\/wp-json\/wp\/v2\/product\/5925\/revisions\/5932"}],"wp:featuredmedia":[{"embeddable":true,"href":"https:\/\/deeva.website\/fr-tn\/wp-json\/wp\/v2\/media\/5926"}],"wp:attachment":[{"href":"https:\/\/deeva.website\/fr-tn\/wp-json\/wp\/v2\/media?parent=5925"}],"wp:term":[{"taxonomy":"product_cat","embeddable":true,"href":"https:\/\/deeva.website\/fr-tn\/wp-json\/wp\/v2\/product_cat?post=5925"},{"taxonomy":"product_tag","embeddable":true,"href":"https:\/\/deeva.website\/fr-tn\/wp-json\/wp\/v2\/product_tag?post=5925"}],"curies":[{"name":"wp","href":"https:\/\/api.w.org\/{rel}","templated":true}]}}