{"id":5913,"date":"2025-04-30T00:40:52","date_gmt":"2025-04-29T22:40:52","guid":{"rendered":"https:\/\/deeva.website\/?post_type=product&#038;p=5913"},"modified":"2025-04-30T00:40:52","modified_gmt":"2025-04-29T22:40:52","slug":"dior-miss-dior-eau-de-parfum","status":"publish","type":"product","link":"https:\/\/deeva.website\/fr-tn\/produit\/dior-miss-dior-eau-de-parfum\/","title":{"rendered":"Dior Miss Dior Eau de Parfum"},"content":{"rendered":"<p><strong>Miss Dior Eau de Parfum 100ml<\/strong>\u00a0de <em>Dior<\/em> est un\u00a0<strong>parfum identique \u00e0 l\u2019original<\/strong>, m\u00eame senteurs, packaging et flacon.<\/p>\n<p>C&#8217;est un eau de parfum Orientale Floral pour femme.<\/p>\n<p>Les notes de t\u00eate sont Iris, Pivoine et Muguet; les notes de c\u0153ur sont Rose, Abricot et P\u00eache; les notes de fond sont Vanille, Musc, F\u00e8ve de tonka, Benjoin et Bois de santal.<\/p>\n<p><img fetchpriority=\"high\" decoding=\"async\" class=\"alignnone size-full wp-image-5920\" src=\"http:\/\/deeva.website\/wp-content\/uploads\/2025\/04\/missdior4.jpg\" alt=\"\" width=\"201\" height=\"251\" \/> <img decoding=\"async\" class=\"alignnone size-medium wp-image-5914\" src=\"http:\/\/deeva.website\/wp-content\/uploads\/2025\/04\/missdior1-235x300.png\" alt=\"\" width=\"235\" height=\"300\" srcset=\"https:\/\/deeva.website\/wp-content\/uploads\/2025\/04\/missdior1-235x300.png 235w, https:\/\/deeva.website\/wp-content\/uploads\/2025\/04\/missdior1.png 363w\" sizes=\"(max-width: 235px) 100vw, 235px\" \/><\/p>\n","protected":false},"excerpt":{"rendered":"<p><strong>Miss Dior Eau de Parfum 100ml<\/strong>\u00a0de <em>Dior<\/em> est un\u00a0<strong>parfum identique \u00e0 l\u2019original<\/strong>, m\u00eame senteurs, packaging et flacon.<\/p>\n<p>C&#8217;est un eau de parfum Orientale Floral pour femme.<\/p>\n<p>Les notes de t\u00eate sont Iris, Pivoine et Muguet; les notes de c\u0153ur sont Rose, Abricot et P\u00eache; les notes de fond sont Vanille, Musc, F\u00e8ve de tonka, Benjoin et Bois de santal.<\/p>\n<p><img fetchpriority=\"high\" decoding=\"async\" class=\"alignnone size-full wp-image-5920\" src=\"http:\/\/deeva.website\/wp-content\/uploads\/2025\/04\/missdior4.jpg\" alt=\"\" width=\"201\" height=\"251\" \/> <img decoding=\"async\" class=\"alignnone size-medium wp-image-5914\" src=\"http:\/\/deeva.website\/wp-content\/uploads\/2025\/04\/missdior1-235x300.png\" alt=\"\" width=\"235\" height=\"300\" srcset=\"https:\/\/deeva.website\/wp-content\/uploads\/2025\/04\/missdior1-235x300.png 235w, https:\/\/deeva.website\/wp-content\/uploads\/2025\/04\/missdior1.png 363w\" sizes=\"(max-width: 235px) 100vw, 235px\" \/><\/p>\n","protected":false},"featured_media":5918,"comment_status":"open","ping_status":"closed","template":"","meta":[],"product_cat":[81],"product_tag":[],"_links":{"self":[{"href":"https:\/\/deeva.website\/fr-tn\/wp-json\/wp\/v2\/product\/5913"}],"collection":[{"href":"https:\/\/deeva.website\/fr-tn\/wp-json\/wp\/v2\/product"}],"about":[{"href":"https:\/\/deeva.website\/fr-tn\/wp-json\/wp\/v2\/types\/product"}],"replies":[{"embeddable":true,"href":"https:\/\/deeva.website\/fr-tn\/wp-json\/wp\/v2\/comments?post=5913"}],"version-history":[{"count":1,"href":"https:\/\/deeva.website\/fr-tn\/wp-json\/wp\/v2\/product\/5913\/revisions"}],"predecessor-version":[{"id":5924,"href":"https:\/\/deeva.website\/fr-tn\/wp-json\/wp\/v2\/product\/5913\/revisions\/5924"}],"wp:featuredmedia":[{"embeddable":true,"href":"https:\/\/deeva.website\/fr-tn\/wp-json\/wp\/v2\/media\/5918"}],"wp:attachment":[{"href":"https:\/\/deeva.website\/fr-tn\/wp-json\/wp\/v2\/media?parent=5913"}],"wp:term":[{"taxonomy":"product_cat","embeddable":true,"href":"https:\/\/deeva.website\/fr-tn\/wp-json\/wp\/v2\/product_cat?post=5913"},{"taxonomy":"product_tag","embeddable":true,"href":"https:\/\/deeva.website\/fr-tn\/wp-json\/wp\/v2\/product_tag?post=5913"}],"curies":[{"name":"wp","href":"https:\/\/api.w.org\/{rel}","templated":true}]}}