{"id":5889,"date":"2025-04-30T00:25:45","date_gmt":"2025-04-29T22:25:45","guid":{"rendered":"https:\/\/deeva.website\/?post_type=product&#038;p=5889"},"modified":"2025-05-12T22:30:15","modified_gmt":"2025-05-12T20:30:15","slug":"dior-hypnotic-poison","status":"publish","type":"product","link":"https:\/\/deeva.website\/fr-tn\/produit\/dior-hypnotic-poison\/","title":{"rendered":"Dior Hypnotic Poison"},"content":{"rendered":"<p><strong>Hypnotic Poison 100ml<\/strong> de <em>Dior<\/em> est un\u00a0<strong>parfum identique \u00e0 l\u2019original<\/strong>, m\u00eame senteurs, packaging et flacon.<\/p>\n<p>C&#8217;est un eau de toilette Orientale Vanill\u00e9 pour femme.<\/p>\n<p>Les notes de t\u00eate sont Noix de Coco, Prune et Abricot; les notes de c\u0153ur sont Palissandre du Br\u00e9sil, Jasmin, Carvi, Tub\u00e9reuse, Rose et Muguet; les notes de fond sont Vanille, Amande, Bois de santal et Musc.<\/p>\n<p><img fetchpriority=\"high\" decoding=\"async\" class=\"alignnone wp-image-6640 size-medium\" src=\"http:\/\/deeva.website\/wp-content\/uploads\/2025\/04\/hypnotic2-241x300.png\" alt=\"\" width=\"241\" height=\"300\" srcset=\"https:\/\/deeva.website\/wp-content\/uploads\/2025\/04\/hypnotic2-241x300.png 241w, https:\/\/deeva.website\/wp-content\/uploads\/2025\/04\/hypnotic2.png 448w\" sizes=\"(max-width: 241px) 100vw, 241px\" \/> <img decoding=\"async\" class=\"alignnone size-medium wp-image-5894\" src=\"http:\/\/deeva.website\/wp-content\/uploads\/2025\/04\/poison3-256x300.png\" alt=\"\" width=\"256\" height=\"300\" srcset=\"https:\/\/deeva.website\/wp-content\/uploads\/2025\/04\/poison3-256x300.png 256w, https:\/\/deeva.website\/wp-content\/uploads\/2025\/04\/poison3.png 393w\" sizes=\"(max-width: 256px) 100vw, 256px\" \/><\/p>\n","protected":false},"excerpt":{"rendered":"<p><strong>Hypnotic Poison 100ml<\/strong> de <em>Dior<\/em> est un\u00a0<strong>parfum identique \u00e0 l\u2019original<\/strong>, m\u00eame senteurs, packaging et flacon.<\/p>\n<p>C&#8217;est un eau de toilette Orientale Vanill\u00e9 pour femme.<\/p>\n<p>Les notes de t\u00eate sont Noix de Coco, Prune et Abricot; les notes de c\u0153ur sont Palissandre du Br\u00e9sil, Jasmin, Carvi, Tub\u00e9reuse, Rose et Muguet; les notes de fond sont Vanille, Amande, Bois de santal et Musc.<\/p>\n<p><img fetchpriority=\"high\" decoding=\"async\" class=\"alignnone wp-image-6640 size-medium\" src=\"http:\/\/deeva.website\/wp-content\/uploads\/2025\/04\/hypnotic2-241x300.png\" alt=\"\" width=\"241\" height=\"300\" srcset=\"https:\/\/deeva.website\/wp-content\/uploads\/2025\/04\/hypnotic2-241x300.png 241w, https:\/\/deeva.website\/wp-content\/uploads\/2025\/04\/hypnotic2.png 448w\" sizes=\"(max-width: 241px) 100vw, 241px\" \/> <img decoding=\"async\" class=\"alignnone size-medium wp-image-5894\" src=\"http:\/\/deeva.website\/wp-content\/uploads\/2025\/04\/poison3-256x300.png\" alt=\"\" width=\"256\" height=\"300\" srcset=\"https:\/\/deeva.website\/wp-content\/uploads\/2025\/04\/poison3-256x300.png 256w, https:\/\/deeva.website\/wp-content\/uploads\/2025\/04\/poison3.png 393w\" sizes=\"(max-width: 256px) 100vw, 256px\" \/><\/p>\n","protected":false},"featured_media":6638,"comment_status":"open","ping_status":"closed","template":"","meta":[],"product_cat":[86],"product_tag":[],"_links":{"self":[{"href":"https:\/\/deeva.website\/fr-tn\/wp-json\/wp\/v2\/product\/5889"}],"collection":[{"href":"https:\/\/deeva.website\/fr-tn\/wp-json\/wp\/v2\/product"}],"about":[{"href":"https:\/\/deeva.website\/fr-tn\/wp-json\/wp\/v2\/types\/product"}],"replies":[{"embeddable":true,"href":"https:\/\/deeva.website\/fr-tn\/wp-json\/wp\/v2\/comments?post=5889"}],"version-history":[{"count":3,"href":"https:\/\/deeva.website\/fr-tn\/wp-json\/wp\/v2\/product\/5889\/revisions"}],"predecessor-version":[{"id":6643,"href":"https:\/\/deeva.website\/fr-tn\/wp-json\/wp\/v2\/product\/5889\/revisions\/6643"}],"wp:featuredmedia":[{"embeddable":true,"href":"https:\/\/deeva.website\/fr-tn\/wp-json\/wp\/v2\/media\/6638"}],"wp:attachment":[{"href":"https:\/\/deeva.website\/fr-tn\/wp-json\/wp\/v2\/media?parent=5889"}],"wp:term":[{"taxonomy":"product_cat","embeddable":true,"href":"https:\/\/deeva.website\/fr-tn\/wp-json\/wp\/v2\/product_cat?post=5889"},{"taxonomy":"product_tag","embeddable":true,"href":"https:\/\/deeva.website\/fr-tn\/wp-json\/wp\/v2\/product_tag?post=5889"}],"curies":[{"name":"wp","href":"https:\/\/api.w.org\/{rel}","templated":true}]}}