{"id":5877,"date":"2025-04-30T00:17:29","date_gmt":"2025-04-29T22:17:29","guid":{"rendered":"https:\/\/deeva.website\/?post_type=product&#038;p=5877"},"modified":"2025-04-30T00:17:30","modified_gmt":"2025-04-29T22:17:30","slug":"dior-oud-ispahan","status":"publish","type":"product","link":"https:\/\/deeva.website\/fr-tn\/produit\/dior-oud-ispahan\/","title":{"rendered":"Dior Oud Ispahan"},"content":{"rendered":"<p><strong>Oud Ispahan 125ml<\/strong> de <em>Dior<\/em> est un\u00a0<strong>parfum identique \u00e0 l\u2019original<\/strong>, m\u00eame senteurs, packaging et flacon.<\/p>\n<p>C&#8217;est un eau de parfum Orientale Floral pour homme et femme.<\/p>\n<p>La note de t\u00eate est Ciste; les notes de c\u0153ur sont Rose, Patchouli et Safran; les notes de fond sont Oud, Bois de santal et C\u00e8dre.<\/p>\n<p><img decoding=\"async\" class=\"alignnone size-medium wp-image-5886\" src=\"http:\/\/deeva.website\/wp-content\/uploads\/2025\/04\/DiorOud6-145x300.png\" alt=\"\" width=\"145\" height=\"300\" srcset=\"https:\/\/deeva.website\/wp-content\/uploads\/2025\/04\/DiorOud6-145x300.png 145w, https:\/\/deeva.website\/wp-content\/uploads\/2025\/04\/DiorOud6.png 231w\" sizes=\"(max-width: 145px) 100vw, 145px\" \/> <img fetchpriority=\"high\" decoding=\"async\" class=\"alignnone size-medium wp-image-5884\" src=\"http:\/\/deeva.website\/wp-content\/uploads\/2025\/04\/DiorOud5-266x300.png\" alt=\"\" width=\"266\" height=\"300\" srcset=\"https:\/\/deeva.website\/wp-content\/uploads\/2025\/04\/DiorOud5-266x300.png 266w, https:\/\/deeva.website\/wp-content\/uploads\/2025\/04\/DiorOud5.png 393w\" sizes=\"(max-width: 266px) 100vw, 266px\" \/><\/p>\n<p>&nbsp;<\/p>\n","protected":false},"excerpt":{"rendered":"<p><strong>Oud Ispahan 125ml<\/strong> de <em>Dior<\/em> est un\u00a0<strong>parfum identique \u00e0 l\u2019original<\/strong>, m\u00eame senteurs, packaging et flacon.<\/p>\n<p>C&#8217;est un eau de parfum Orientale Floral pour homme et femme.<\/p>\n<p>La note de t\u00eate est Ciste; les notes de c\u0153ur sont Rose, Patchouli et Safran; les notes de fond sont Oud, Bois de santal et C\u00e8dre.<\/p>\n<p><img decoding=\"async\" class=\"alignnone size-medium wp-image-5886\" src=\"http:\/\/deeva.website\/wp-content\/uploads\/2025\/04\/DiorOud6-145x300.png\" alt=\"\" width=\"145\" height=\"300\" srcset=\"https:\/\/deeva.website\/wp-content\/uploads\/2025\/04\/DiorOud6-145x300.png 145w, https:\/\/deeva.website\/wp-content\/uploads\/2025\/04\/DiorOud6.png 231w\" sizes=\"(max-width: 145px) 100vw, 145px\" \/> <img fetchpriority=\"high\" decoding=\"async\" class=\"alignnone size-medium wp-image-5884\" src=\"http:\/\/deeva.website\/wp-content\/uploads\/2025\/04\/DiorOud5-266x300.png\" alt=\"\" width=\"266\" height=\"300\" srcset=\"https:\/\/deeva.website\/wp-content\/uploads\/2025\/04\/DiorOud5-266x300.png 266w, https:\/\/deeva.website\/wp-content\/uploads\/2025\/04\/DiorOud5.png 393w\" sizes=\"(max-width: 266px) 100vw, 266px\" \/><\/p>\n<p>&nbsp;<\/p>\n","protected":false},"featured_media":5882,"comment_status":"open","ping_status":"closed","template":"","meta":[],"product_cat":[81],"product_tag":[],"_links":{"self":[{"href":"https:\/\/deeva.website\/fr-tn\/wp-json\/wp\/v2\/product\/5877"}],"collection":[{"href":"https:\/\/deeva.website\/fr-tn\/wp-json\/wp\/v2\/product"}],"about":[{"href":"https:\/\/deeva.website\/fr-tn\/wp-json\/wp\/v2\/types\/product"}],"replies":[{"embeddable":true,"href":"https:\/\/deeva.website\/fr-tn\/wp-json\/wp\/v2\/comments?post=5877"}],"version-history":[{"count":1,"href":"https:\/\/deeva.website\/fr-tn\/wp-json\/wp\/v2\/product\/5877\/revisions"}],"predecessor-version":[{"id":5888,"href":"https:\/\/deeva.website\/fr-tn\/wp-json\/wp\/v2\/product\/5877\/revisions\/5888"}],"wp:featuredmedia":[{"embeddable":true,"href":"https:\/\/deeva.website\/fr-tn\/wp-json\/wp\/v2\/media\/5882"}],"wp:attachment":[{"href":"https:\/\/deeva.website\/fr-tn\/wp-json\/wp\/v2\/media?parent=5877"}],"wp:term":[{"taxonomy":"product_cat","embeddable":true,"href":"https:\/\/deeva.website\/fr-tn\/wp-json\/wp\/v2\/product_cat?post=5877"},{"taxonomy":"product_tag","embeddable":true,"href":"https:\/\/deeva.website\/fr-tn\/wp-json\/wp\/v2\/product_tag?post=5877"}],"curies":[{"name":"wp","href":"https:\/\/api.w.org\/{rel}","templated":true}]}}