{"id":5867,"date":"2025-04-30T00:09:25","date_gmt":"2025-04-29T22:09:25","guid":{"rendered":"https:\/\/deeva.website\/?post_type=product&#038;p=5867"},"modified":"2025-04-30T00:09:26","modified_gmt":"2025-04-29T22:09:26","slug":"carolina-herrera-212-men","status":"publish","type":"product","link":"https:\/\/deeva.website\/fr-tn\/produit\/carolina-herrera-212-men\/","title":{"rendered":"Carolina Herrera 212 Men"},"content":{"rendered":"<p><strong>212 Men 100ml<\/strong> de <em>Carolina Herrera<\/em> est un\u00a0<strong>parfum identique \u00e0 l\u2019original<\/strong>, m\u00eame senteurs, packaging et flacon.<\/p>\n<p>C&#8217;est un eau de toilette Bois\u00e9 Floral Musqu\u00e9 pour homme.<\/p>\n<p>Les notes de t\u00eate sont Notes vertes, Pamplemousse, Epices, Bergamote, Lavande et Petit-grain; les notes de coeur sont Gingembre, Violette, Gard\u00e9nia et Sauge; les notes de fond sont Musc, Bois de santal, Encens, V\u00e9tiver, Ga\u00efac et Ciste.<\/p>\n<p><img decoding=\"async\" class=\"alignnone size-medium wp-image-5874\" src=\"http:\/\/deeva.website\/wp-content\/uploads\/2025\/04\/carolina4-152x300.png\" alt=\"\" width=\"152\" height=\"300\" srcset=\"https:\/\/deeva.website\/wp-content\/uploads\/2025\/04\/carolina4-152x300.png 152w, https:\/\/deeva.website\/wp-content\/uploads\/2025\/04\/carolina4.png 251w\" sizes=\"(max-width: 152px) 100vw, 152px\" \/> <img fetchpriority=\"high\" decoding=\"async\" class=\"alignnone size-medium wp-image-5872\" src=\"http:\/\/deeva.website\/wp-content\/uploads\/2025\/04\/carolina3-245x300.png\" alt=\"\" width=\"245\" height=\"300\" srcset=\"https:\/\/deeva.website\/wp-content\/uploads\/2025\/04\/carolina3-245x300.png 245w, https:\/\/deeva.website\/wp-content\/uploads\/2025\/04\/carolina3.png 380w\" sizes=\"(max-width: 245px) 100vw, 245px\" \/><\/p>\n","protected":false},"excerpt":{"rendered":"<p><strong>212 Men 100ml<\/strong> de <em>Carolina Herrera<\/em> est un\u00a0<strong>parfum identique \u00e0 l\u2019original<\/strong>, m\u00eame senteurs, packaging et flacon.<\/p>\n<p>C&#8217;est un eau de toilette Bois\u00e9 Floral Musqu\u00e9 pour homme.<\/p>\n<p>Les notes de t\u00eate sont Notes vertes, Pamplemousse, Epices, Bergamote, Lavande et Petit-grain; les notes de coeur sont Gingembre, Violette, Gard\u00e9nia et Sauge; les notes de fond sont Musc, Bois de santal, Encens, V\u00e9tiver, Ga\u00efac et Ciste.<\/p>\n<p><img decoding=\"async\" class=\"alignnone size-medium wp-image-5874\" src=\"http:\/\/deeva.website\/wp-content\/uploads\/2025\/04\/carolina4-152x300.png\" alt=\"\" width=\"152\" height=\"300\" srcset=\"https:\/\/deeva.website\/wp-content\/uploads\/2025\/04\/carolina4-152x300.png 152w, https:\/\/deeva.website\/wp-content\/uploads\/2025\/04\/carolina4.png 251w\" sizes=\"(max-width: 152px) 100vw, 152px\" \/> <img fetchpriority=\"high\" decoding=\"async\" class=\"alignnone size-medium wp-image-5872\" src=\"http:\/\/deeva.website\/wp-content\/uploads\/2025\/04\/carolina3-245x300.png\" alt=\"\" width=\"245\" height=\"300\" srcset=\"https:\/\/deeva.website\/wp-content\/uploads\/2025\/04\/carolina3-245x300.png 245w, https:\/\/deeva.website\/wp-content\/uploads\/2025\/04\/carolina3.png 380w\" sizes=\"(max-width: 245px) 100vw, 245px\" \/><\/p>\n","protected":false},"featured_media":5868,"comment_status":"open","ping_status":"closed","template":"","meta":[],"product_cat":[87],"product_tag":[],"_links":{"self":[{"href":"https:\/\/deeva.website\/fr-tn\/wp-json\/wp\/v2\/product\/5867"}],"collection":[{"href":"https:\/\/deeva.website\/fr-tn\/wp-json\/wp\/v2\/product"}],"about":[{"href":"https:\/\/deeva.website\/fr-tn\/wp-json\/wp\/v2\/types\/product"}],"replies":[{"embeddable":true,"href":"https:\/\/deeva.website\/fr-tn\/wp-json\/wp\/v2\/comments?post=5867"}],"version-history":[{"count":1,"href":"https:\/\/deeva.website\/fr-tn\/wp-json\/wp\/v2\/product\/5867\/revisions"}],"predecessor-version":[{"id":5876,"href":"https:\/\/deeva.website\/fr-tn\/wp-json\/wp\/v2\/product\/5867\/revisions\/5876"}],"wp:featuredmedia":[{"embeddable":true,"href":"https:\/\/deeva.website\/fr-tn\/wp-json\/wp\/v2\/media\/5868"}],"wp:attachment":[{"href":"https:\/\/deeva.website\/fr-tn\/wp-json\/wp\/v2\/media?parent=5867"}],"wp:term":[{"taxonomy":"product_cat","embeddable":true,"href":"https:\/\/deeva.website\/fr-tn\/wp-json\/wp\/v2\/product_cat?post=5867"},{"taxonomy":"product_tag","embeddable":true,"href":"https:\/\/deeva.website\/fr-tn\/wp-json\/wp\/v2\/product_tag?post=5867"}],"curies":[{"name":"wp","href":"https:\/\/api.w.org\/{rel}","templated":true}]}}