{"id":5833,"date":"2025-04-29T23:38:15","date_gmt":"2025-04-29T21:38:15","guid":{"rendered":"https:\/\/deeva.website\/?post_type=product&#038;p=5833"},"modified":"2025-04-29T23:38:15","modified_gmt":"2025-04-29T21:38:15","slug":"carolina-herrera-212-sexy-men","status":"publish","type":"product","link":"https:\/\/deeva.website\/fr-tn\/produit\/carolina-herrera-212-sexy-men\/","title":{"rendered":"Carolina Herrera 212 Sexy Men"},"content":{"rendered":"<p><strong>212 Sexy Men 100ml<\/strong> de <em>Carolina Herrera<\/em> est un\u00a0<strong>parfum identique \u00e0 l\u2019original<\/strong>, m\u00eame senteurs, packaging et flacon.<\/p>\n<p>C&#8217;est un eau de toilette Orientale Foug\u00e8re pour homme.<\/p>\n<p>Les notes de t\u00eate sont Mandarine, Bergamote et Notes vertes; les notes de c\u0153ur sont Poivre, Fleurs et Cardamome; les notes de fond sont Vanille, Ga\u00efac, Bois de santal, Musc et Ambre.<\/p>\n<p><img fetchpriority=\"high\" decoding=\"async\" class=\"alignnone size-full wp-image-5840\" src=\"http:\/\/deeva.website\/wp-content\/uploads\/2025\/04\/SexyMan4.jpg\" alt=\"\" width=\"203\" height=\"248\" \/> <img decoding=\"async\" class=\"alignnone size-medium wp-image-5842\" src=\"http:\/\/deeva.website\/wp-content\/uploads\/2025\/04\/SexyMan5-245x300.png\" alt=\"\" width=\"245\" height=\"300\" srcset=\"https:\/\/deeva.website\/wp-content\/uploads\/2025\/04\/SexyMan5-245x300.png 245w, https:\/\/deeva.website\/wp-content\/uploads\/2025\/04\/SexyMan5.png 371w\" sizes=\"(max-width: 245px) 100vw, 245px\" \/><\/p>\n","protected":false},"excerpt":{"rendered":"<p><strong>212 Sexy Men 100ml<\/strong> de <em>Carolina Herrera<\/em> est un\u00a0<strong>parfum identique \u00e0 l\u2019original<\/strong>, m\u00eame senteurs, packaging et flacon.<\/p>\n<p>C&#8217;est un eau de toilette Orientale Foug\u00e8re pour homme.<\/p>\n<p>Les notes de t\u00eate sont Mandarine, Bergamote et Notes vertes; les notes de c\u0153ur sont Poivre, Fleurs et Cardamome; les notes de fond sont Vanille, Ga\u00efac, Bois de santal, Musc et Ambre.<\/p>\n<p><img fetchpriority=\"high\" decoding=\"async\" class=\"alignnone size-full wp-image-5840\" src=\"http:\/\/deeva.website\/wp-content\/uploads\/2025\/04\/SexyMan4.jpg\" alt=\"\" width=\"203\" height=\"248\" \/> <img decoding=\"async\" class=\"alignnone size-medium wp-image-5842\" src=\"http:\/\/deeva.website\/wp-content\/uploads\/2025\/04\/SexyMan5-245x300.png\" alt=\"\" width=\"245\" height=\"300\" srcset=\"https:\/\/deeva.website\/wp-content\/uploads\/2025\/04\/SexyMan5-245x300.png 245w, https:\/\/deeva.website\/wp-content\/uploads\/2025\/04\/SexyMan5.png 371w\" sizes=\"(max-width: 245px) 100vw, 245px\" \/><\/p>\n","protected":false},"featured_media":5834,"comment_status":"open","ping_status":"closed","template":"","meta":[],"product_cat":[87],"product_tag":[],"_links":{"self":[{"href":"https:\/\/deeva.website\/fr-tn\/wp-json\/wp\/v2\/product\/5833"}],"collection":[{"href":"https:\/\/deeva.website\/fr-tn\/wp-json\/wp\/v2\/product"}],"about":[{"href":"https:\/\/deeva.website\/fr-tn\/wp-json\/wp\/v2\/types\/product"}],"replies":[{"embeddable":true,"href":"https:\/\/deeva.website\/fr-tn\/wp-json\/wp\/v2\/comments?post=5833"}],"version-history":[{"count":1,"href":"https:\/\/deeva.website\/fr-tn\/wp-json\/wp\/v2\/product\/5833\/revisions"}],"predecessor-version":[{"id":5846,"href":"https:\/\/deeva.website\/fr-tn\/wp-json\/wp\/v2\/product\/5833\/revisions\/5846"}],"wp:featuredmedia":[{"embeddable":true,"href":"https:\/\/deeva.website\/fr-tn\/wp-json\/wp\/v2\/media\/5834"}],"wp:attachment":[{"href":"https:\/\/deeva.website\/fr-tn\/wp-json\/wp\/v2\/media?parent=5833"}],"wp:term":[{"taxonomy":"product_cat","embeddable":true,"href":"https:\/\/deeva.website\/fr-tn\/wp-json\/wp\/v2\/product_cat?post=5833"},{"taxonomy":"product_tag","embeddable":true,"href":"https:\/\/deeva.website\/fr-tn\/wp-json\/wp\/v2\/product_tag?post=5833"}],"curies":[{"name":"wp","href":"https:\/\/api.w.org\/{rel}","templated":true}]}}