{"id":5823,"date":"2025-04-29T23:31:01","date_gmt":"2025-04-29T21:31:01","guid":{"rendered":"https:\/\/deeva.website\/?post_type=product&#038;p=5823"},"modified":"2025-04-29T23:31:01","modified_gmt":"2025-04-29T21:31:01","slug":"burberry-hero-eau-de-parfum","status":"publish","type":"product","link":"https:\/\/deeva.website\/fr-tn\/produit\/burberry-hero-eau-de-parfum\/","title":{"rendered":"Burberry Hero Eau de Parfum"},"content":{"rendered":"<p><strong>Hero Eau de Parfum 100ml<\/strong>\u00a0de\u00a0<em>Burberry<\/em> est un\u00a0<strong>parfum identique \u00e0 l\u2019original<\/strong>, m\u00eame senteurs, packaging et flacon.<\/p>\n<p>C&#8217;est un eau de parfum Bois\u00e9 \u00c9pic\u00e9 pour homme.<\/p>\n<p>Les notes de t\u00eate sont Aiguilles de pin et R\u00e9sine oliban; les notes de c\u0153ur sont Benjoin et Encens; les notes de fond sont C\u00e8dre Atlas, C\u00e8dre de l&#8217;Himalaya et C\u00e8dre de Virginie.<\/p>\n<p><img fetchpriority=\"high\" decoding=\"async\" class=\"alignnone size-medium wp-image-5830\" src=\"http:\/\/deeva.website\/wp-content\/uploads\/2025\/04\/Hero4-231x300.png\" alt=\"\" width=\"231\" height=\"300\" srcset=\"https:\/\/deeva.website\/wp-content\/uploads\/2025\/04\/Hero4-231x300.png 231w, https:\/\/deeva.website\/wp-content\/uploads\/2025\/04\/Hero4.png 384w\" sizes=\"(max-width: 231px) 100vw, 231px\" \/> <img decoding=\"async\" class=\"alignnone size-medium wp-image-5828\" src=\"http:\/\/deeva.website\/wp-content\/uploads\/2025\/04\/Hero3-291x300.png\" alt=\"\" width=\"291\" height=\"300\" srcset=\"https:\/\/deeva.website\/wp-content\/uploads\/2025\/04\/Hero3-291x300.png 291w, https:\/\/deeva.website\/wp-content\/uploads\/2025\/04\/Hero3-24x24.png 24w, https:\/\/deeva.website\/wp-content\/uploads\/2025\/04\/Hero3-48x48.png 48w, https:\/\/deeva.website\/wp-content\/uploads\/2025\/04\/Hero3.png 373w\" sizes=\"(max-width: 291px) 100vw, 291px\" \/><\/p>\n","protected":false},"excerpt":{"rendered":"<p><strong>Hero Eau de Parfum 100ml<\/strong>\u00a0de\u00a0<em>Burberry<\/em> est un\u00a0<strong>parfum identique \u00e0 l\u2019original<\/strong>, m\u00eame senteurs, packaging et flacon.<\/p>\n<p>C&#8217;est un eau de parfum Bois\u00e9 \u00c9pic\u00e9 pour homme.<\/p>\n<p>Les notes de t\u00eate sont Aiguilles de pin et R\u00e9sine oliban; les notes de c\u0153ur sont Benjoin et Encens; les notes de fond sont C\u00e8dre Atlas, C\u00e8dre de l&#8217;Himalaya et C\u00e8dre de Virginie.<\/p>\n<p><img fetchpriority=\"high\" decoding=\"async\" class=\"alignnone size-medium wp-image-5830\" src=\"http:\/\/deeva.website\/wp-content\/uploads\/2025\/04\/Hero4-231x300.png\" alt=\"\" width=\"231\" height=\"300\" srcset=\"https:\/\/deeva.website\/wp-content\/uploads\/2025\/04\/Hero4-231x300.png 231w, https:\/\/deeva.website\/wp-content\/uploads\/2025\/04\/Hero4.png 384w\" sizes=\"(max-width: 231px) 100vw, 231px\" \/> <img decoding=\"async\" class=\"alignnone size-medium wp-image-5828\" src=\"http:\/\/deeva.website\/wp-content\/uploads\/2025\/04\/Hero3-291x300.png\" alt=\"\" width=\"291\" height=\"300\" srcset=\"https:\/\/deeva.website\/wp-content\/uploads\/2025\/04\/Hero3-291x300.png 291w, https:\/\/deeva.website\/wp-content\/uploads\/2025\/04\/Hero3-24x24.png 24w, https:\/\/deeva.website\/wp-content\/uploads\/2025\/04\/Hero3-48x48.png 48w, https:\/\/deeva.website\/wp-content\/uploads\/2025\/04\/Hero3.png 373w\" sizes=\"(max-width: 291px) 100vw, 291px\" \/><\/p>\n","protected":false},"featured_media":5824,"comment_status":"open","ping_status":"closed","template":"","meta":[],"product_cat":[71],"product_tag":[],"_links":{"self":[{"href":"https:\/\/deeva.website\/fr-tn\/wp-json\/wp\/v2\/product\/5823"}],"collection":[{"href":"https:\/\/deeva.website\/fr-tn\/wp-json\/wp\/v2\/product"}],"about":[{"href":"https:\/\/deeva.website\/fr-tn\/wp-json\/wp\/v2\/types\/product"}],"replies":[{"embeddable":true,"href":"https:\/\/deeva.website\/fr-tn\/wp-json\/wp\/v2\/comments?post=5823"}],"version-history":[{"count":1,"href":"https:\/\/deeva.website\/fr-tn\/wp-json\/wp\/v2\/product\/5823\/revisions"}],"predecessor-version":[{"id":5832,"href":"https:\/\/deeva.website\/fr-tn\/wp-json\/wp\/v2\/product\/5823\/revisions\/5832"}],"wp:featuredmedia":[{"embeddable":true,"href":"https:\/\/deeva.website\/fr-tn\/wp-json\/wp\/v2\/media\/5824"}],"wp:attachment":[{"href":"https:\/\/deeva.website\/fr-tn\/wp-json\/wp\/v2\/media?parent=5823"}],"wp:term":[{"taxonomy":"product_cat","embeddable":true,"href":"https:\/\/deeva.website\/fr-tn\/wp-json\/wp\/v2\/product_cat?post=5823"},{"taxonomy":"product_tag","embeddable":true,"href":"https:\/\/deeva.website\/fr-tn\/wp-json\/wp\/v2\/product_tag?post=5823"}],"curies":[{"name":"wp","href":"https:\/\/api.w.org\/{rel}","templated":true}]}}