{"id":5813,"date":"2025-04-29T23:24:07","date_gmt":"2025-04-29T21:24:07","guid":{"rendered":"https:\/\/deeva.website\/?post_type=product&#038;p=5813"},"modified":"2025-04-29T23:24:07","modified_gmt":"2025-04-29T21:24:07","slug":"paco-rabanne-fame","status":"publish","type":"product","link":"https:\/\/deeva.website\/fr-tn\/produit\/paco-rabanne-fame\/","title":{"rendered":"Paco Rabanne Fame"},"content":{"rendered":"<p><strong>Fame 80ml<\/strong> de<em> Paco Rabanne<\/em> est un\u00a0<strong>parfum identique \u00e0 l\u2019original<\/strong>, m\u00eame senteurs, packaging et flacon.<\/p>\n<p>C&#8217;est un eau de parfum Floral Bois\u00e9 Musqu\u00e9 pour femme.<\/p>\n<p>Les notes de t\u00eate sont Mangue et Bergamote; les notes de c\u0153ur sont Jasmin et R\u00e9sine oliban; les notes de fond sont Vanille et Bois de santal.<\/p>\n<p><img fetchpriority=\"high\" decoding=\"async\" class=\"alignnone size-medium wp-image-5820\" src=\"http:\/\/deeva.website\/wp-content\/uploads\/2025\/04\/Fame4-186x300.png\" alt=\"\" width=\"186\" height=\"300\" srcset=\"https:\/\/deeva.website\/wp-content\/uploads\/2025\/04\/Fame4-186x300.png 186w, https:\/\/deeva.website\/wp-content\/uploads\/2025\/04\/Fame4.png 313w\" sizes=\"(max-width: 186px) 100vw, 186px\" \/> <img decoding=\"async\" class=\"alignnone size-medium wp-image-5818\" src=\"http:\/\/deeva.website\/wp-content\/uploads\/2025\/04\/Fame3-240x300.png\" alt=\"\" width=\"240\" height=\"300\" srcset=\"https:\/\/deeva.website\/wp-content\/uploads\/2025\/04\/Fame3-240x300.png 240w, https:\/\/deeva.website\/wp-content\/uploads\/2025\/04\/Fame3.png 360w\" sizes=\"(max-width: 240px) 100vw, 240px\" \/><\/p>\n","protected":false},"excerpt":{"rendered":"<p><strong>Fame 80ml<\/strong> de<em> Paco Rabanne<\/em> est un\u00a0<strong>parfum identique \u00e0 l\u2019original<\/strong>, m\u00eame senteurs, packaging et flacon.<\/p>\n<p>C&#8217;est un eau de parfum Floral Bois\u00e9 Musqu\u00e9 pour femme.<\/p>\n<p>Les notes de t\u00eate sont Mangue et Bergamote; les notes de c\u0153ur sont Jasmin et R\u00e9sine oliban; les notes de fond sont Vanille et Bois de santal.<\/p>\n<p><img fetchpriority=\"high\" decoding=\"async\" class=\"alignnone size-medium wp-image-5820\" src=\"http:\/\/deeva.website\/wp-content\/uploads\/2025\/04\/Fame4-186x300.png\" alt=\"\" width=\"186\" height=\"300\" srcset=\"https:\/\/deeva.website\/wp-content\/uploads\/2025\/04\/Fame4-186x300.png 186w, https:\/\/deeva.website\/wp-content\/uploads\/2025\/04\/Fame4.png 313w\" sizes=\"(max-width: 186px) 100vw, 186px\" \/> <img decoding=\"async\" class=\"alignnone size-medium wp-image-5818\" src=\"http:\/\/deeva.website\/wp-content\/uploads\/2025\/04\/Fame3-240x300.png\" alt=\"\" width=\"240\" height=\"300\" srcset=\"https:\/\/deeva.website\/wp-content\/uploads\/2025\/04\/Fame3-240x300.png 240w, https:\/\/deeva.website\/wp-content\/uploads\/2025\/04\/Fame3.png 360w\" sizes=\"(max-width: 240px) 100vw, 240px\" \/><\/p>\n","protected":false},"featured_media":5814,"comment_status":"open","ping_status":"closed","template":"","meta":[],"product_cat":[81],"product_tag":[],"_links":{"self":[{"href":"https:\/\/deeva.website\/fr-tn\/wp-json\/wp\/v2\/product\/5813"}],"collection":[{"href":"https:\/\/deeva.website\/fr-tn\/wp-json\/wp\/v2\/product"}],"about":[{"href":"https:\/\/deeva.website\/fr-tn\/wp-json\/wp\/v2\/types\/product"}],"replies":[{"embeddable":true,"href":"https:\/\/deeva.website\/fr-tn\/wp-json\/wp\/v2\/comments?post=5813"}],"version-history":[{"count":1,"href":"https:\/\/deeva.website\/fr-tn\/wp-json\/wp\/v2\/product\/5813\/revisions"}],"predecessor-version":[{"id":5822,"href":"https:\/\/deeva.website\/fr-tn\/wp-json\/wp\/v2\/product\/5813\/revisions\/5822"}],"wp:featuredmedia":[{"embeddable":true,"href":"https:\/\/deeva.website\/fr-tn\/wp-json\/wp\/v2\/media\/5814"}],"wp:attachment":[{"href":"https:\/\/deeva.website\/fr-tn\/wp-json\/wp\/v2\/media?parent=5813"}],"wp:term":[{"taxonomy":"product_cat","embeddable":true,"href":"https:\/\/deeva.website\/fr-tn\/wp-json\/wp\/v2\/product_cat?post=5813"},{"taxonomy":"product_tag","embeddable":true,"href":"https:\/\/deeva.website\/fr-tn\/wp-json\/wp\/v2\/product_tag?post=5813"}],"curies":[{"name":"wp","href":"https:\/\/api.w.org\/{rel}","templated":true}]}}