{"id":5801,"date":"2025-04-29T23:18:03","date_gmt":"2025-04-29T21:18:03","guid":{"rendered":"https:\/\/deeva.website\/?post_type=product&#038;p=5801"},"modified":"2025-04-29T23:18:04","modified_gmt":"2025-04-29T21:18:04","slug":"paco-rabanne-lady-million","status":"publish","type":"product","link":"https:\/\/deeva.website\/fr-tn\/produit\/paco-rabanne-lady-million\/","title":{"rendered":"Paco Rabanne Lady Million"},"content":{"rendered":"<p><strong>Lady Million 80ml<\/strong> de <em>Paco Rabanne<\/em> est un\u00a0<strong>parfum identique \u00e0 l\u2019original<\/strong>, m\u00eame senteurs, packaging et flacon.<\/p>\n<p>C&#8217;est un eau de parfum Floral fruit\u00e9 pour femme.<\/p>\n<p>Les notes de t\u00eate sont Framboise, N\u00e9roli et Limone Costa d&#8217;Amalfi; les notes de c\u0153ur sont Jasmin, Fleur d&#8217;oranger d&#8217;Afrique et Gard\u00e9nia; les notes de fond sont Miel blanc, Patchouli et Ambre.<\/p>\n<p><img fetchpriority=\"high\" decoding=\"async\" class=\"alignnone size-medium wp-image-5804\" src=\"http:\/\/deeva.website\/wp-content\/uploads\/2025\/04\/Lady2-271x300.png\" alt=\"\" width=\"271\" height=\"300\" srcset=\"https:\/\/deeva.website\/wp-content\/uploads\/2025\/04\/Lady2-271x300.png 271w, https:\/\/deeva.website\/wp-content\/uploads\/2025\/04\/Lady2.png 367w\" sizes=\"(max-width: 271px) 100vw, 271px\" \/><img decoding=\"async\" class=\"alignnone size-medium wp-image-5802\" src=\"http:\/\/deeva.website\/wp-content\/uploads\/2025\/04\/Lady1-226x300.png\" alt=\"\" width=\"226\" height=\"300\" srcset=\"https:\/\/deeva.website\/wp-content\/uploads\/2025\/04\/Lady1-226x300.png 226w, https:\/\/deeva.website\/wp-content\/uploads\/2025\/04\/Lady1.png 331w\" sizes=\"(max-width: 226px) 100vw, 226px\" \/><\/p>\n","protected":false},"excerpt":{"rendered":"<p><strong>Lady Million 80ml<\/strong> de <em>Paco Rabanne<\/em> est un\u00a0<strong>parfum identique \u00e0 l\u2019original<\/strong>, m\u00eame senteurs, packaging et flacon.<\/p>\n<p>C&#8217;est un eau de parfum Floral fruit\u00e9 pour femme.<\/p>\n<p>Les notes de t\u00eate sont Framboise, N\u00e9roli et Limone Costa d&#8217;Amalfi; les notes de c\u0153ur sont Jasmin, Fleur d&#8217;oranger d&#8217;Afrique et Gard\u00e9nia; les notes de fond sont Miel blanc, Patchouli et Ambre.<\/p>\n<p><img fetchpriority=\"high\" decoding=\"async\" class=\"alignnone size-medium wp-image-5804\" src=\"http:\/\/deeva.website\/wp-content\/uploads\/2025\/04\/Lady2-271x300.png\" alt=\"\" width=\"271\" height=\"300\" srcset=\"https:\/\/deeva.website\/wp-content\/uploads\/2025\/04\/Lady2-271x300.png 271w, https:\/\/deeva.website\/wp-content\/uploads\/2025\/04\/Lady2.png 367w\" sizes=\"(max-width: 271px) 100vw, 271px\" \/><img decoding=\"async\" class=\"alignnone size-medium wp-image-5802\" src=\"http:\/\/deeva.website\/wp-content\/uploads\/2025\/04\/Lady1-226x300.png\" alt=\"\" width=\"226\" height=\"300\" srcset=\"https:\/\/deeva.website\/wp-content\/uploads\/2025\/04\/Lady1-226x300.png 226w, https:\/\/deeva.website\/wp-content\/uploads\/2025\/04\/Lady1.png 331w\" sizes=\"(max-width: 226px) 100vw, 226px\" \/><\/p>\n","protected":false},"featured_media":5810,"comment_status":"open","ping_status":"closed","template":"","meta":[],"product_cat":[81],"product_tag":[],"_links":{"self":[{"href":"https:\/\/deeva.website\/fr-tn\/wp-json\/wp\/v2\/product\/5801"}],"collection":[{"href":"https:\/\/deeva.website\/fr-tn\/wp-json\/wp\/v2\/product"}],"about":[{"href":"https:\/\/deeva.website\/fr-tn\/wp-json\/wp\/v2\/types\/product"}],"replies":[{"embeddable":true,"href":"https:\/\/deeva.website\/fr-tn\/wp-json\/wp\/v2\/comments?post=5801"}],"version-history":[{"count":1,"href":"https:\/\/deeva.website\/fr-tn\/wp-json\/wp\/v2\/product\/5801\/revisions"}],"predecessor-version":[{"id":5812,"href":"https:\/\/deeva.website\/fr-tn\/wp-json\/wp\/v2\/product\/5801\/revisions\/5812"}],"wp:featuredmedia":[{"embeddable":true,"href":"https:\/\/deeva.website\/fr-tn\/wp-json\/wp\/v2\/media\/5810"}],"wp:attachment":[{"href":"https:\/\/deeva.website\/fr-tn\/wp-json\/wp\/v2\/media?parent=5801"}],"wp:term":[{"taxonomy":"product_cat","embeddable":true,"href":"https:\/\/deeva.website\/fr-tn\/wp-json\/wp\/v2\/product_cat?post=5801"},{"taxonomy":"product_tag","embeddable":true,"href":"https:\/\/deeva.website\/fr-tn\/wp-json\/wp\/v2\/product_tag?post=5801"}],"curies":[{"name":"wp","href":"https:\/\/api.w.org\/{rel}","templated":true}]}}