{"id":5781,"date":"2025-04-29T23:03:22","date_gmt":"2025-04-29T21:03:22","guid":{"rendered":"https:\/\/deeva.website\/?post_type=product&#038;p=5781"},"modified":"2025-11-12T10:09:15","modified_gmt":"2025-11-12T09:09:15","slug":"versace-crystal-noir","status":"publish","type":"product","link":"https:\/\/deeva.website\/fr-tn\/produit\/versace-crystal-noir\/","title":{"rendered":"Versace Crystal Noir"},"content":{"rendered":"<p><strong>Crystal Noir 90ml<\/strong> de <em>Versace<\/em> est un\u00a0<strong>parfum identique \u00e0 l\u2019original<\/strong>, m\u00eame senteurs, packaging et flacon.<\/p>\n<p>C&#8217;est un eau de parfum Orientale Floral pour femme.<\/p>\n<p>Les notes de t\u00eate sont Poivre, Gingembre et Cardamome; les notes de c\u0153ur sont Noix de Coco, Gard\u00e9nia, Fleur d&#8217;oranger et Pivoine; les notes de fond sont Bois de santal, Musc et Ambre.<\/p>\n<p><img fetchpriority=\"high\" decoding=\"async\" class=\"alignnone size-medium wp-image-5784\" src=\"http:\/\/deeva.website\/wp-content\/uploads\/2025\/04\/versaceNoir2-279x300.jpg\" alt=\"\" width=\"279\" height=\"300\" srcset=\"https:\/\/deeva.website\/wp-content\/uploads\/2025\/04\/versaceNoir2-279x300.jpg 279w, https:\/\/deeva.website\/wp-content\/uploads\/2025\/04\/versaceNoir2.jpg 435w\" sizes=\"(max-width: 279px) 100vw, 279px\" \/> <img decoding=\"async\" class=\"alignnone size-medium wp-image-5788\" src=\"http:\/\/deeva.website\/wp-content\/uploads\/2025\/04\/versaceNoir4-226x300.png\" alt=\"\" width=\"226\" height=\"300\" srcset=\"https:\/\/deeva.website\/wp-content\/uploads\/2025\/04\/versaceNoir4-226x300.png 226w, https:\/\/deeva.website\/wp-content\/uploads\/2025\/04\/versaceNoir4.png 344w\" sizes=\"(max-width: 226px) 100vw, 226px\" \/><\/p>\n","protected":false},"excerpt":{"rendered":"<p><strong>Crystal Noir 90ml<\/strong> de <em>Versace<\/em> est un\u00a0<strong>parfum identique \u00e0 l\u2019original<\/strong>, m\u00eame senteurs, packaging et flacon.<\/p>\n<p>C&#8217;est un eau de parfum Orientale Floral pour femme.<\/p>\n<p>Les notes de t\u00eate sont Poivre, Gingembre et Cardamome; les notes de c\u0153ur sont Noix de Coco, Gard\u00e9nia, Fleur d&#8217;oranger et Pivoine; les notes de fond sont Bois de santal, Musc et Ambre.<\/p>\n<p><img fetchpriority=\"high\" decoding=\"async\" class=\"alignnone size-medium wp-image-5784\" src=\"http:\/\/deeva.website\/wp-content\/uploads\/2025\/04\/versaceNoir2-279x300.jpg\" alt=\"\" width=\"279\" height=\"300\" srcset=\"https:\/\/deeva.website\/wp-content\/uploads\/2025\/04\/versaceNoir2-279x300.jpg 279w, https:\/\/deeva.website\/wp-content\/uploads\/2025\/04\/versaceNoir2.jpg 435w\" sizes=\"(max-width: 279px) 100vw, 279px\" \/> <img decoding=\"async\" class=\"alignnone size-medium wp-image-5788\" src=\"http:\/\/deeva.website\/wp-content\/uploads\/2025\/04\/versaceNoir4-226x300.png\" alt=\"\" width=\"226\" height=\"300\" srcset=\"https:\/\/deeva.website\/wp-content\/uploads\/2025\/04\/versaceNoir4-226x300.png 226w, https:\/\/deeva.website\/wp-content\/uploads\/2025\/04\/versaceNoir4.png 344w\" sizes=\"(max-width: 226px) 100vw, 226px\" \/><\/p>\n","protected":false},"featured_media":5786,"comment_status":"open","ping_status":"closed","template":"","meta":[],"product_cat":[81],"product_tag":[],"_links":{"self":[{"href":"https:\/\/deeva.website\/fr-tn\/wp-json\/wp\/v2\/product\/5781"}],"collection":[{"href":"https:\/\/deeva.website\/fr-tn\/wp-json\/wp\/v2\/product"}],"about":[{"href":"https:\/\/deeva.website\/fr-tn\/wp-json\/wp\/v2\/types\/product"}],"replies":[{"embeddable":true,"href":"https:\/\/deeva.website\/fr-tn\/wp-json\/wp\/v2\/comments?post=5781"}],"version-history":[{"count":1,"href":"https:\/\/deeva.website\/fr-tn\/wp-json\/wp\/v2\/product\/5781\/revisions"}],"predecessor-version":[{"id":5790,"href":"https:\/\/deeva.website\/fr-tn\/wp-json\/wp\/v2\/product\/5781\/revisions\/5790"}],"wp:featuredmedia":[{"embeddable":true,"href":"https:\/\/deeva.website\/fr-tn\/wp-json\/wp\/v2\/media\/5786"}],"wp:attachment":[{"href":"https:\/\/deeva.website\/fr-tn\/wp-json\/wp\/v2\/media?parent=5781"}],"wp:term":[{"taxonomy":"product_cat","embeddable":true,"href":"https:\/\/deeva.website\/fr-tn\/wp-json\/wp\/v2\/product_cat?post=5781"},{"taxonomy":"product_tag","embeddable":true,"href":"https:\/\/deeva.website\/fr-tn\/wp-json\/wp\/v2\/product_tag?post=5781"}],"curies":[{"name":"wp","href":"https:\/\/api.w.org\/{rel}","templated":true}]}}