{"id":5771,"date":"2025-04-29T22:55:45","date_gmt":"2025-04-29T20:55:45","guid":{"rendered":"https:\/\/deeva.website\/?post_type=product&#038;p=5771"},"modified":"2025-04-29T22:55:46","modified_gmt":"2025-04-29T20:55:46","slug":"carolina-herrera-very-good-girl","status":"publish","type":"product","link":"https:\/\/deeva.website\/fr-tn\/produit\/carolina-herrera-very-good-girl\/","title":{"rendered":"Carolina Herrera Very Good Girl"},"content":{"rendered":"<p><strong>Very Good Girl 80ml<\/strong> de <em>Carolina Herrera<\/em> est un\u00a0<strong>parfum identique \u00e0 l\u2019original<\/strong>, m\u00eame senteurs, packaging et flacon.<\/p>\n<p>C&#8217;est un eau de parfum Floral fruit\u00e9 pour femme.<\/p>\n<p>Les notes de t\u00eate sont Litchi et Groseille \u00e0 grappes; la note de c\u0153ur est Rose; les notes de fond sont Vanille et V\u00e9tiver.<\/p>\n<p><img fetchpriority=\"high\" decoding=\"async\" class=\"alignnone size-medium wp-image-5772\" src=\"http:\/\/deeva.website\/wp-content\/uploads\/2025\/04\/veryGood1-263x300.png\" alt=\"\" width=\"263\" height=\"300\" srcset=\"https:\/\/deeva.website\/wp-content\/uploads\/2025\/04\/veryGood1-263x300.png 263w, https:\/\/deeva.website\/wp-content\/uploads\/2025\/04\/veryGood1.png 368w\" sizes=\"(max-width: 263px) 100vw, 263px\" \/> <img decoding=\"async\" class=\"alignnone size-full wp-image-5778\" src=\"http:\/\/deeva.website\/wp-content\/uploads\/2025\/04\/veryGood4.jpg\" alt=\"\" width=\"201\" height=\"251\" \/><\/p>\n","protected":false},"excerpt":{"rendered":"<p><strong>Very Good Girl 80ml<\/strong> de <em>Carolina Herrera<\/em> est un\u00a0<strong>parfum identique \u00e0 l\u2019original<\/strong>, m\u00eame senteurs, packaging et flacon.<\/p>\n<p>C&#8217;est un eau de parfum Floral fruit\u00e9 pour femme.<\/p>\n<p>Les notes de t\u00eate sont Litchi et Groseille \u00e0 grappes; la note de c\u0153ur est Rose; les notes de fond sont Vanille et V\u00e9tiver.<\/p>\n<p><img fetchpriority=\"high\" decoding=\"async\" class=\"alignnone size-medium wp-image-5772\" src=\"http:\/\/deeva.website\/wp-content\/uploads\/2025\/04\/veryGood1-263x300.png\" alt=\"\" width=\"263\" height=\"300\" srcset=\"https:\/\/deeva.website\/wp-content\/uploads\/2025\/04\/veryGood1-263x300.png 263w, https:\/\/deeva.website\/wp-content\/uploads\/2025\/04\/veryGood1.png 368w\" sizes=\"(max-width: 263px) 100vw, 263px\" \/> <img decoding=\"async\" class=\"alignnone size-full wp-image-5778\" src=\"http:\/\/deeva.website\/wp-content\/uploads\/2025\/04\/veryGood4.jpg\" alt=\"\" width=\"201\" height=\"251\" \/><\/p>\n","protected":false},"featured_media":5776,"comment_status":"open","ping_status":"closed","template":"","meta":[],"product_cat":[81],"product_tag":[],"_links":{"self":[{"href":"https:\/\/deeva.website\/fr-tn\/wp-json\/wp\/v2\/product\/5771"}],"collection":[{"href":"https:\/\/deeva.website\/fr-tn\/wp-json\/wp\/v2\/product"}],"about":[{"href":"https:\/\/deeva.website\/fr-tn\/wp-json\/wp\/v2\/types\/product"}],"replies":[{"embeddable":true,"href":"https:\/\/deeva.website\/fr-tn\/wp-json\/wp\/v2\/comments?post=5771"}],"version-history":[{"count":1,"href":"https:\/\/deeva.website\/fr-tn\/wp-json\/wp\/v2\/product\/5771\/revisions"}],"predecessor-version":[{"id":5780,"href":"https:\/\/deeva.website\/fr-tn\/wp-json\/wp\/v2\/product\/5771\/revisions\/5780"}],"wp:featuredmedia":[{"embeddable":true,"href":"https:\/\/deeva.website\/fr-tn\/wp-json\/wp\/v2\/media\/5776"}],"wp:attachment":[{"href":"https:\/\/deeva.website\/fr-tn\/wp-json\/wp\/v2\/media?parent=5771"}],"wp:term":[{"taxonomy":"product_cat","embeddable":true,"href":"https:\/\/deeva.website\/fr-tn\/wp-json\/wp\/v2\/product_cat?post=5771"},{"taxonomy":"product_tag","embeddable":true,"href":"https:\/\/deeva.website\/fr-tn\/wp-json\/wp\/v2\/product_tag?post=5771"}],"curies":[{"name":"wp","href":"https:\/\/api.w.org\/{rel}","templated":true}]}}