{"id":5763,"date":"2025-04-29T22:49:00","date_gmt":"2025-04-29T20:49:00","guid":{"rendered":"https:\/\/deeva.website\/?post_type=product&#038;p=5763"},"modified":"2025-04-29T22:49:00","modified_gmt":"2025-04-29T20:49:00","slug":"hugo-boss-boss-the-scent","status":"publish","type":"product","link":"https:\/\/deeva.website\/fr-tn\/produit\/hugo-boss-boss-the-scent\/","title":{"rendered":"Hugo Boss Boss The Scent"},"content":{"rendered":"<p><strong>Boss The Scent 100ml<\/strong> de <em>Hugo Boss<\/em> est un\u00a0<strong>parfum identique \u00e0 l\u2019original<\/strong>, m\u00eame senteurs, packaging et flacon.<\/p>\n<p>C&#8217;est un eau de toilette Aromatique \u00c9pic\u00e9 pour homme.<\/p>\n<p>Les notes de t\u00eate sont Gingembre, Mandarine et Bergamote; les notes de c\u0153ur sont Maninka et Lavande; les notes de fond sont Cuir et Notes bois\u00e9es.<\/p>\n<p><img decoding=\"async\" class=\"alignnone size-medium wp-image-5764\" src=\"http:\/\/deeva.website\/wp-content\/uploads\/2025\/04\/BossScent1-166x300.png\" alt=\"\" width=\"166\" height=\"300\" srcset=\"https:\/\/deeva.website\/wp-content\/uploads\/2025\/04\/BossScent1-166x300.png 166w, https:\/\/deeva.website\/wp-content\/uploads\/2025\/04\/BossScent1.png 277w\" sizes=\"(max-width: 166px) 100vw, 166px\" \/> <img fetchpriority=\"high\" decoding=\"async\" class=\"alignnone size-medium wp-image-5766\" src=\"http:\/\/deeva.website\/wp-content\/uploads\/2025\/04\/BossScent2-243x300.png\" alt=\"\" width=\"243\" height=\"300\" srcset=\"https:\/\/deeva.website\/wp-content\/uploads\/2025\/04\/BossScent2-243x300.png 243w, https:\/\/deeva.website\/wp-content\/uploads\/2025\/04\/BossScent2.png 359w\" sizes=\"(max-width: 243px) 100vw, 243px\" \/><\/p>\n","protected":false},"excerpt":{"rendered":"<p><strong>Boss The Scent 100ml<\/strong> de <em>Hugo Boss<\/em> est un\u00a0<strong>parfum identique \u00e0 l\u2019original<\/strong>, m\u00eame senteurs, packaging et flacon.<\/p>\n<p>C&#8217;est un eau de toilette Aromatique \u00c9pic\u00e9 pour homme.<\/p>\n<p>Les notes de t\u00eate sont Gingembre, Mandarine et Bergamote; les notes de c\u0153ur sont Maninka et Lavande; les notes de fond sont Cuir et Notes bois\u00e9es.<\/p>\n<p><img decoding=\"async\" class=\"alignnone size-medium wp-image-5764\" src=\"http:\/\/deeva.website\/wp-content\/uploads\/2025\/04\/BossScent1-166x300.png\" alt=\"\" width=\"166\" height=\"300\" srcset=\"https:\/\/deeva.website\/wp-content\/uploads\/2025\/04\/BossScent1-166x300.png 166w, https:\/\/deeva.website\/wp-content\/uploads\/2025\/04\/BossScent1.png 277w\" sizes=\"(max-width: 166px) 100vw, 166px\" \/> <img fetchpriority=\"high\" decoding=\"async\" class=\"alignnone size-medium wp-image-5766\" src=\"http:\/\/deeva.website\/wp-content\/uploads\/2025\/04\/BossScent2-243x300.png\" alt=\"\" width=\"243\" height=\"300\" srcset=\"https:\/\/deeva.website\/wp-content\/uploads\/2025\/04\/BossScent2-243x300.png 243w, https:\/\/deeva.website\/wp-content\/uploads\/2025\/04\/BossScent2.png 359w\" sizes=\"(max-width: 243px) 100vw, 243px\" \/><\/p>\n","protected":false},"featured_media":5768,"comment_status":"open","ping_status":"closed","template":"","meta":[],"product_cat":[87],"product_tag":[],"_links":{"self":[{"href":"https:\/\/deeva.website\/fr-tn\/wp-json\/wp\/v2\/product\/5763"}],"collection":[{"href":"https:\/\/deeva.website\/fr-tn\/wp-json\/wp\/v2\/product"}],"about":[{"href":"https:\/\/deeva.website\/fr-tn\/wp-json\/wp\/v2\/types\/product"}],"replies":[{"embeddable":true,"href":"https:\/\/deeva.website\/fr-tn\/wp-json\/wp\/v2\/comments?post=5763"}],"version-history":[{"count":1,"href":"https:\/\/deeva.website\/fr-tn\/wp-json\/wp\/v2\/product\/5763\/revisions"}],"predecessor-version":[{"id":5770,"href":"https:\/\/deeva.website\/fr-tn\/wp-json\/wp\/v2\/product\/5763\/revisions\/5770"}],"wp:featuredmedia":[{"embeddable":true,"href":"https:\/\/deeva.website\/fr-tn\/wp-json\/wp\/v2\/media\/5768"}],"wp:attachment":[{"href":"https:\/\/deeva.website\/fr-tn\/wp-json\/wp\/v2\/media?parent=5763"}],"wp:term":[{"taxonomy":"product_cat","embeddable":true,"href":"https:\/\/deeva.website\/fr-tn\/wp-json\/wp\/v2\/product_cat?post=5763"},{"taxonomy":"product_tag","embeddable":true,"href":"https:\/\/deeva.website\/fr-tn\/wp-json\/wp\/v2\/product_tag?post=5763"}],"curies":[{"name":"wp","href":"https:\/\/api.w.org\/{rel}","templated":true}]}}